{"id":2401,"date":"2013-02-27T20:03:32","date_gmt":"2013-02-27T20:03:32","guid":{"rendered":"http:\/\/esystem.sk\/clients\/fontionnel.sk\/?page_id=2401"},"modified":"2016-01-28T18:23:43","modified_gmt":"2016-01-28T16:23:43","slug":"vedenie-uctovnictva","status":"publish","type":"page","link":"https:\/\/www.fontionnel.sk\/cz\/ucetni-sluzby\/","title":{"rendered":"\u00da\u010detn\u00ed slu\u017eby"},"content":{"rendered":"<p class=\"qtranxs-available-languages-message qtranxs-available-languages-message-cz\">p\u0159eklad nen\u00ed k dispozici<\/p>","protected":false},"excerpt":{"rendered":"<p>p\u0159eklad nen\u00ed k dispozici<\/p>\n","protected":false},"author":2,"featured_media":0,"parent":0,"menu_order":0,"comment_status":"closed","ping_status":"closed","template":"","meta":{"footnotes":""},"class_list":["post-2401","page","type-page","status-publish","hentry"],"aioseo_notices":[],"_links":{"self":[{"href":"https:\/\/www.fontionnel.sk\/cz\/wp-json\/wp\/v2\/pages\/2401","targetHints":{"allow":["GET"]}}],"collection":[{"href":"https:\/\/www.fontionnel.sk\/cz\/wp-json\/wp\/v2\/pages"}],"about":[{"href":"https:\/\/www.fontionnel.sk\/cz\/wp-json\/wp\/v2\/types\/page"}],"author":[{"embeddable":true,"href":"https:\/\/www.fontionnel.sk\/cz\/wp-json\/wp\/v2\/users\/2"}],"replies":[{"embeddable":true,"href":"https:\/\/www.fontionnel.sk\/cz\/wp-json\/wp\/v2\/comments?post=2401"}],"version-history":[{"count":15,"href":"https:\/\/www.fontionnel.sk\/cz\/wp-json\/wp\/v2\/pages\/2401\/revisions"}],"predecessor-version":[{"id":2407,"href":"https:\/\/www.fontionnel.sk\/cz\/wp-json\/wp\/v2\/pages\/2401\/revisions\/2407"}],"wp:attachment":[{"href":"https:\/\/www.fontionnel.sk\/cz\/wp-json\/wp\/v2\/media?parent=2401"}],"curies":[{"name":"wp","href":"https:\/\/api.w.org\/{rel}","templated":true}]}}