{"id":26,"date":"2011-05-24T13:19:49","date_gmt":"2011-05-24T13:19:49","guid":{"rendered":"http:\/\/www.fontionnel.sk\/?page_id=26"},"modified":"2016-01-28T18:31:11","modified_gmt":"2016-01-28T16:31:11","slug":"zahranicne-spolocnosti","status":"publish","type":"page","link":"https:\/\/www.fontionnel.sk\/cz\/zahranicni-spolecnosti\/","title":{"rendered":"Zahrani\u010dn\u00ed spole\u010dnosti"},"content":{"rendered":"<p class=\"qtranxs-available-languages-message qtranxs-available-languages-message-cz\">p\u0159eklad nen\u00ed k dispozici<\/p>","protected":false},"excerpt":{"rendered":"<p>p\u0159eklad nen\u00ed k dispozici<\/p>\n","protected":false},"author":2,"featured_media":0,"parent":0,"menu_order":0,"comment_status":"closed","ping_status":"closed","template":"","meta":{"footnotes":""},"class_list":["post-26","page","type-page","status-publish","hentry"],"aioseo_notices":[],"_links":{"self":[{"href":"https:\/\/www.fontionnel.sk\/cz\/wp-json\/wp\/v2\/pages\/26","targetHints":{"allow":["GET"]}}],"collection":[{"href":"https:\/\/www.fontionnel.sk\/cz\/wp-json\/wp\/v2\/pages"}],"about":[{"href":"https:\/\/www.fontionnel.sk\/cz\/wp-json\/wp\/v2\/types\/page"}],"author":[{"embeddable":true,"href":"https:\/\/www.fontionnel.sk\/cz\/wp-json\/wp\/v2\/users\/2"}],"replies":[{"embeddable":true,"href":"https:\/\/www.fontionnel.sk\/cz\/wp-json\/wp\/v2\/comments?post=26"}],"version-history":[{"count":26,"href":"https:\/\/www.fontionnel.sk\/cz\/wp-json\/wp\/v2\/pages\/26\/revisions"}],"predecessor-version":[{"id":5813,"href":"https:\/\/www.fontionnel.sk\/cz\/wp-json\/wp\/v2\/pages\/26\/revisions\/5813"}],"wp:attachment":[{"href":"https:\/\/www.fontionnel.sk\/cz\/wp-json\/wp\/v2\/media?parent=26"}],"curies":[{"name":"wp","href":"https:\/\/api.w.org\/{rel}","templated":true}]}}