{"id":272,"date":"2011-06-30T19:36:47","date_gmt":"2011-06-30T19:36:47","guid":{"rendered":"http:\/\/www.fontionnel.sk\/?page_id=272"},"modified":"2016-07-16T22:45:22","modified_gmt":"2016-07-16T20:45:22","slug":"office-centrum","status":"publish","type":"page","link":"https:\/\/www.fontionnel.sk\/cz\/office-centrum\/","title":{"rendered":"Office centrum"},"content":{"rendered":"<p><strong>Office centrum<\/strong> p\u0159edstavuje ide\u00e1ln\u00ed kombinaci exkluzivn\u00ed adresy s\u00eddla pro podnik\u00e1n\u00ed , optimalizace provozn\u00edch , person\u00e1ln\u00edch n\u00e1klad\u016f a komfortu vlastn\u00ed kancel\u00e1\u0159e .<\/p>\n<h2>Z\u00e1kladn\u00ed slu\u017eby Office centra<\/h2>\n<div>\n<ul class=\"card-list\">\n<li>p\u0159\u00edjem , \u00faschova a dos\u00edlku po\u0161ty;<\/li>\n<li>notifikace o p\u0159ijat\u00e9 po\u0161t\u011b , telefonick\u00fdch a faxov\u00fdch hovorech prost\u0159ednictv\u00edm e &#8211; mailu, sms nebo telefonicky;<\/li>\n<li>asistentsk\u00e9 a sekret\u00e1\u0159sk\u00e9 pr\u00e1ce;<\/li>\n<li>slu\u017eby v oblasti ekonomick\u00e9ho , da\u0148ov\u00e9ho poradenstv\u00ed;<\/li>\n<li>pron\u00e1jem zasedac\u00edch prostor s ob\u010derstven\u00edm;<\/li>\n<li>registrace a spr\u00e1va dom\u00e9ny s vlastn\u00ed e &#8211; mailovou adresou;<\/li>\n<li>zas\u00edl\u00e1n\u00ed e &#8211; mail\u016f na jinou e &#8211; mailovou adresu;<\/li>\n<li>webhosting;<\/li>\n<li>p\u0159ihla\u0161ov\u00e1n\u00ed vozidel v SR;<\/li>\n<li>a mnoho dal\u0161\u00edch.<\/li>\n<\/ul>\n<p><\/div><\/p>","protected":false},"excerpt":{"rendered":"<p>Office centrum p\u0159edstavuje ide\u00e1ln\u00ed kombinaci exkluzivn\u00ed adresy s\u00eddla pro podnik\u00e1n\u00ed , optimalizace provozn\u00edch , person\u00e1ln\u00edch n\u00e1klad\u016f a komfortu vlastn\u00ed kancel\u00e1\u0159e&#8230;<\/p>\n","protected":false},"author":2,"featured_media":7729,"parent":0,"menu_order":0,"comment_status":"closed","ping_status":"closed","template":"sluzby.php","meta":{"footnotes":""},"class_list":["post-272","page","type-page","status-publish","has-post-thumbnail","hentry"],"aioseo_notices":[],"_links":{"self":[{"href":"https:\/\/www.fontionnel.sk\/cz\/wp-json\/wp\/v2\/pages\/272","targetHints":{"allow":["GET"]}}],"collection":[{"href":"https:\/\/www.fontionnel.sk\/cz\/wp-json\/wp\/v2\/pages"}],"about":[{"href":"https:\/\/www.fontionnel.sk\/cz\/wp-json\/wp\/v2\/types\/page"}],"author":[{"embeddable":true,"href":"https:\/\/www.fontionnel.sk\/cz\/wp-json\/wp\/v2\/users\/2"}],"replies":[{"embeddable":true,"href":"https:\/\/www.fontionnel.sk\/cz\/wp-json\/wp\/v2\/comments?post=272"}],"version-history":[{"count":2,"href":"https:\/\/www.fontionnel.sk\/cz\/wp-json\/wp\/v2\/pages\/272\/revisions"}],"predecessor-version":[{"id":9257,"href":"https:\/\/www.fontionnel.sk\/cz\/wp-json\/wp\/v2\/pages\/272\/revisions\/9257"}],"wp:featuredmedia":[{"embeddable":true,"href":"https:\/\/www.fontionnel.sk\/cz\/wp-json\/wp\/v2\/media\/7729"}],"wp:attachment":[{"href":"https:\/\/www.fontionnel.sk\/cz\/wp-json\/wp\/v2\/media?parent=272"}],"curies":[{"name":"wp","href":"https:\/\/api.w.org\/{rel}","templated":true}]}}