{"id":3339,"date":"2013-07-07T16:16:38","date_gmt":"2013-07-07T16:16:38","guid":{"rendered":"http:\/\/www.fontionnel.sk\/?page_id=3339"},"modified":"2016-07-16T22:47:23","modified_gmt":"2016-07-16T20:47:23","slug":"registracia-pre-dan-z-pridanej-hodnoty-dph","status":"publish","type":"page","link":"https:\/\/www.fontionnel.sk\/cz\/registrace-pro-dan-z-pridane-hodnoty-dph\/","title":{"rendered":"Registrace pro da\u0148 z p\u0159idan\u00e9 hodnoty &#8211; DPH"},"content":{"rendered":"<p><\/p>\n<h2>Registrace pro da\u0148 z p\u0159idan\u00e9 hodnoty \u2013 DPH<\/h2>\n<p>V p\u0159\u00edpad\u011b, \u017ee Va\u0161e podnikatelsk\u00e9 aktivity sm\u011b\u0159uj\u00ed do zahrani\u010d\u00ed, nebo si jednodu\u0161e Va\u0161i partne\u0159i podmi\u0148uj\u00ed vz\u00e1jemnou spolupr\u00e1ci registrac\u00ed pro DPH, je mo\u017en\u00e9 tento probl\u00e9m vy\u0159e\u0161it pod\u00e1n\u00edm \u017e\u00e1dosti o dobrovoln\u00e9 pl\u00e1tcovstv\u00ed DPH. Sou\u010dasn\u00e1 legislativn\u00ed situace v \u010cR tento \u00fakon st\u011b\u017euje mo\u017enost\u00ed vym\u011b\u0159en\u00ed jistoty nebo \u00fapln\u00fdm zam\u00edtnut\u00edm \u017e\u00e1dosti o zaregistrov\u00e1n\u00ed pro DPH. Ve spolupr\u00e1ci s na\u0161\u00ed spole\u010dnost\u00ed, je mo\u017en\u00e9 tento probl\u00e9m vy\u0159e\u0161it slu\u017ebou, jej\u00edm\u017e v\u00fdsledkem je \u00fasp\u011b\u0161n\u00e1 registrace klienta pro da\u0148 z p\u0159idan\u00e9 hodnoty a v dan\u00e9m p\u0159\u00edpad\u011b co mo\u017en\u00e1 nejni\u017e\u0161\u00ed mo\u017en\u00e1 jistota. Slu\u017eby registrace pro da\u0148 z p\u0159idan\u00e9 hodnoty prov\u00e1d\u00edme na m\u00edru va\u0161emu podnik\u00e1n\u00ed, tak aby do\u0161lo ke kladn\u00e9mu vy\u0159\u00edzen\u00ed. Podnikatelsk\u00e9 poradenstv\u00ed krom\u011b odborn\u00fdch konzultac\u00ed zahrnuje i kompletn\u00ed proveden\u00ed pot\u0159ebn\u00fdch podklad\u016f. Za cenu 240 EUR, pom\u00e1h\u00e1me klientovi v nejvy\u0161\u0161\u00ed mo\u017en\u00e9 m\u00ed\u0159e zjednodu\u0161it tento n\u00e1ro\u010dn\u00fd byrokratick\u00fd \u00fakon a sou\u010dasn\u011b se pokusit u\u0161et\u0159it v\u00e1zan\u00e9 finan\u010dn\u00ed prost\u0159edky ve form\u011b jistoty.<\/p>\n<h3>Jednotliv\u00e9 f\u00e1ze registrace DPH:<\/h3>\n<div><\/p>\n<ul class=\"card-list\">\n<li>Odborn\u00e9 podnikatelsk\u00e9 poradenstv\u00ed, kter\u00e9 zahrnuje \u00favodn\u00ed konzultaci, t\u00fdkaj\u00edc\u00ed se Va\u0161eho podnik\u00e1n\u00ed a n\u00e1sledn\u00e9ho stanoven\u00ed vhodn\u00e9ho postupu p\u0159i registraci DPH.<\/li>\n<li>Proveden\u00ed \u017e\u00e1dosti, dotazn\u00edk\u016f, podnikatelsk\u00e9ho z\u00e1m\u011bru a ostatn\u00edch p\u0159\u00edloh, kter\u00e9 jsou podm\u00ednkou \u00fasp\u011b\u0161n\u00e9 registrace a z\u00e1rove\u0148 cestou k ni\u017e\u0161\u00ed v\u00fd\u0161i mo\u017en\u00e9 jistoty ze strany Finan\u010dn\u00edho \u00fa\u0159adu.<\/li>\n<li>Odesl\u00e1n\u00ed \u017e\u00e1dosti a p\u0159\u00edpadn\u00e1 konzultace s p\u0159\u00edslu\u0161n\u00fdm da\u0148ov\u00fdm \u00fa\u0159adem jm\u00e9nem klienta, na jej\u00edm\u017e z\u00e1klad\u011b na\u0161i pracovn\u00edci dohodnou mo\u017en\u00fd term\u00edn m\u00edstn\u00edho \u0161et\u0159en\u00ed, kter\u00e9 si da\u0148ov\u00fd \u00fa\u0159ad v n\u011bkter\u00fdch p\u0159\u00edpadech vyhrazuje prov\u00e9st.<\/li>\n<li>Vy\u0159\u00edzen\u00ed \u017e\u00e1dosti ze strany Finan\u010dn\u00edho \u00fa\u0159adu, vym\u011b\u0159ov\u00e1n\u00ed nebo dosud nestanoven\u00e9 jistoty, n\u00e1sledn\u011b p\u0159evzet\u00ed osv\u011bd\u010den\u00ed o registraci pro pl\u00e1tce dan\u011b z p\u0159idan\u00e9 hodnoty.<\/li>\n<\/ul>\n<p><\/div>\n<h3>V cen\u011b jsou zahrnuty<\/h3>\n<div><\/p>\n<ul class=\"card-list\">\n<li>\u00davodn\u00ed konzultace o mo\u017en\u00fdch variant\u00e1ch registrace DPH, odborn\u00e9 podnikatelsk\u00e9 poradenstv\u00ed.<\/li>\n<li>Mo\u017en\u00e1 komunikace ve v\u011bci vy\u0159\u00edzen\u00ed \u017e\u00e1dosti s p\u0159\u00edslu\u0161n\u00fdm da\u0148ov\u00fdm \u00fa\u0159adem SR na z\u00e1klad\u011b zmocn\u011bn\u00ed od klienta.<\/li>\n<li>Proveden\u00ed \u017e\u00e1dosti, dotazn\u00edku, podnikatelsk\u00e9ho z\u00e1m\u011bru a p\u0159\u00edloh pot\u0159ebn\u00fdch pro z\u00edsk\u00e1n\u00ed registrace, zasl\u00e1n\u00ed \u017e\u00e1dosti na p\u0159\u00edslu\u0161n\u00fd Finan\u010dn\u00ed \u00fa\u0159ad.<\/li>\n<\/ul>\n<p><\/div>\n<p><strong>V\u00edce o registraci pro da\u0148 z p\u0159idan\u00e9 hodnoty naleznete v \u010dl\u00e1nku:<\/strong><\/p>\n<p>Registrace za osobu povinnou k dani z p\u0159idan\u00e9 hodnoty &#8211; DPH, nebo jak se zaregistrovat za pl\u00e1tce DPH rychle a efektivn\u011b.<\/p>","protected":false},"excerpt":{"rendered":"<p>Registrace pro da\u0148 z p\u0159idan\u00e9 hodnoty \u2013 DPH V p\u0159\u00edpad\u011b, \u017ee Va\u0161e podnikatelsk\u00e9 aktivity sm\u011b\u0159uj\u00ed do zahrani\u010d\u00ed, nebo si jednodu\u0161e&#8230;<\/p>\n","protected":false},"author":2,"featured_media":7736,"parent":0,"menu_order":0,"comment_status":"closed","ping_status":"closed","template":"sluzby.php","meta":{"footnotes":""},"class_list":["post-3339","page","type-page","status-publish","has-post-thumbnail","hentry"],"aioseo_notices":[],"_links":{"self":[{"href":"https:\/\/www.fontionnel.sk\/cz\/wp-json\/wp\/v2\/pages\/3339","targetHints":{"allow":["GET"]}}],"collection":[{"href":"https:\/\/www.fontionnel.sk\/cz\/wp-json\/wp\/v2\/pages"}],"about":[{"href":"https:\/\/www.fontionnel.sk\/cz\/wp-json\/wp\/v2\/types\/page"}],"author":[{"embeddable":true,"href":"https:\/\/www.fontionnel.sk\/cz\/wp-json\/wp\/v2\/users\/2"}],"replies":[{"embeddable":true,"href":"https:\/\/www.fontionnel.sk\/cz\/wp-json\/wp\/v2\/comments?post=3339"}],"version-history":[{"count":33,"href":"https:\/\/www.fontionnel.sk\/cz\/wp-json\/wp\/v2\/pages\/3339\/revisions"}],"predecessor-version":[{"id":8779,"href":"https:\/\/www.fontionnel.sk\/cz\/wp-json\/wp\/v2\/pages\/3339\/revisions\/8779"}],"wp:featuredmedia":[{"embeddable":true,"href":"https:\/\/www.fontionnel.sk\/cz\/wp-json\/wp\/v2\/media\/7736"}],"wp:attachment":[{"href":"https:\/\/www.fontionnel.sk\/cz\/wp-json\/wp\/v2\/media?parent=3339"}],"curies":[{"name":"wp","href":"https:\/\/api.w.org\/{rel}","templated":true}]}}