{"id":339,"date":"2011-07-03T12:55:09","date_gmt":"2011-07-03T12:55:09","guid":{"rendered":"http:\/\/www.fontionnel.sk\/?page_id=339"},"modified":"2016-05-02T23:11:41","modified_gmt":"2016-05-02T21:11:41","slug":"o-spolocnosti-kto-sme","status":"publish","type":"page","link":"https:\/\/www.fontionnel.sk\/cz\/o-spolecnosti\/","title":{"rendered":"Kdo jsme"},"content":{"rendered":"<p>Viz\u00ed spole\u010dnosti Fontionnel bylo ji\u017e od jej\u00edho po\u010d\u00e1tku poskytovat pomocnou ruku mal\u00fdm, st\u0159edn\u00edm ale i v\u011bt\u0161\u00edm podnikatel\u016fm. P\u0159irozen\u00fdm organick\u00fdm r\u016fstem se spole\u010dnost vyformovala na poskytovatele korpor\u00e1tn\u00edch slu\u017eeb na trhu st\u0159edn\u00ed Evropy. Prioritn\u011b na Slovensku, Ma\u010farsku a v \u010cesk\u00e9 republice. Kolektiv spole\u010dnosti Fontionnel &amp; Co dok\u00e1\u017ee sv\u00fdm klient\u016fm pomoci od jednodu\u0161\u0161\u00edch obchodn\u00edch p\u0159\u00edpad\u016f, a\u017e po nejn\u00e1ro\u010dn\u011bj\u0161\u00ed p\u0159eshrani\u010dn\u00ed a transak\u010dn\u00ed struktury. Kl\u00ed\u010dovou z\u00e1sadou je nezbytn\u00e1 d\u00e1vka specializace s d\u016frazem na lok\u00e1ln\u00ed ekonomick\u00e9 a legislativn\u00ed podm\u00ednky. Na p\u016fd\u011b spole\u010dnosti komunikujeme anglick\u00fdm, n\u011bmeck\u00fdm a ma\u010farsk\u00fdm jazykem. \u00da\u010dast\u00ed v mezin\u00e1rodn\u00edch skupin\u00e1ch, investi\u010dn\u00edch f\u00f3rech a z\u00e1jmov\u00fdch sdru\u017een\u00edch, dok\u00e1\u017eeme krom\u011b profesion\u00e1ln\u00edch slu\u017eeb, sd\u00edlet i v\u00fdznamn\u00e9 networkingov\u00fdch p\u0159\u00edle\u017eitosti.<\/p>","protected":false},"excerpt":{"rendered":"<p>Viz\u00ed spole\u010dnosti Fontionnel bylo ji\u017e od jej\u00edho po\u010d\u00e1tku poskytovat pomocnou ruku mal\u00fdm, st\u0159edn\u00edm ale i v\u011bt\u0161\u00edm podnikatel\u016fm. P\u0159irozen\u00fdm organick\u00fdm r\u016fstem&#8230;<\/p>\n","protected":false},"author":2,"featured_media":0,"parent":0,"menu_order":0,"comment_status":"closed","ping_status":"closed","template":"o-spolocnosti.php","meta":{"footnotes":""},"class_list":["post-339","page","type-page","status-publish","hentry"],"aioseo_notices":[],"_links":{"self":[{"href":"https:\/\/www.fontionnel.sk\/cz\/wp-json\/wp\/v2\/pages\/339","targetHints":{"allow":["GET"]}}],"collection":[{"href":"https:\/\/www.fontionnel.sk\/cz\/wp-json\/wp\/v2\/pages"}],"about":[{"href":"https:\/\/www.fontionnel.sk\/cz\/wp-json\/wp\/v2\/types\/page"}],"author":[{"embeddable":true,"href":"https:\/\/www.fontionnel.sk\/cz\/wp-json\/wp\/v2\/users\/2"}],"replies":[{"embeddable":true,"href":"https:\/\/www.fontionnel.sk\/cz\/wp-json\/wp\/v2\/comments?post=339"}],"version-history":[{"count":5,"href":"https:\/\/www.fontionnel.sk\/cz\/wp-json\/wp\/v2\/pages\/339\/revisions"}],"predecessor-version":[{"id":8788,"href":"https:\/\/www.fontionnel.sk\/cz\/wp-json\/wp\/v2\/pages\/339\/revisions\/8788"}],"wp:attachment":[{"href":"https:\/\/www.fontionnel.sk\/cz\/wp-json\/wp\/v2\/media?parent=339"}],"curies":[{"name":"wp","href":"https:\/\/api.w.org\/{rel}","templated":true}]}}