{"id":3420,"date":"2013-07-15T06:59:36","date_gmt":"2013-07-15T06:59:36","guid":{"rendered":"http:\/\/www.fontionnel.sk\/?page_id=3420"},"modified":"2016-06-07T14:12:04","modified_gmt":"2016-06-07T12:12:04","slug":"odkupenie-predaj-spolocnosti-s-r-o","status":"publish","type":"page","link":"https:\/\/www.fontionnel.sk\/cz\/odkup-spolecnosti-sro\/","title":{"rendered":"Odkup spole\u010dnosti &#8211; s.r.o."},"content":{"rendered":"<p><\/p>\n<h2>Odprodej firmy &#8211; s.r.o., a.s.<\/h2>\n<p>Rozhodli jste se ukon\u010dit podnik\u00e1n\u00ed? Odprodej spole\u010dnosti je nejrychlej\u0161\u00edm a cenov\u011b nejv\u00fdhodn\u011bj\u0161\u00edm \u0159e\u0161en\u00edm. P\u0159i prodeji spole\u010dnosti nem\u00e1te t\u00e9m\u011b\u0159 \u017e\u00e1dn\u00e9 n\u00e1klady, pr\u00e1v\u011b naopak realizujete zisk. Nen\u00ed nutn\u00e9 hradit \u017e\u00e1dn\u00e9 poplatky a \u010dekat na zdlouhav\u00fd proces ru\u0161en\u00ed firmy formou likvidace, nebo \u00fapadkov\u00fdm \u0159\u00edzen\u00edm. Podm\u00ednkou na odprodej firmy je, \u017ee va\u0161e sro nem\u016f\u017ee m\u00edt \u017e\u00e1dn\u00e9 z\u00e1vazky, majetek a ani pohled\u00e1vky. Jednodu\u0161e \u0159e\u010deno, mus\u00ed b\u00fdt &#8220;finan\u010dn\u011b zdrav\u00e1&#8221;.<\/p>\n<p>Spole\u010dnost FONTIONNEL zaji\u0161\u0165uje zprost\u0159edkov\u00e1n\u00ed odprodeje obchodn\u00edch spole\u010dnost\u00ed (s.r.o., a.s.) od roku 2010. V Obchodn\u00edm rejst\u0159\u00edku \u010cR jsme provedli v\u00edce ne\u017e 1 000 zm\u011bn &#8211; <a href=\"https:\/\/www.fontionnel.sk\/cz\/reference\/\">reference<\/a>. Odprodej firem realizujeme v Slovensk\u00e9 republice, \u010cesk\u00e9 republice a v Ma\u010farsku.<\/p>\n<h3>Odkup firmy prob\u00edh\u00e1 n\u00e1sledovn\u011b<\/h3>\n<div>\n<ul class=\"card-list\">\n<li><strong>Prod\u00e1vaj\u00edc\u00ed<\/strong> &#8211; po \u00favodn\u00ed konzultaci podep\u00ed\u0161ete zprost\u0159edkovatelskou smlouvu, zhotov\u00edte \u00fa\u010detn\u00ed z\u00e1v\u011brku ke dni p\u0159evodu obchodn\u00edho pod\u00edlu, podep\u00ed\u0161ete dokumenty u not\u00e1\u0159e nebo na obecn\u00edm \u00fa\u0159ad\u011b a zru\u0161\u00edte bankovn\u00ed \u00fa\u010det.<\/li>\n<li><strong>Zprost\u0159edkovatelsk\u00e1 spole\u010dnost FONTIONNEL<\/strong> &#8211; zajist\u00edme \u00fa\u010detn\u00ed a pr\u00e1vn\u00ed anal\u00fdzu spole\u010dnosti, kontrolu \u00fa\u010detn\u00edch z\u00e1v\u011brek, vy\u017e\u00e1d\u00e1me potvrzen\u00ed o bezdlu\u017enosti ze soci\u00e1ln\u00ed poji\u0161\u0165ovny, zdravotn\u00edch poji\u0161\u0165oven a da\u0148ov\u00e9ho \u00fa\u0159adu, vy\u017e\u00e1d\u00e1me potvrzen\u00ed konkurzn\u00edho soudu, zajist\u00edme advok\u00e1ta na p\u0159\u00edpravu listin k p\u0159evodu obchodn\u00edho pod\u00edlu, vy\u017e\u00e1d\u00e1me souhlas spr\u00e1vce dan\u011b, komunikaci s Obchodn\u00edm rejst\u0159\u00edkem , a\u017e po \u00fasp\u011b\u0161n\u00fd z\u00e1pis zm\u011bny majitele firmy.<\/li>\n<\/ul>\n<p><\/div><\/p>","protected":false},"excerpt":{"rendered":"<p>Odprodej firmy &#8211; s.r.o., a.s. Rozhodli jste se ukon\u010dit podnik\u00e1n\u00ed? Odprodej spole\u010dnosti je nejrychlej\u0161\u00edm a cenov\u011b nejv\u00fdhodn\u011bj\u0161\u00edm \u0159e\u0161en\u00edm. P\u0159i prodeji&#8230;<\/p>\n","protected":false},"author":2,"featured_media":7697,"parent":0,"menu_order":0,"comment_status":"closed","ping_status":"closed","template":"sluzby.php","meta":{"footnotes":""},"class_list":["post-3420","page","type-page","status-publish","has-post-thumbnail","hentry"],"aioseo_notices":[],"_links":{"self":[{"href":"https:\/\/www.fontionnel.sk\/cz\/wp-json\/wp\/v2\/pages\/3420","targetHints":{"allow":["GET"]}}],"collection":[{"href":"https:\/\/www.fontionnel.sk\/cz\/wp-json\/wp\/v2\/pages"}],"about":[{"href":"https:\/\/www.fontionnel.sk\/cz\/wp-json\/wp\/v2\/types\/page"}],"author":[{"embeddable":true,"href":"https:\/\/www.fontionnel.sk\/cz\/wp-json\/wp\/v2\/users\/2"}],"replies":[{"embeddable":true,"href":"https:\/\/www.fontionnel.sk\/cz\/wp-json\/wp\/v2\/comments?post=3420"}],"version-history":[{"count":7,"href":"https:\/\/www.fontionnel.sk\/cz\/wp-json\/wp\/v2\/pages\/3420\/revisions"}],"predecessor-version":[{"id":9198,"href":"https:\/\/www.fontionnel.sk\/cz\/wp-json\/wp\/v2\/pages\/3420\/revisions\/9198"}],"wp:featuredmedia":[{"embeddable":true,"href":"https:\/\/www.fontionnel.sk\/cz\/wp-json\/wp\/v2\/media\/7697"}],"wp:attachment":[{"href":"https:\/\/www.fontionnel.sk\/cz\/wp-json\/wp\/v2\/media?parent=3420"}],"curies":[{"name":"wp","href":"https:\/\/api.w.org\/{rel}","templated":true}]}}