{"id":3426,"date":"2013-07-15T07:08:18","date_gmt":"2013-07-15T07:08:18","guid":{"rendered":"http:\/\/www.fontionnel.sk\/?page_id=3426"},"modified":"2015-04-11T21:27:24","modified_gmt":"2015-04-11T19:27:24","slug":"odkupenie-predaj-zdravej-spolocnosti-s-r-o","status":"publish","type":"page","link":"https:\/\/www.fontionnel.sk\/cz\/odkup-spolecnosti-sro\/odkupenie-predaj-zdravej-spolocnosti-s-r-o\/","title":{"rendered":"Odk\u00fapenie, predaj zdravej spolo\u010dnosti s.r.o."},"content":{"rendered":"<h2><strong>Odk\u00fapenie, predaj zdravej spolo\u010dnosti s.r.o.\u00a0<\/strong><\/h2>\n<p style=\"text-align: justify;\">Ukon\u010denie podnikania so spolo\u010dnos\u0165ou s.r.o. m\u00f4\u017ee by\u0165 z\u00a0finan\u010dn\u00e9ho aj\u00a0\u010dasov\u00e9ho h\u013eadiska n\u00e1ro\u010dn\u00fd proces. Pr\u00e1ve pre podnikate\u013eov, ktor\u00ed s\u00fa si vedom\u00ed finan\u010dn\u00e9ho zdravia svojho podniku a\u00a0radi by namiesto finan\u010dn\u00fdch n\u00e1kladov na zru\u0161enie uskuto\u010dnili predaj zdravej spolo\u010dnosti s.r.o. a\u00a0realizovali zisk je jednou z\u00a0mo\u017enost\u00ed ukon\u010denia podnikania odpredaj va\u0161ej zdravej spolo\u010dnosti na\u0161ej spolo\u010dnosti, ktor\u00e1 n\u00e1sledne zabezpe\u010d\u00ed prevod na potenci\u00e1lneho z\u00e1ujemcu. Podmienkou predaja resp. odk\u00fapenia je preuk\u00e1zanie pr\u00e1vnej a\u00a0\u00fa\u010dtovnej \u010distoty va\u0161ej spolo\u010dnosti. N\u00e1sledne prebehne prevod obchodn\u00e9ho podielu, ktor\u00fd obchodn\u00fd register vybav\u00ed za cca 15 pracovn\u00fdch dn\u00ed. V\u00fdhodou je , \u017ee na zru\u0161enie firmy &#8211; <a title=\"Likvid\u00e1cia spolo\u010dnosti\" href=\"http:\/\/www.fontionnel.sk\/likvidacia-zrusenie-spolocnosti-sro\/\"><span style=\"text-decoration: underline;\">likvid\u00e1cia spolo\u010dnosti<\/span><\/a> nemus\u00edte vynaklada\u0165 \u017eiadne finan\u010dn\u00e9 prostriedky, cel\u00fd proces odk\u00fapenia, predaja spolo\u010dnosti je v\u00a0na\u0161ej r\u00e9\u017ei\u00ed. Va\u0161e podnikanie je pre v\u00e1s ukon\u010den\u00e9 bez ak\u00fdchko\u013evek pr\u00e1vnych probl\u00e9mov za pomerne kr\u00e1tku dobu.<\/p>\n<ul>\n<li>N\u00e1jdenie potenci\u00e1lneho investora, ktor\u00fd bude so spolo\u010dnos\u0165ou \u010falej podnika\u0165<\/li>\n<li>Finan\u010dn\u00e9 ohodnotenie namiesto n\u00e1kladov na zru\u0161enie spolo\u010dnosti<\/li>\n<li>Relat\u00edvne r\u00fdchly proces vybavenia od \u00favodnej konzult\u00e1cie a\u017e po prepis na Obchodnom registri<\/li>\n<li>Presk\u00famanie pr\u00e1vneho aj \u00fa\u010dtovn\u00e9ho stavu na\u0161imi \u0161pecialistami zdarma<\/li>\n<\/ul>\n<div>V pr\u00edpade z\u00e1ujmu n\u00e1s nev\u00e1hajte kontaktova\u0165:<\/p>\n<p><strong>tel.: + 421 919 988 888<\/strong><\/p>\n<p><strong>e-mail: info@fontionnel.sk<\/strong><\/p>\n<p>Te\u0161\u00edme sa na spolupr\u00e1cu.<\/div>\n","protected":false},"excerpt":{"rendered":"<p>Odk\u00fapenie, predaj zdravej spolo\u010dnosti s.r.o.\u00a0 Ukon\u010denie podnikania so spolo\u010dnos\u0165ou s.r.o. m\u00f4\u017ee by\u0165 z\u00a0finan\u010dn\u00e9ho aj\u00a0\u010dasov\u00e9ho h\u013eadiska n\u00e1ro\u010dn\u00fd proces. Pr\u00e1ve pre podnikate\u013eov,&#8230;<\/p>\n","protected":false},"author":2,"featured_media":0,"parent":3420,"menu_order":0,"comment_status":"closed","ping_status":"closed","template":"sluzby.php","meta":{"footnotes":""},"class_list":["post-3426","page","type-page","status-publish","hentry"],"aioseo_notices":[],"_links":{"self":[{"href":"https:\/\/www.fontionnel.sk\/cz\/wp-json\/wp\/v2\/pages\/3426","targetHints":{"allow":["GET"]}}],"collection":[{"href":"https:\/\/www.fontionnel.sk\/cz\/wp-json\/wp\/v2\/pages"}],"about":[{"href":"https:\/\/www.fontionnel.sk\/cz\/wp-json\/wp\/v2\/types\/page"}],"author":[{"embeddable":true,"href":"https:\/\/www.fontionnel.sk\/cz\/wp-json\/wp\/v2\/users\/2"}],"replies":[{"embeddable":true,"href":"https:\/\/www.fontionnel.sk\/cz\/wp-json\/wp\/v2\/comments?post=3426"}],"version-history":[{"count":0,"href":"https:\/\/www.fontionnel.sk\/cz\/wp-json\/wp\/v2\/pages\/3426\/revisions"}],"up":[{"embeddable":true,"href":"https:\/\/www.fontionnel.sk\/cz\/wp-json\/wp\/v2\/pages\/3420"}],"wp:attachment":[{"href":"https:\/\/www.fontionnel.sk\/cz\/wp-json\/wp\/v2\/media?parent=3426"}],"curies":[{"name":"wp","href":"https:\/\/api.w.org\/{rel}","templated":true}]}}