{"id":351,"date":"2011-07-03T20:30:07","date_gmt":"2011-07-03T20:30:07","guid":{"rendered":"http:\/\/www.fontionnel.sk\/?page_id=351"},"modified":"2013-12-09T11:41:48","modified_gmt":"2013-12-09T11:41:48","slug":"poradenstvo-pre-podnikatelov-upozornenie","status":"publish","type":"page","link":"https:\/\/www.fontionnel.sk\/cz\/poradenstvo-pre-podnikatelov-upozornenie\/","title":{"rendered":"Upozornenie &#8211; poradenstvo pre podnikate\u013eov"},"content":{"rendered":"<ol>\n<li>Tieto web str\u00e1nky neposkytuj\u00fa pr\u00e1vne rady a teda nem\u00f4\u017eu by\u0165 za tak\u00e9 pova\u017eovan\u00e9. Napriek tomu, \u017ee sa v maxim\u00e1lnej miere sna\u017e\u00edme o presnos\u0165 a \u00faplnos\u0165 poskytnut\u00fdch inform\u00e1ci\u00ed, nepreber\u00e1me ak\u00fako\u013evek pr\u00e1vnu zodpovednos\u0165 za ak\u00e9ko\u013evek vyhl\u00e1senie, ktor\u00e9 je na nich prezentovan\u00e9. Na\u0161a spolo\u010dnos\u0165 neposkytuje pr\u00e1vne slu\u017eby. V pr\u00edpade, \u017ee s\u00fa v r\u00e1mci na\u0161ej \u010dinnosti na\u0161imi klientmi vy\u017eadovan\u00e9 pr\u00e1vne slu\u017eby, obraciame se za \u00fa\u010delom ich poskytnutia na osoby opr\u00e1vnen\u00e9 tieto slu\u017eby pon\u00faka\u0165 (not\u00e1ri, advok\u00e1ti).<\/li>\n<li>Web str\u00e1nky m\u00f4\u017eu obsahova\u0165 presmerovania na in\u00e9 webov\u00e9 lokality tret\u00edch str\u00e1n. Fontionnel &amp; Co s.r.o. neru\u010d\u00ed ani nijak nepreber\u00e1 zodpovednos\u0165 za obsah, dostupnos\u0165 a\/alebo funk\u010dnos\u0165 t\u00fdchto webov\u00fdch lokal\u00edt. Fontionnel &amp; Co s.r.o. nenesie \u017eiadnu zodpovednos\u0165 za \u0161kody, ktor\u00e9 vznikn\u00fa pou\u017eit\u00edm tejto lokality. Taktie\u017e nenesie zodpovednos\u0165 za ak\u00e9ko\u013evek n\u00e1sledn\u00e9, n\u00e1hodn\u00e9, nepriame, \u0161peci\u00e1lne alebo trestn\u00e9 \u0161kody \u010di n\u00e1klady, vr\u00e1tane ale nie len straty zisku, preru\u0161enia podnikania, straty inform\u00e1ci\u00ed a \u00fadajov, straty dobr\u00e9ho mena, straty alebo po\u0161kodenia vlastn\u00edctva a ak\u00fdchko\u013evek n\u00e1rokov tretej strany vzniknut\u00fdch pou\u017eit\u00edm alebo spojen\u00fdch s pou\u017eit\u00edm, kop\u00edrovan\u00edm alebo zobrazen\u00ed tejto lokality alebo jej obsahu alebo prepojen\u00fdch webov\u00fdch lokal\u00edt, bez oh\u013eadu na to, \u010di to spolo\u010dnosti Fontionnel &amp; Co s.r.o. bolo ozn\u00e1men\u00e9, zn\u00e1me alebo by mala o tejto mo\u017enosti vedie\u0165.<\/li>\n<\/ol>\n<p>&nbsp;<\/p>\n<div>\n<p>Fontionnel zabezpe\u010duje slu\u017eby ako <a href=\"http:\/\/www.fontionnel.sk\/sluzby\/virtualna-kancelaria-virtualne-sidlo-spolocnosti\/\" target=\"_blank\">virtu\u00e1lna kancel\u00e1ria<\/a>, <a href=\"http:\/\/www.fontionnel.sk\/zalozenie -s-r-o-zakladanie-sro\/\">zalo\u017eenie s.r.o.<\/a>, <a href=\"http:\/\/www.fontionnel.sk\/zalozenie-a-s-as-zakladanie-spolocnosti\/\">zalo\u017eenie a.s.<\/a>, <a href=\"http:\/\/www.fontionnel.sk\">zalo\u017eenie spolo\u010dnosti<\/a> a\u00a0<a href=\"http:\/\/www.fontionnel.sk\/sluzby\/likvidacia-obchodnej-spolocnosti\/\" target=\"_blank\">likvid\u00e1cia spolo\u010dnosti<\/a>.<\/p>\n<\/div>\n","protected":false},"excerpt":{"rendered":"<p>Tieto web str\u00e1nky neposkytuj\u00fa pr\u00e1vne rady a teda nem\u00f4\u017eu by\u0165 za tak\u00e9 pova\u017eovan\u00e9. Napriek tomu, \u017ee sa v maxim\u00e1lnej miere&#8230;<\/p>\n","protected":false},"author":2,"featured_media":0,"parent":0,"menu_order":0,"comment_status":"closed","ping_status":"closed","template":"","meta":{"footnotes":""},"class_list":["post-351","page","type-page","status-publish","hentry"],"aioseo_notices":[],"_links":{"self":[{"href":"https:\/\/www.fontionnel.sk\/cz\/wp-json\/wp\/v2\/pages\/351","targetHints":{"allow":["GET"]}}],"collection":[{"href":"https:\/\/www.fontionnel.sk\/cz\/wp-json\/wp\/v2\/pages"}],"about":[{"href":"https:\/\/www.fontionnel.sk\/cz\/wp-json\/wp\/v2\/types\/page"}],"author":[{"embeddable":true,"href":"https:\/\/www.fontionnel.sk\/cz\/wp-json\/wp\/v2\/users\/2"}],"replies":[{"embeddable":true,"href":"https:\/\/www.fontionnel.sk\/cz\/wp-json\/wp\/v2\/comments?post=351"}],"version-history":[{"count":7,"href":"https:\/\/www.fontionnel.sk\/cz\/wp-json\/wp\/v2\/pages\/351\/revisions"}],"predecessor-version":[{"id":3972,"href":"https:\/\/www.fontionnel.sk\/cz\/wp-json\/wp\/v2\/pages\/351\/revisions\/3972"}],"wp:attachment":[{"href":"https:\/\/www.fontionnel.sk\/cz\/wp-json\/wp\/v2\/media?parent=351"}],"curies":[{"name":"wp","href":"https:\/\/api.w.org\/{rel}","templated":true}]}}