{"id":3532,"date":"2013-09-16T07:30:34","date_gmt":"2013-09-16T07:30:34","guid":{"rendered":"http:\/\/www.fontionnel.sk\/?page_id=3532"},"modified":"2017-02-14T11:51:58","modified_gmt":"2017-02-14T09:51:58","slug":"zalozenie-spolocnosti-s-r-o-v-cr","status":"publish","type":"page","link":"https:\/\/www.fontionnel.sk\/cz\/zalozeni-sro-ceska-republika\/","title":{"rendered":"Zalo\u017een\u00ed s.r.o. v \u010cesk\u00e9 republice"},"content":{"rendered":"<p><\/p>\n<h2>Zakl\u00e1d\u00e1n\u00ed spole\u010dnosti v \u010cR<\/h2>\n<p>Vzhledem k zaveden\u00ed n\u011bkter\u00fdch omezuj\u00edc\u00edch da\u0148ov\u00fdch a byrokratick\u00fdch pravidel na \u00fazem\u00ed \u010cesk\u00e9 republiky se pro podnikatelskou obec st\u00e1v\u00e1 st\u00e1le p\u0159\u00edzniv\u011bj\u0161\u00ed destinac\u00ed pr\u00e1v\u011b \u010cesk\u00e1 republika. Cel\u00fd proces zalo\u017een\u00ed spole\u010dnosti prob\u00edh\u00e1 podobn\u011b jako na Slovensku. Rozd\u00edl je v tom, \u017ee pro \u00fasp\u011b\u0161n\u00e9 zalo\u017een\u00ed s.r.o. je t\u0159eba seps\u00e1n\u00ed not\u00e1\u0159sk\u00e9ho z\u00e1pisu a splacen\u00ed z\u00e1kladn\u00edho kapit\u00e1lu na zvl\u00e1\u0161tn\u00ed \u00fa\u010det v bance. Z\u00e1kladn\u00ed kapit\u00e1l v \u010cesk\u00e9 republice je minim\u00e1ln\u011b 1 CZK. V\u00fdhodou pro za\u010d\u00ednaj\u00edc\u00ed podnikatele je i fakt, \u017ee registrace s.r.o. k dani z p\u0159idan\u00e9 hodnoty (DPH), nen\u00ed n\u00e1ro\u010dn\u00e1 a nehroz\u00ed v\u00e1m \u017e\u00e1dn\u00e1 forma jistoty na da\u0148.<\/p>\n<p>Na z\u00e1klad\u011b pln\u00e9 moci zajist\u00edme seps\u00e1n\u00ed a podeps\u00e1n\u00ed not\u00e1\u0159sk\u00e9ho z\u00e1pisu, otev\u0159eme \u00fa\u010det v bance a zajist\u00edme advok\u00e1ta na komunikaci s \u00fa\u0159ady a obchodn\u00edm rejst\u0159\u00edkem v \u010cR.<\/p>\n<p>V p\u0159\u00edpad\u011b, \u017ee pot\u0159ebujete za\u010d\u00edt podnikat okam\u017eit\u011b. M\u016f\u017eete vyu\u017e\u00edt na\u0161i exkluzivn\u00ed slu\u017ebu &#8211; Zalo\u017een\u00ed s.r.o. v \u010cesk\u00e9 republice za 24 hodin. Va\u0161i spole\u010dnost m\u016f\u017eete m\u00edt zalo\u017eenou v pr\u016fb\u011bhu jednoho dne.<\/p>\n<h3>Na\u0161e slu\u017eba zahrnuje<\/h3>\n<div><\/p>\n<ul class=\"card-list\">\n<li>bezplatnou konzultaci p\u0159ed zalo\u017een\u00edm spole\u010dnosti;<\/li>\n<li>vypracov\u00e1n\u00ed listin k zalo\u017een\u00ed spole\u010dnosti &#8211; listiny po\u0159izuje advok\u00e1t;<\/li>\n<li>seps\u00e1n\u00ed not\u00e1\u0159sk\u00e9ho z\u00e1pisu;<\/li>\n<li>otev\u0159en\u00ed technick\u00e9ho \u00fa\u010dtu v bance;<\/li>\n<li>vybaven\u00ed \u017eivnosti;<\/li>\n<li>\u00fahrada soudn\u00edch poplatk\u016f;<\/li>\n<li>z\u00e1pis spole\u010dnosti do Obchodn\u00edho rejst\u0159\u00edku v \u010cR;<\/li>\n<li>p\u0159ihl\u00e1\u0161en\u00ed spole\u010dnosti k dani z p\u0159\u00edjm\u016f pro pr\u00e1vnick\u00e9 osoby;<\/li>\n<li>v\u00fdpis z Obchodn\u00edho rejst\u0159\u00edku \u010cR.<\/li>\n<\/ul>\n<p><\/div>\n<p>V p\u0159\u00edpad\u011b, \u017ee je pro Va\u0161e podnik\u00e1n\u00ed nezbytn\u00e1 registrace pro da\u0148 z p\u0159idan\u00e9 hodnoty &#8220;DPH&#8221;, nab\u00edz\u00edme V\u00e1m i slu\u017ebu registrace s.r.o. k DPH v \u010cesk\u00e9 republice.<\/p>","protected":false},"excerpt":{"rendered":"<p>Zakl\u00e1d\u00e1n\u00ed spole\u010dnosti v \u010cR Vzhledem k zaveden\u00ed n\u011bkter\u00fdch omezuj\u00edc\u00edch da\u0148ov\u00fdch a byrokratick\u00fdch pravidel na \u00fazem\u00ed \u010cesk\u00e9 republiky se pro podnikatelskou&#8230;<\/p>\n","protected":false},"author":2,"featured_media":7678,"parent":0,"menu_order":0,"comment_status":"closed","ping_status":"closed","template":"sluzby.php","meta":{"footnotes":""},"class_list":["post-3532","page","type-page","status-publish","has-post-thumbnail","hentry"],"aioseo_notices":[],"_links":{"self":[{"href":"https:\/\/www.fontionnel.sk\/cz\/wp-json\/wp\/v2\/pages\/3532","targetHints":{"allow":["GET"]}}],"collection":[{"href":"https:\/\/www.fontionnel.sk\/cz\/wp-json\/wp\/v2\/pages"}],"about":[{"href":"https:\/\/www.fontionnel.sk\/cz\/wp-json\/wp\/v2\/types\/page"}],"author":[{"embeddable":true,"href":"https:\/\/www.fontionnel.sk\/cz\/wp-json\/wp\/v2\/users\/2"}],"replies":[{"embeddable":true,"href":"https:\/\/www.fontionnel.sk\/cz\/wp-json\/wp\/v2\/comments?post=3532"}],"version-history":[{"count":59,"href":"https:\/\/www.fontionnel.sk\/cz\/wp-json\/wp\/v2\/pages\/3532\/revisions"}],"predecessor-version":[{"id":9132,"href":"https:\/\/www.fontionnel.sk\/cz\/wp-json\/wp\/v2\/pages\/3532\/revisions\/9132"}],"wp:featuredmedia":[{"embeddable":true,"href":"https:\/\/www.fontionnel.sk\/cz\/wp-json\/wp\/v2\/media\/7678"}],"wp:attachment":[{"href":"https:\/\/www.fontionnel.sk\/cz\/wp-json\/wp\/v2\/media?parent=3532"}],"curies":[{"name":"wp","href":"https:\/\/api.w.org\/{rel}","templated":true}]}}