{"id":3536,"date":"2013-09-16T07:31:25","date_gmt":"2013-09-16T07:31:25","guid":{"rendered":"http:\/\/www.fontionnel.sk\/?page_id=3536"},"modified":"2017-02-14T11:32:33","modified_gmt":"2017-02-14T09:32:33","slug":"predaj-spolocnosti-v-cr","status":"publish","type":"page","link":"https:\/\/www.fontionnel.sk\/cz\/prodej-sro-ceska-republika\/","title":{"rendered":"Prodej s.r.o. v \u010cesk\u00e9 republice"},"content":{"rendered":"<p><\/p>\n<h2>Prodej ready-made spole\u010dnosti v \u010cesk\u00e9 republice<\/h2>\n<p>Pro ty z v\u00e1s, kte\u0159\u00ed s oblibou preferuj\u00ed \u010dasov\u011b nejm\u00e9n\u011b n\u00e1ro\u010dn\u00fd produkt, tzv. ready-made spole\u010dnosti, nab\u00edz\u00edme tuto slu\u017ebu v \u010cesk\u00e9 republice. V\u00fdhodou ready-made spole\u010dnosti s.r.o., registrovan\u00e9 v \u010cR, je mo\u017enost rychl\u00e9ho p\u0159evodu obchodn\u00edho pod\u00edlu . Splacen\u00fd z\u00e1kladn\u00ed kapit\u00e1l, V\u00e1m u\u0161et\u0159\u00ed pot\u0159ebu skl\u00e1d\u00e1n\u00ed finan\u010dn\u00edch prost\u0159edk\u016f na bankovn\u00ed \u00fa\u010det. Standardn\u011b jsou v nab\u00eddce spole\u010dnosti registrovan\u00e9 jako pl\u00e1tce DPH, jako\u017e i spole\u010dnosti, kter\u00e9 k DPH registrov\u00e1ny nejsou. Na p\u0159\u00e1n\u00ed V\u00e1m takovou spole\u010dnost dok\u00e1\u017eeme zaregistrovat na DPH do 31 dn\u016f, a to bez zbyte\u010dn\u00fdch pr\u016ftah\u016f a finan\u010dn\u00edch n\u00e1klad\u016f v podob\u011b da\u0148ov\u00e9 licence.<\/p>\n<h3>Na\u0161e slu\u017eba zahrnuje:<\/h3>\n<div>\n<ul class=\"card-list\">\n<li>bezplatnou konzultaci p\u0159ed prodejem spole\u010dnosti;<\/li>\n<li>vypracov\u00e1n\u00ed listin k p\u0159evodu spole\u010dnosti &#8211; zaji\u0161\u0165uje advok\u00e1t;<\/li>\n<li>\u00fahrada soudn\u00edch a not\u00e1\u0159sk\u00fdch poplatk\u016f;<\/li>\n<li>z\u00e1pis zm\u011bny spole\u010dnosti do Obchodn\u00edho rejst\u0159\u00edku v \u010cR\u00a0&#8211; zaji\u0161\u0165uje advok\u00e1t;<\/li>\n<li>v\u00fdpis z Obchodn\u00edho rejst\u0159\u00edku \u010cR;<\/li>\n<li>registra\u010dn\u00edho s\u00eddla v Praze a v Brn\u011b za zv\u00fdhodn\u011bn\u00e9 ceny.<\/li>\n<\/ul>\n<p><\/div><\/p>","protected":false},"excerpt":{"rendered":"<p>Prodej ready-made spole\u010dnosti v \u010cesk\u00e9 republice Pro ty z v\u00e1s, kte\u0159\u00ed s oblibou preferuj\u00ed \u010dasov\u011b nejm\u00e9n\u011b n\u00e1ro\u010dn\u00fd produkt, tzv. ready-made&#8230;<\/p>\n","protected":false},"author":2,"featured_media":7690,"parent":0,"menu_order":0,"comment_status":"closed","ping_status":"closed","template":"sluzby.php","meta":{"footnotes":""},"class_list":["post-3536","page","type-page","status-publish","has-post-thumbnail","hentry"],"aioseo_notices":[],"_links":{"self":[{"href":"https:\/\/www.fontionnel.sk\/cz\/wp-json\/wp\/v2\/pages\/3536","targetHints":{"allow":["GET"]}}],"collection":[{"href":"https:\/\/www.fontionnel.sk\/cz\/wp-json\/wp\/v2\/pages"}],"about":[{"href":"https:\/\/www.fontionnel.sk\/cz\/wp-json\/wp\/v2\/types\/page"}],"author":[{"embeddable":true,"href":"https:\/\/www.fontionnel.sk\/cz\/wp-json\/wp\/v2\/users\/2"}],"replies":[{"embeddable":true,"href":"https:\/\/www.fontionnel.sk\/cz\/wp-json\/wp\/v2\/comments?post=3536"}],"version-history":[{"count":34,"href":"https:\/\/www.fontionnel.sk\/cz\/wp-json\/wp\/v2\/pages\/3536\/revisions"}],"predecessor-version":[{"id":9423,"href":"https:\/\/www.fontionnel.sk\/cz\/wp-json\/wp\/v2\/pages\/3536\/revisions\/9423"}],"wp:featuredmedia":[{"embeddable":true,"href":"https:\/\/www.fontionnel.sk\/cz\/wp-json\/wp\/v2\/media\/7690"}],"wp:attachment":[{"href":"https:\/\/www.fontionnel.sk\/cz\/wp-json\/wp\/v2\/media?parent=3536"}],"curies":[{"name":"wp","href":"https:\/\/api.w.org\/{rel}","templated":true}]}}