{"id":3561,"date":"2013-09-16T07:42:48","date_gmt":"2013-09-16T07:42:48","guid":{"rendered":"http:\/\/www.fontionnel.sk\/?page_id=3561"},"modified":"2016-07-16T22:46:17","modified_gmt":"2016-07-16T20:46:17","slug":"dalsie-sluzby","status":"publish","type":"page","link":"https:\/\/www.fontionnel.sk\/cz\/dalsi-sluzby\/","title":{"rendered":"Dal\u0161\u00ed slu\u017eby"},"content":{"rendered":"<p><\/p>\n<h2>Slu\u017eby pro Va\u0161e podnik\u00e1n\u00ed<\/h2>\n<p>Vyberte si z na\u0161ich slu\u017eeb a nechte si poradit:<\/p>\n<div>\n<ul class=\"card-list\">\n<li><a href=\"https:\/\/www.fontionnel.sk\/cz\/registrace-pro-dan-z-pridane-hodnoty-dph\/\">Registrace pro da\u0148 z p\u0159idan\u00e9 hodnoty &#8211; DPH<\/a><\/li>\n<li><a href=\"https:\/\/www.fontionnel.sk\/cz\/registrace-danoveho-identifikacniho-cisla\/\">Registrace da\u0148ov\u00e9ho identifika\u010dn\u00edho \u010d\u00edsla &#8211; DI\u010c<\/a><\/li>\n<\/ul>\n<p><\/div><\/p>","protected":false},"excerpt":{"rendered":"<p>Slu\u017eby pro Va\u0161e podnik\u00e1n\u00ed Vyberte si z na\u0161ich slu\u017eeb a nechte si poradit:<\/p>\n","protected":false},"author":2,"featured_media":8216,"parent":0,"menu_order":0,"comment_status":"closed","ping_status":"closed","template":"sluzby.php","meta":{"footnotes":""},"class_list":["post-3561","page","type-page","status-publish","has-post-thumbnail","hentry"],"aioseo_notices":[],"_links":{"self":[{"href":"https:\/\/www.fontionnel.sk\/cz\/wp-json\/wp\/v2\/pages\/3561","targetHints":{"allow":["GET"]}}],"collection":[{"href":"https:\/\/www.fontionnel.sk\/cz\/wp-json\/wp\/v2\/pages"}],"about":[{"href":"https:\/\/www.fontionnel.sk\/cz\/wp-json\/wp\/v2\/types\/page"}],"author":[{"embeddable":true,"href":"https:\/\/www.fontionnel.sk\/cz\/wp-json\/wp\/v2\/users\/2"}],"replies":[{"embeddable":true,"href":"https:\/\/www.fontionnel.sk\/cz\/wp-json\/wp\/v2\/comments?post=3561"}],"version-history":[{"count":6,"href":"https:\/\/www.fontionnel.sk\/cz\/wp-json\/wp\/v2\/pages\/3561\/revisions"}],"predecessor-version":[{"id":9143,"href":"https:\/\/www.fontionnel.sk\/cz\/wp-json\/wp\/v2\/pages\/3561\/revisions\/9143"}],"wp:featuredmedia":[{"embeddable":true,"href":"https:\/\/www.fontionnel.sk\/cz\/wp-json\/wp\/v2\/media\/8216"}],"wp:attachment":[{"href":"https:\/\/www.fontionnel.sk\/cz\/wp-json\/wp\/v2\/media?parent=3561"}],"curies":[{"name":"wp","href":"https:\/\/api.w.org\/{rel}","templated":true}]}}