{"id":420,"date":"2011-07-04T08:51:38","date_gmt":"2011-07-04T08:51:38","guid":{"rendered":"http:\/\/www.fontionnel.sk\/?page_id=420"},"modified":"2024-11-08T00:52:40","modified_gmt":"2024-11-07T22:52:40","slug":"virtualne-sidlo-spolocnosti-registracne-sidlo-slovensko","status":"publish","type":"page","link":"https:\/\/www.fontionnel.sk\/cz\/virtualni-sidlo-spolecnosti-na-slovensku\/","title":{"rendered":"Virtu\u00e1ln\u00ed s\u00eddlo spole\u010dnosti na Slovensku"},"content":{"rendered":"<p><\/p>\n<h2>Registra\u010dn\u00ed s\u00eddlo \u2013 Slovensko<\/h2>\n<p>C\u00edlem slu\u017eby virtu\u00e1ln\u00edho s\u00eddla, poskytuj\u00edc\u00edho spole\u010dnost\u00ed FONTIONNEL, je odleh\u010den\u00ed z\u00e1kazn\u00edky od v\u0161ech z\u00e1kladn\u00edch administrativn\u00edch \u00fakon\u016f a \u010dinnost\u00ed spojen\u00fdch s plynul\u00fdm chodem kancel\u00e1\u0159e. Krom\u011b registra\u010dn\u00edho s\u00eddla m\u016f\u017eete vyu\u017e\u00edt na\u0161i adresu stahov\u00e1n\u00ed korespondence, kontakt a jedn\u00e1n\u00ed s klienty v na\u0161ich zasedac\u00edch prostor\u00e1ch, vyu\u017eit\u00ed telefonn\u00edch a dal\u0161\u00edch slu\u017eeb ji\u017e od 50 \u20ac \/ m\u011bs\u00ed\u010dn\u011b.<\/p>\n<h3>Slu\u017eba poskytnut\u00ed s\u00eddla je vhodn\u00e1 zejm\u00e9na pro klienty, kte\u0159\u00ed:<\/h3>\n<div><\/p>\n<ul class=\"card-list\">\n<li>maj\u00ed z\u00e1jem o s\u00eddlo spole\u010dnosti um\u00edst\u011bn\u00e9 v presti\u017en\u00ed lokalit\u011b;<\/li>\n<li>maj\u00ed z\u00e1jem sn\u00ed\u017eit n\u00e1klady na pron\u00e1jem kancel\u00e1\u0159e (ji\u017e od 45 \u20ac \/ m\u011bs\u00ed\u010dn\u011b);<\/li>\n<li>pl\u00e1nuj\u00ed kr\u00e1tkodob\u00fd podnikatelsk\u00fd projekt;<\/li>\n<li>maj\u00ed z\u00e1jem o p\u0159eb\u00edr\u00e1n\u00ed po\u0161ty, zas\u00edl\u00e1n\u00ed po\u0161ty a ozn\u00e1men\u00ed o p\u0159ijat\u00e9 po\u0161t\u011b;<\/li>\n<li>maj\u00ed z\u00e1jem vyu\u017e\u00edvat p\u0159\u00edle\u017eitostn\u011b zasedac\u00ed prostory.<\/li>\n<\/ul>\n<p><\/div>\n<h3>Virtu\u00e1ln\u00ed s\u00eddlo na Slovensku<\/h3>\n<table class=\"NicerTable\" style=\"width: 100%;\" cellspacing=\"0\" cellpadding=\"0\">\n<tbody>\n<tr>\n<td>Bratislava<\/td>\n<td>50 \u20ac \/ m\u011bs\u00ed\u010dn\u011b<\/td>\n<\/tr>\n<tr>\n<td>Nov\u00e9 Z\u00e1mky<\/td>\n<td>50 \u20ac \/ m\u011bs\u00ed\u010dn\u011b<\/td>\n<\/tr>\n<\/tbody>\n<\/table>\n<p>*platba se ukuto\u010d\u0148uje na 12 m\u011bs\u00edc\u016f p\u0159edem.<\/p>","protected":false},"excerpt":{"rendered":"<p>Registra\u010dn\u00ed s\u00eddlo \u2013 Slovensko C\u00edlem slu\u017eby virtu\u00e1ln\u00edho s\u00eddla, poskytuj\u00edc\u00edho spole\u010dnost\u00ed FONTIONNEL, je odleh\u010den\u00ed z\u00e1kazn\u00edky od v\u0161ech z\u00e1kladn\u00edch administrativn\u00edch \u00fakon\u016f a&#8230;<\/p>\n","protected":false},"author":2,"featured_media":7729,"parent":0,"menu_order":0,"comment_status":"closed","ping_status":"closed","template":"sluzby.php","meta":{"footnotes":""},"class_list":["post-420","page","type-page","status-publish","has-post-thumbnail","hentry"],"aioseo_notices":[],"_links":{"self":[{"href":"https:\/\/www.fontionnel.sk\/cz\/wp-json\/wp\/v2\/pages\/420","targetHints":{"allow":["GET"]}}],"collection":[{"href":"https:\/\/www.fontionnel.sk\/cz\/wp-json\/wp\/v2\/pages"}],"about":[{"href":"https:\/\/www.fontionnel.sk\/cz\/wp-json\/wp\/v2\/types\/page"}],"author":[{"embeddable":true,"href":"https:\/\/www.fontionnel.sk\/cz\/wp-json\/wp\/v2\/users\/2"}],"replies":[{"embeddable":true,"href":"https:\/\/www.fontionnel.sk\/cz\/wp-json\/wp\/v2\/comments?post=420"}],"version-history":[{"count":73,"href":"https:\/\/www.fontionnel.sk\/cz\/wp-json\/wp\/v2\/pages\/420\/revisions"}],"predecessor-version":[{"id":9958,"href":"https:\/\/www.fontionnel.sk\/cz\/wp-json\/wp\/v2\/pages\/420\/revisions\/9958"}],"wp:featuredmedia":[{"embeddable":true,"href":"https:\/\/www.fontionnel.sk\/cz\/wp-json\/wp\/v2\/media\/7729"}],"wp:attachment":[{"href":"https:\/\/www.fontionnel.sk\/cz\/wp-json\/wp\/v2\/media?parent=420"}],"curies":[{"name":"wp","href":"https:\/\/api.w.org\/{rel}","templated":true}]}}