{"id":49,"date":"2011-05-31T08:21:43","date_gmt":"2011-05-31T08:21:43","guid":{"rendered":"http:\/\/www.fontionnel.sk\/?page_id=49"},"modified":"2024-11-08T00:48:40","modified_gmt":"2024-11-07T22:48:40","slug":"virtualna-kancelaria-virtualne-sidlo-spolocnosti-2","status":"publish","type":"page","link":"https:\/\/www.fontionnel.sk\/cz\/virtualni-sidlo-spolecnosti-2\/","title":{"rendered":"Virtu\u00e1ln\u00ed s\u00eddlo spole\u010dnosti"},"content":{"rendered":"<p><\/p>\n<h2>Virtu\u00e1ln\u00ed kancel\u00e1\u0159 pro firmy<\/h2>\n<p>Virtu\u00e1ln\u00ed s\u00eddlo spole\u010dnosti je ur\u010deno pro podnikatele &#8211; za\u010d\u00ednaj\u00edc\u00ed i dlouhodob\u011b prosperuj\u00edc\u00edch &#8211; kte\u0159\u00ed k v\u00fdkonu sv\u00e9 \u010dinnosti nepot\u0159ebuj\u00ed vyu\u017e\u00edvat klasick\u00e9 kancel\u00e1\u0159sk\u00e9 prostory a pr\u00e1v\u011b proto vyu\u017e\u00edvaj\u00ed v\u00fdhody virtu\u00e1ln\u00ed kancel\u00e1\u0159e.<\/p>\n<p><strong>Pro\u010d byste se m\u011bli rozhodnout pro virtu\u00e1ln\u00ed kancel\u00e1\u0159 od spole\u010dnosti FONTIONNEL? Shrneme v\u00e1m n\u011bkolik z\u00e1kladn\u00edch v\u00fdhod:<\/strong><\/p>\n<div><\/p>\n<ul class=\"card-list\">\n<li>s\u00eddlo va\u0161\u00ed firmy bude um\u00edst\u011bno v presti\u017en\u00ed lokalit\u011b;<\/li>\n<li>n\u00edzk\u00e9 n\u00e1klady na pron\u00e1jem prostor ji\u017e od 29 eur \/ m\u011bs\u00ed\u010dn\u011b;<\/li>\n<li>vyu\u017eit\u00ed zasedac\u00ed m\u00edstnosti s mo\u017enost\u00ed p\u0159ipojen\u00ed k internetu a ob\u010derstven\u00edm;<\/li>\n<li>pln\u011b klimatizovan\u00e9 prostory.<\/li>\n<\/ul>\n<p><\/div>\n<h3>Slu\u017eby spojen\u00e9 s poskytnut\u00edm virtu\u00e1ln\u00edho s\u00eddla<\/h3>\n<p>Virtu\u00e1ln\u00ed s\u00eddlo nab\u00edzen\u00e9 spole\u010dnost\u00ed Fontionnel nen\u00ed jen oby\u010dejn\u00e9 s\u00eddlo. Krom\u011b registra\u010dn\u00edho s\u00eddla V\u00e1m nab\u00edz\u00edme mo\u017enost vybrat si z n\u011bkolika slu\u017eeb. Sta\u010d\u00ed kdy\u017e si vyberete a poskl\u00e1d\u00e1te vlastn\u00ed bal\u00ed\u010dek slu\u017eeb a Va\u0161e registra\u010dn\u00ed s\u00eddlo se m\u016f\u017ee zm\u011bnit na funguj\u00edc\u00ed kancel\u00e1\u0159 i ve Va\u0161\u00ed nep\u0159\u00edtomnosti.<\/p>\n<h3>Slu\u017eby:<\/h3>\n<div><\/p>\n<ul class=\"card-list\">\n<li>p\u0159\u00edjem, \u00faschova a zas\u00edl\u00e1n\u00ed po\u0161ty;<\/li>\n<li>notifikace o p\u0159ijat\u00e9 po\u0161t\u011b, telefonick\u00fdch tak faxov\u00fdch hovorech prost\u0159ednictv\u00edm e-mailu, sms nebo telefonicky;<\/li>\n<li>asistenstsk\u00e9 a sekret\u00e1\u0159sk\u00e9 pr\u00e1ce;<\/li>\n<li>slu\u017eby v oblasti podnikatelsk\u00e9ho, da\u0148ov\u00e9ho a \u00fa\u010detn\u00edho poradenstv\u00ed;<\/li>\n<li>pron\u00e1jem zasedac\u00edch prostor s ob\u010derstven\u00edm;<\/li>\n<li>zas\u00edl\u00e1n\u00ed e-mail\u016f na jinou e-mailovou adresu;<\/li>\n<li>p\u0159id\u011blen\u00ed vlastn\u00edho telefonn\u00edho \u010d\u00edsla.<\/li>\n<\/ul>\n<p><\/div>\n<h3>Virtu\u00e1ln\u00ed s\u00eddlo na Slovensku<\/h3>\n<table class=\"NicerTable\" style=\"width: 100%;\" cellspacing=\"0\" cellpadding=\"0\">\n<tbody>\n<tr>\n<td>Bratislava<\/td>\n<td>50 \u20ac \/ m\u011bs\u00ed\u010dn\u011b<\/td>\n<\/tr>\n<tr>\n<td>Nov\u00e9 Z\u00e1mky<\/td>\n<td>50 \u20ac \/ m\u011bs\u00ed\u010dn\u011b<\/td>\n<\/tr>\n<\/tbody>\n<\/table>\n<p>*platba se\u00a0ukuto\u010d\u0148uje na 12 m\u011bs\u00edc\u016f p\u0159edem<\/p>\n<h3>Virtu\u00e1ln\u00ed s\u00eddlo v \u010cesk\u00e9 republice<\/h3>\n<table class=\"NicerTable\" style=\"width: 100%;\" cellspacing=\"0\" cellpadding=\"0\">\n<tbody>\n<tr>\n<td>Praha 1 &#8211;\u00a0V\u00e1clavsk\u00e9 n\u00e1m. \u010d.p.1<\/td>\n<td>190\u00a0\u20ac \/ m\u011bs\u00ed\u010dn\u011b<\/td>\n<\/tr>\n<tr>\n<td>Praha 3 \u2013\u00a0Husitsk\u00e1 107\/3<\/td>\n<td>29\u00a0\u20ac \/ m\u011bs\u00ed\u010dn\u011b<\/td>\n<\/tr>\n<tr>\n<td>Praha\u00a04 \u2013 Branick\u00e1 213\/53<\/td>\n<td>39 \u20ac \/ m\u011bs\u00ed\u010dn\u011b<\/td>\n<\/tr>\n<tr>\n<td>Praha 8 \u2013 Sokolovsk\u00e1 428\/130<\/td>\n<td>39\u00a0\u20ac \/ m\u011bs\u00ed\u010dn\u011b<\/td>\n<\/tr>\n<tr>\n<td>Praha 10 \u2013 Bulharsk\u00e1 996\/20<\/td>\n<td>29\u00a0\u20ac \/ m\u011bs\u00ed\u010dn\u011b<\/td>\n<\/tr>\n<tr>\n<td>Praha 12 \u2013 U Kam\u00fdku 284\/11<\/td>\n<td>39 \u20ac \/ m\u011bs\u00ed\u010dn\u011b<\/td>\n<\/tr>\n<tr>\n<td>Plze\u0148\u00a0\u2013\u00a0Klatovsk\u00e1 t\u0159\u00edda 1460\/83<\/td>\n<td>32 \u20ac \/ m\u011bs\u00ed\u010dn\u011b<\/td>\n<\/tr>\n<tr>\n<td>Liberec \u2013 Rumjancevova 65<\/td>\n<td>32 \u20ac \/ m\u011bs\u00ed\u010dn\u011b<\/td>\n<\/tr>\n<tr>\n<td>Brno \u2013 P\u0159\u00ed\u010dn\u00ed 118\/10<\/td>\n<td>39 \u20ac \/ m\u011bs\u00ed\u010dn\u011b<\/td>\n<\/tr>\n<tr>\n<td>Ostrava \u2013 Sl\u00e1dkova 378\/8<\/td>\n<td>32 \u20ac \/ m\u011bs\u00ed\u010dn\u011b<\/td>\n<\/tr>\n<tr>\n<td>Karlov\u00e9 Vary \u2013 Chebsk\u00e1 38\/5<\/td>\n<td>\u00a032\u00a0\u20ac \/ m\u011bs\u00ed\u010dn\u011b<\/td>\n<\/tr>\n<\/tbody>\n<\/table>\n<p>*platba se\u00a0ukuto\u010d\u0148uje na 12 m\u011bs\u00edc\u016f p\u0159edem<\/p>\n<h3>Virtu\u00e1ln\u00ed s\u00eddlo v Ma\u010farsku<\/h3>\n<table class=\"NicerTable\" style=\"width: 100%;\" cellspacing=\"0\" cellpadding=\"0\">\n<tbody>\n<tr>\n<td>Kom\u00e1rom<\/td>\n<td>50 \u20ac \/ m\u011bs\u00ed\u010dn\u011b<\/td>\n<\/tr>\n<\/tbody>\n<\/table>\n<p>*platba se\u00a0ukuto\u010d\u0148uje na 12 m\u011bs\u00edc\u016f p\u0159edem<\/p>\n<h3>Virtu\u00e1lne s\u00eddlo v\u00a0Po\u013esku<\/h3>\n<table class=\"NicerTable\" style=\"width: 100%;\" cellspacing=\"0\" cellpadding=\"0\">\n<tbody>\n<tr>\n<td>Kudowa-Zdr\u00f3j<\/td>\n<td>50 \u20ac \/ m\u011bs\u00ed\u010dn\u011b<\/td>\n<\/tr>\n<tr>\n<td>Var\u0161ava<\/td>\n<td>50\u20ac \/ m\u011bs\u00ed\u010dn\u011b<\/td>\n<\/tr>\n<\/tbody>\n<\/table>\n<p>*platba sa ukuto\u010d\u0148uje na 12 mesiacov vopred<\/p>","protected":false},"excerpt":{"rendered":"<p>Virtu\u00e1ln\u00ed kancel\u00e1\u0159 pro firmy Virtu\u00e1ln\u00ed s\u00eddlo spole\u010dnosti je ur\u010deno pro podnikatele &#8211; za\u010d\u00ednaj\u00edc\u00ed i dlouhodob\u011b prosperuj\u00edc\u00edch &#8211; kte\u0159\u00ed k v\u00fdkonu&#8230;<\/p>\n","protected":false},"author":2,"featured_media":7729,"parent":0,"menu_order":0,"comment_status":"closed","ping_status":"closed","template":"sluzby.php","meta":{"footnotes":""},"class_list":["post-49","page","type-page","status-publish","has-post-thumbnail","hentry"],"aioseo_notices":[],"_links":{"self":[{"href":"https:\/\/www.fontionnel.sk\/cz\/wp-json\/wp\/v2\/pages\/49","targetHints":{"allow":["GET"]}}],"collection":[{"href":"https:\/\/www.fontionnel.sk\/cz\/wp-json\/wp\/v2\/pages"}],"about":[{"href":"https:\/\/www.fontionnel.sk\/cz\/wp-json\/wp\/v2\/types\/page"}],"author":[{"embeddable":true,"href":"https:\/\/www.fontionnel.sk\/cz\/wp-json\/wp\/v2\/users\/2"}],"replies":[{"embeddable":true,"href":"https:\/\/www.fontionnel.sk\/cz\/wp-json\/wp\/v2\/comments?post=49"}],"version-history":[{"count":102,"href":"https:\/\/www.fontionnel.sk\/cz\/wp-json\/wp\/v2\/pages\/49\/revisions"}],"predecessor-version":[{"id":9956,"href":"https:\/\/www.fontionnel.sk\/cz\/wp-json\/wp\/v2\/pages\/49\/revisions\/9956"}],"wp:featuredmedia":[{"embeddable":true,"href":"https:\/\/www.fontionnel.sk\/cz\/wp-json\/wp\/v2\/media\/7729"}],"wp:attachment":[{"href":"https:\/\/www.fontionnel.sk\/cz\/wp-json\/wp\/v2\/media?parent=49"}],"curies":[{"name":"wp","href":"https:\/\/api.w.org\/{rel}","templated":true}]}}