{"id":4905,"date":"2014-05-14T18:52:42","date_gmt":"2014-05-14T18:52:42","guid":{"rendered":"http:\/\/www.fontionnel.sk\/?page_id=4905"},"modified":"2016-01-27T22:03:47","modified_gmt":"2016-01-27T20:03:47","slug":"mapa-stranok","status":"publish","type":"page","link":"https:\/\/www.fontionnel.sk\/cz\/slovak-mapa-stranok\/","title":{"rendered":"(Slovak) Mapa str\u00e1nok"},"content":{"rendered":"<div id=\"wp-realtime-sitemap-menu\"><h3>Menu<\/h3><ul><li id=\"menu-item-4\" class=\"menu-item menu-item-type-custom menu-item-object-custom menu-item-home menu-item-4\"><a href=\"https:\/\/www.fontionnel.sk\/cz\">Home<\/a><\/li>\n<li id=\"menu-item-7086\" class=\"menu-item menu-item-type-post_type menu-item-object-page menu-item-has-children menu-item-7086\"><a href=\"https:\/\/www.fontionnel.sk\/cz\/o-spolecnosti\/\">O n\u00e1s<\/a>\n<ul class=\"sub-menu\">\n\t<li id=\"menu-item-345\" class=\"menu-item menu-item-type-post_type menu-item-object-page menu-item-345\"><a href=\"https:\/\/www.fontionnel.sk\/cz\/o-spolecnosti\/\">Kdo jsme<\/a><\/li>\n<\/ul>\n<\/li>\n<li id=\"menu-item-6229\" class=\"menu-item menu-item-type-post_type menu-item-object-page menu-item-has-children menu-item-6229\"><a href=\"https:\/\/www.fontionnel.sk\/cz\/?page_id=466\">Slu\u017eby<\/a>\n<ul class=\"sub-menu\">\n\t<li id=\"menu-item-7048\" class=\"menu-item menu-item-type-post_type menu-item-object-page menu-item-has-children menu-item-7048\"><a href=\"https:\/\/www.fontionnel.sk\/cz\/zalozeni-spolecnosti-sro\/\">Zalo\u017een\u00ed spole\u010dnosti<\/a>\n\t<ul class=\"sub-menu\">\n\t\t<li id=\"menu-item-3594\" class=\"menu-item menu-item-type-post_type menu-item-object-page menu-item-3594\"><a href=\"https:\/\/www.fontionnel.sk\/cz\/zalozeni-sro-ceska-republika\/\">Zalo\u017een\u00ed s.r.o. v \u010cesk\u00e9 republice<\/a><\/li>\n\t\t<li id=\"menu-item-6893\" class=\"menu-item menu-item-type-post_type menu-item-object-page menu-item-6893\"><a href=\"https:\/\/www.fontionnel.sk\/cz\/zalozeni-as-ceska-republika\/\">Zalo\u017een\u00ed a.s. v \u010cesk\u00e9 republice<\/a><\/li>\n\t\t<li id=\"menu-item-4412\" class=\"menu-item menu-item-type-post_type menu-item-object-page menu-item-4412\"><a href=\"https:\/\/www.fontionnel.sk\/cz\/zalozeni-sro-v-madarsku\/\">Zalo\u017een\u00ed s.r.o. v Ma\u010farsku<\/a><\/li>\n\t\t<li id=\"menu-item-9010\" class=\"menu-item menu-item-type-post_type menu-item-object-page menu-item-9010\"><a href=\"https:\/\/www.fontionnel.sk\/cz\/zalozeni-sro-v-polsku\/\">Zalo\u017een\u00ed s.r.o. v Polsku<\/a><\/li>\n\t<\/ul>\n<\/li>\n\t<li id=\"menu-item-7051\" class=\"menu-item menu-item-type-post_type menu-item-object-page menu-item-has-children menu-item-7051\"><a href=\"https:\/\/www.fontionnel.sk\/cz\/prodej-spolecnosti\/\">Prodej spole\u010dnosti<\/a>\n\t<ul class=\"sub-menu\">\n\t\t<li id=\"menu-item-5002\" class=\"menu-item menu-item-type-post_type menu-item-object-page menu-item-5002\"><a href=\"https:\/\/www.fontionnel.sk\/cz\/prodej-sro-platce-dph\/\">Prodej s.r.o. &#8211; nov\u011b zalo\u017een\u00e9 spole\u010dnosti<\/a><\/li>\n\t\t<li id=\"menu-item-5465\" class=\"menu-item menu-item-type-post_type menu-item-object-page menu-item-5465\"><a href=\"https:\/\/www.fontionnel.sk\/cz\/prodej-sro-starsi-spolecnosti\/\">Prodej s.r.o. &#8211; star\u0161\u00ed spole\u010dnosti<\/a><\/li>\n\t\t<li id=\"menu-item-7151\" class=\"menu-item menu-item-type-post_type menu-item-object-page menu-item-7151\"><a href=\"https:\/\/www.fontionnel.sk\/cz\/prodej-a-s\/\">Prodej a.s.<\/a><\/li>\n\t\t<li id=\"menu-item-3596\" class=\"menu-item menu-item-type-post_type menu-item-object-page menu-item-3596\"><a href=\"https:\/\/www.fontionnel.sk\/cz\/prodej-sro-ceska-republika\/\">Prodej s.r.o. v \u010cesk\u00e9 republice<\/a><\/li>\n\t\t<li id=\"menu-item-6498\" class=\"menu-item menu-item-type-post_type menu-item-object-page menu-item-6498\"><a href=\"https:\/\/www.fontionnel.sk\/cz\/prodej-sro-kft-madarsko\/\">Prodej s.r.o. v Ma\u010farsku<\/a><\/li>\n\t\t<li id=\"menu-item-3423\" class=\"menu-item menu-item-type-post_type menu-item-object-page menu-item-3423\"><a href=\"https:\/\/www.fontionnel.sk\/cz\/odkup-spolecnosti-sro\/\">Odkup s.r.o.<\/a><\/li>\n\t\t<li id=\"menu-item-7045\" class=\"menu-item menu-item-type-post_type menu-item-object-page menu-item-7045\"><a href=\"https:\/\/www.fontionnel.sk\/cz\/prodej-obcanskeho-sdruzeni-oz\/\">Prodej ob\u010dansk\u00e9ho sdru\u017een\u00ed \u2013 o.z.<\/a><\/li>\n\t<\/ul>\n<\/li>\n\t<li id=\"menu-item-109\" class=\"menu-item menu-item-type-post_type menu-item-object-page menu-item-has-children menu-item-109\"><a href=\"https:\/\/www.fontionnel.sk\/cz\/ucetnictvi-dane\/\">\u00da\u010detnictv\u00ed a dan\u011b<\/a>\n\t<ul class=\"sub-menu\">\n\t\t<li id=\"menu-item-6917\" class=\"menu-item menu-item-type-post_type menu-item-object-page menu-item-6917\"><a href=\"https:\/\/www.fontionnel.sk\/cz\/jednoduche-ucetnictvi\/\">Jednoduch\u00e9 \u00fa\u010detnictv\u00ed<\/a><\/li>\n\t\t<li id=\"menu-item-6916\" class=\"menu-item menu-item-type-post_type menu-item-object-page menu-item-6916\"><a href=\"https:\/\/www.fontionnel.sk\/cz\/podvojne-ucetnictvi\/\">Podvojn\u00e9 \u00fa\u010detnictv\u00ed<\/a><\/li>\n\t\t<li id=\"menu-item-6915\" class=\"menu-item menu-item-type-post_type menu-item-object-page menu-item-6915\"><a href=\"https:\/\/www.fontionnel.sk\/cz\/mzdove-ucetnictvi\/\">Mzdy a personalistika<\/a><\/li>\n\t\t<li id=\"menu-item-6913\" class=\"menu-item menu-item-type-post_type menu-item-object-page menu-item-6913\"><a href=\"https:\/\/www.fontionnel.sk\/cz\/transferove-ocenovani\/\">Transferov\u00e9 oce\u0148ov\u00e1n\u00ed<\/a><\/li>\n\t\t<li id=\"menu-item-6920\" class=\"menu-item menu-item-type-post_type menu-item-object-page menu-item-6920\"><a href=\"https:\/\/www.fontionnel.sk\/cz\/uctovani-obcanskych-sdruzeni-a-nadaci\/\">\u00da\u010dtov\u00e1n\u00ed ob\u010dansk\u00fdch sdru\u017een\u00ed a nadac\u00ed<\/a><\/li>\n\t<\/ul>\n<\/li>\n\t<li id=\"menu-item-51\" class=\"menu-item menu-item-type-post_type menu-item-object-page menu-item-has-children menu-item-51\"><a href=\"https:\/\/www.fontionnel.sk\/cz\/virtualni-sidlo-spolecnosti-2\/\">Virtu\u00e1ln\u00ed s\u00eddlo<\/a>\n\t<ul class=\"sub-menu\">\n\t\t<li id=\"menu-item-422\" class=\"menu-item menu-item-type-post_type menu-item-object-page menu-item-422\"><a href=\"https:\/\/www.fontionnel.sk\/cz\/virtualni-sidlo-spolecnosti-na-slovensku\/\">Virtu\u00e1ln\u00ed s\u00eddlo na Slovensku<\/a><\/li>\n\t\t<li id=\"menu-item-443\" class=\"menu-item menu-item-type-post_type menu-item-object-page menu-item-443\"><a href=\"https:\/\/www.fontionnel.sk\/cz\/virtualni-sidlo-spolecnosti-v-ceske-republice\/\">Virtu\u00e1ln\u00ed s\u00eddlo v \u010cesk\u00e9 republice<\/a><\/li>\n\t\t<li id=\"menu-item-6957\" class=\"menu-item menu-item-type-post_type menu-item-object-page menu-item-6957\"><a href=\"https:\/\/www.fontionnel.sk\/cz\/virtualni-sidlo-v-madarsku\/\">Virtu\u00e1ln\u00ed s\u00eddlo v Ma\u010farsku<\/a><\/li>\n\t\t<li id=\"menu-item-274\" class=\"menu-item menu-item-type-post_type menu-item-object-page menu-item-274\"><a href=\"https:\/\/www.fontionnel.sk\/cz\/office-centrum\/\">Office centrum<\/a><\/li>\n\t<\/ul>\n<\/li>\n\t<li id=\"menu-item-3606\" class=\"menu-item menu-item-type-post_type menu-item-object-page menu-item-has-children menu-item-3606\"><a href=\"https:\/\/www.fontionnel.sk\/cz\/dalsi-sluzby\/\">Dal\u0161\u00ed slu\u017eby<\/a>\n\t<ul class=\"sub-menu\">\n\t\t<li id=\"menu-item-3342\" class=\"menu-item menu-item-type-post_type menu-item-object-page menu-item-3342\"><a href=\"https:\/\/www.fontionnel.sk\/cz\/registrace-pro-dan-z-pridane-hodnoty-dph\/\">Registrace k DPH<\/a><\/li>\n\t\t<li id=\"menu-item-4961\" class=\"menu-item menu-item-type-post_type menu-item-object-page menu-item-4961\"><a href=\"https:\/\/www.fontionnel.sk\/cz\/registrace-danoveho-identifikacniho-cisla\/\">Registrace k dani z p\u0159\u00edjmu<\/a><\/li>\n\t<\/ul>\n<\/li>\n<\/ul>\n<\/li>\n<li id=\"menu-item-4463\" class=\"menu-item menu-item-type-custom menu-item-object-custom menu-item-4463\"><a href=\"\/cz\/referencie\/\">Reference<\/a><\/li>\n<li id=\"menu-item-7098\" class=\"menu-item menu-item-type-post_type menu-item-object-page menu-item-7098\"><a href=\"https:\/\/www.fontionnel.sk\/cz\/kontakt\/\">Kontakt<\/a><\/li>\n<li id=\"menu-item-7097\" class=\"menu-item menu-item-type-taxonomy menu-item-object-category menu-item-7097\"><a href=\"https:\/\/www.fontionnel.sk\/cz\/category\/blog\/\">Blog<\/a><\/li>\n<\/ul><\/div><br \/>\n<div class=\"wsp-container\"><h2 class=\"wsp-posts-title\">Posts by category<\/h2>\n<ul class=\"wsp-posts-list\">\n\t<li><strong class=\"wsp-category-title\">Category: <a href=\"https:\/\/www.fontionnel.sk\/cz\/category\/blog\/\">Blog<\/a><\/strong>\n<ul class=\"wsp-posts-list\">\t\t<li class=\"wsp-post\"><a href=\"https:\/\/www.fontionnel.sk\/cz\/zalozeni-neziskove-organizace-slovensko\/\">Vznik neziskov\u00e9 organizace na Slovensku<\/a><\/li>\n\t\t<li class=\"wsp-post\"><a href=\"https:\/\/www.fontionnel.sk\/cz\/zalozeni-obcanskeho-sdruzeni-na-slovensku\/\">Zalo\u017een\u00ed ob\u010dansk\u00e9ho sdru\u017een\u00ed na Slovensku<\/a><\/li>\n\t\t<li class=\"wsp-post\"><a href=\"https:\/\/www.fontionnel.sk\/cz\/zalozeni-firmy-kft-v-madarsku\/\">Zalo\u017een\u00ed firmy kft. v Ma\u010farsku<\/a><\/li>\n\t<li><strong class=\"wsp-category-title\">Category: <a href=\"https:\/\/www.fontionnel.sk\/cz\/category\/blog\/clanky\/\">\u010cl\u00e1nky<\/a><\/strong>\n<\/li>\n\t<li><strong class=\"wsp-category-title\">Category: <a href=\"https:\/\/www.fontionnel.sk\/cz\/category\/blog\/obchodne-spolocnosti\/\">Obchodn\u00e9 spolo\u010dnosti<\/a><\/strong>\n<\/li>\n\t<li><strong class=\"wsp-category-title\">Category: <a href=\"https:\/\/www.fontionnel.sk\/cz\/category\/blog\/uctovnictvo\/\">\u00da\u010dtovn\u00edctvo<\/a><\/strong>\n<\/li>\n\t<li><strong class=\"wsp-category-title\">Category: <a href=\"https:\/\/www.fontionnel.sk\/cz\/category\/blog\/zahranicne-spolocnosti\/\">Zahrani\u010dn\u00e9 spolo\u010dnosti<\/a><\/strong>\n<\/li>\n<\/ul><\/li>\n\t<li><strong class=\"wsp-category-title\">Category: <a href=\"https:\/\/www.fontionnel.sk\/cz\/category\/ekonomicke-poradenstvo-slovnik-pojmov\/\">Ekonomick\u00e9 poradenstvo - slovn\u00edk pojmov<\/a><\/strong>\n<\/li>\n\t<li><strong class=\"wsp-category-title\">Category: <a href=\"https:\/\/www.fontionnel.sk\/cz\/category\/prakticke-rady\/\">Praktick\u00e9 rady<\/a><\/strong>\n<\/li>\n<\/ul>\n<h2 class=\"wsp-landingpages-title\">Landing page<\/h2>\n<ul class=\"wsp-landingpages-list\">\n<li><a href=\"https:\/\/www.fontionnel.sk\/cz\/landingpage\/slovak-vzor\/\">Vzor<\/a><\/li>\n<\/ul>\n<\/div>\n","protected":false},"excerpt":{"rendered":"MenuHome O n\u00e1s Kdo jsme Slu\u017eby Zalo\u017een\u00ed spole\u010dnosti Zalo\u017een\u00ed s.r.o. v \u010cesk\u00e9 republice Zalo\u017een\u00ed a.s. v \u010cesk\u00e9 republice Zalo\u017een\u00ed s.r.o....","protected":false},"author":2,"featured_media":0,"parent":0,"menu_order":0,"comment_status":"closed","ping_status":"closed","template":"mapa-stranok.php","meta":{"footnotes":""},"class_list":["post-4905","page","type-page","status-publish","hentry"],"aioseo_notices":[],"_links":{"self":[{"href":"https:\/\/www.fontionnel.sk\/cz\/wp-json\/wp\/v2\/pages\/4905","targetHints":{"allow":["GET"]}}],"collection":[{"href":"https:\/\/www.fontionnel.sk\/cz\/wp-json\/wp\/v2\/pages"}],"about":[{"href":"https:\/\/www.fontionnel.sk\/cz\/wp-json\/wp\/v2\/types\/page"}],"author":[{"embeddable":true,"href":"https:\/\/www.fontionnel.sk\/cz\/wp-json\/wp\/v2\/users\/2"}],"replies":[{"embeddable":true,"href":"https:\/\/www.fontionnel.sk\/cz\/wp-json\/wp\/v2\/comments?post=4905"}],"version-history":[{"count":9,"href":"https:\/\/www.fontionnel.sk\/cz\/wp-json\/wp\/v2\/pages\/4905\/revisions"}],"predecessor-version":[{"id":8008,"href":"https:\/\/www.fontionnel.sk\/cz\/wp-json\/wp\/v2\/pages\/4905\/revisions\/8008"}],"wp:attachment":[{"href":"https:\/\/www.fontionnel.sk\/cz\/wp-json\/wp\/v2\/media?parent=4905"}],"curies":[{"name":"wp","href":"https:\/\/api.w.org\/{rel}","templated":true}]}}