{"id":5370,"date":"2014-09-15T19:02:44","date_gmt":"2014-09-15T19:02:44","guid":{"rendered":"http:\/\/www.fontionnel.sk\/?page_id=5370"},"modified":"2015-04-11T21:39:13","modified_gmt":"2015-04-11T19:39:13","slug":"uctovna-poradna","status":"publish","type":"page","link":"https:\/\/www.fontionnel.sk\/cz\/uctovna-poradna\/","title":{"rendered":"(Slovak) \u00da\u010dtovn\u00e1 porad\u0148a"},"content":{"rendered":"<p class=\"qtranxs-available-languages-message qtranxs-available-languages-message-cz\">p\u0159eklad nen\u00ed k dispozici<\/p>","protected":false},"excerpt":{"rendered":"Po\u0161lite n\u00e1m svoje ot\u00e1zky pomocou formul\u00e1ra Va\u0161e menopovinn\u00e9 V\u00e1\u0161 emailpovinn\u00e9 Va\u0161e telef\u00f3nne \u010d\u00edslopovinn\u00e9 Kedy V\u00e1m m\u00f4\u017eeme zavola\u0165? Va\u0161a ot\u00e1zka Send...","protected":false},"author":2,"featured_media":0,"parent":0,"menu_order":0,"comment_status":"closed","ping_status":"closed","template":"sluzby.php","meta":{"footnotes":""},"class_list":["post-5370","page","type-page","status-publish","hentry"],"aioseo_notices":[],"_links":{"self":[{"href":"https:\/\/www.fontionnel.sk\/cz\/wp-json\/wp\/v2\/pages\/5370","targetHints":{"allow":["GET"]}}],"collection":[{"href":"https:\/\/www.fontionnel.sk\/cz\/wp-json\/wp\/v2\/pages"}],"about":[{"href":"https:\/\/www.fontionnel.sk\/cz\/wp-json\/wp\/v2\/types\/page"}],"author":[{"embeddable":true,"href":"https:\/\/www.fontionnel.sk\/cz\/wp-json\/wp\/v2\/users\/2"}],"replies":[{"embeddable":true,"href":"https:\/\/www.fontionnel.sk\/cz\/wp-json\/wp\/v2\/comments?post=5370"}],"version-history":[{"count":5,"href":"https:\/\/www.fontionnel.sk\/cz\/wp-json\/wp\/v2\/pages\/5370\/revisions"}],"predecessor-version":[{"id":5373,"href":"https:\/\/www.fontionnel.sk\/cz\/wp-json\/wp\/v2\/pages\/5370\/revisions\/5373"}],"wp:attachment":[{"href":"https:\/\/www.fontionnel.sk\/cz\/wp-json\/wp\/v2\/media?parent=5370"}],"curies":[{"name":"wp","href":"https:\/\/api.w.org\/{rel}","templated":true}]}}