{"id":5461,"date":"2014-09-23T19:30:53","date_gmt":"2014-09-23T19:30:53","guid":{"rendered":"http:\/\/www.fontionnel.sk\/?page_id=5461"},"modified":"2017-02-14T11:31:36","modified_gmt":"2017-02-14T09:31:36","slug":"predaj-spolocnosti-s-historiou","status":"publish","type":"page","link":"https:\/\/www.fontionnel.sk\/cz\/prodej-sro-starsi-spolecnosti\/","title":{"rendered":"Prodej s.r.o. s histori\u00ed"},"content":{"rendered":"<p><\/p>\n<h2>Prodej spole\u010dnosti s.r.o. s histori\u00ed na Slovensku<\/h2>\n<p>M\u00e1te z\u00e1jem koupit spole\u010dnost s.r.o. (pl\u00e1tce DPH, nepl\u00e1tce), kter\u00e1 vykon\u00e1vala ekonomickou \u010dinnost, vedla podvojn\u00e9 \u00fa\u010detnictv\u00ed \u0159\u00e1dn\u011b podle legislativn\u00edch p\u0159edpis\u016f, nem\u00e1 \u017e\u00e1dn\u00e9 z\u00e1vazky, pohled\u00e1vky a plnila v\u0161echny povinnosti v\u016f\u010di st\u00e1tn\u00edm instituc\u00edm, jako nap\u0159\u00edklad Da\u0148ov\u00fd \u00fa\u0159ad, Soci\u00e1ln\u00ed poji\u0161\u0165ovna, okresn\u00ed \u00fa\u0159ad odbor \u017eivnostensk\u00e9ho podnik\u00e1n\u00ed a dal\u0161\u00ed? Prodej spole\u010dnosti s.r.o. s histori\u00ed je ide\u00e1ln\u00ed volbou pro za\u010d\u00ednaj\u00edc\u00ed, ale i zku\u0161en\u00e9 podnikatele, kte\u0159\u00ed maj\u00ed v pl\u00e1nu realizovat podnikatelsk\u00fd z\u00e1m\u011br a nemaj\u00ed \u010das na zakl\u00e1d\u00e1n\u00ed nov\u00e9 firmy a n\u00e1sledn\u00e9 zdlouhav\u00e9 registrace k DPH. Jednou z velk\u00fdch v\u00fdhod p\u0159i koupi spole\u010dnosti s \u00fa\u010detn\u00ed histori\u00ed, je i mo\u017enost \u010derp\u00e1n\u00ed dotac\u00ed, kter\u00e9 z\u00edskaj\u00ed jen spole\u010dnosti, kter\u00e9 vykazovaly ekonomickou \u010dinnost a existuj\u00ed minim\u00e1ln\u011b 12 m\u011bs\u00edc\u016f. Dal\u0161\u00edm pozitivem je i vybudovan\u00e9 dobr\u00e9 jm\u00e9no firmy, p\u0159i styku se st\u00e1tn\u00edmi institucemi, jako je nap\u0159\u00edklad Da\u0148ov\u00fd \u00fa\u0159ad.<\/p>\n<h3>Na\u0161e spole\u010dnosti s.r.o. s histori\u00ed jsou:<\/h3>\n<div><\/p>\n<ul class=\"card-list\">\n<li>garantovan\u011b v 100% stavu;<\/li>\n<li>bez z\u00e1vazk\u016f;<\/li>\n<li>bez pohled\u00e1vek;<\/li>\n<li>bez smluv o tich\u00e9m spole\u010denstv\u00ed;<\/li>\n<li>nenach\u00e1zej\u00ed se v \u017e\u00e1dn\u00fdch soudn\u00edch sporech;<\/li>\n<li>disponuj\u00ed kompletn\u00ed \u00fa\u010detn\u00ed dokumentac\u00ed;<\/li>\n<li>ke ka\u017ed\u00e9 spole\u010dnosti je k dispozici aktu\u00e1ln\u00ed potvrzen\u00ed o bezdlu\u017enosti (v\u0161echny zdravotn\u00ed poji\u0161\u0165ovny, soci\u00e1ln\u00ed poji\u0161\u0165ovna, da\u0148ov\u00fd \u00fa\u0159ad a tak\u00e9 potvrzen\u00ed ze soudu, \u017ee se spole\u010dnost nenach\u00e1z\u00ed v konkurzu, likvidaci \u010di restrukturalizac\u00ed, zda potvrzen\u00ed z inspektor\u00e1tu pr\u00e1ce, \u017ee spole\u010dnosti nikdy neprov\u00e1d\u011bla neleg\u00e1ln\u00ed zam\u011bstn\u00e1v\u00e1n\u00ed).<\/li>\n<\/ul>\n<p><\/div>\n<p><strong>V p\u0159\u00edpad\u011b z\u00e1jmu o koupi spole\u010dnosti, V\u00e1m um\u00edme zajistit advok\u00e1ta k proveden\u00ed zm\u011bny v Obchodn\u00edm rejst\u0159\u00edku &#8211; p\u0159evod obchodn\u00edho pod\u00edlu.<\/strong><\/p>","protected":false},"excerpt":{"rendered":"<p>Prodej spole\u010dnosti s.r.o. s histori\u00ed na Slovensku M\u00e1te z\u00e1jem koupit spole\u010dnost s.r.o. (pl\u00e1tce DPH, nepl\u00e1tce), kter\u00e1 vykon\u00e1vala ekonomickou \u010dinnost, vedla&#8230;<\/p>\n","protected":false},"author":2,"featured_media":7685,"parent":0,"menu_order":0,"comment_status":"closed","ping_status":"closed","template":"sluzby.php","meta":{"footnotes":""},"class_list":["post-5461","page","type-page","status-publish","has-post-thumbnail","hentry"],"aioseo_notices":[],"_links":{"self":[{"href":"https:\/\/www.fontionnel.sk\/cz\/wp-json\/wp\/v2\/pages\/5461","targetHints":{"allow":["GET"]}}],"collection":[{"href":"https:\/\/www.fontionnel.sk\/cz\/wp-json\/wp\/v2\/pages"}],"about":[{"href":"https:\/\/www.fontionnel.sk\/cz\/wp-json\/wp\/v2\/types\/page"}],"author":[{"embeddable":true,"href":"https:\/\/www.fontionnel.sk\/cz\/wp-json\/wp\/v2\/users\/2"}],"replies":[{"embeddable":true,"href":"https:\/\/www.fontionnel.sk\/cz\/wp-json\/wp\/v2\/comments?post=5461"}],"version-history":[{"count":11,"href":"https:\/\/www.fontionnel.sk\/cz\/wp-json\/wp\/v2\/pages\/5461\/revisions"}],"predecessor-version":[{"id":9422,"href":"https:\/\/www.fontionnel.sk\/cz\/wp-json\/wp\/v2\/pages\/5461\/revisions\/9422"}],"wp:featuredmedia":[{"embeddable":true,"href":"https:\/\/www.fontionnel.sk\/cz\/wp-json\/wp\/v2\/media\/7685"}],"wp:attachment":[{"href":"https:\/\/www.fontionnel.sk\/cz\/wp-json\/wp\/v2\/media?parent=5461"}],"curies":[{"name":"wp","href":"https:\/\/api.w.org\/{rel}","templated":true}]}}