{"id":6490,"date":"2015-06-22T15:27:37","date_gmt":"2015-06-22T13:27:37","guid":{"rendered":"http:\/\/www.fontionnel.sk\/?page_id=6490"},"modified":"2017-02-14T11:34:03","modified_gmt":"2017-02-14T09:34:03","slug":"predaj-kft-v-madarsku","status":"publish","type":"page","link":"https:\/\/www.fontionnel.sk\/cz\/prodej-sro-kft-madarsko\/","title":{"rendered":"Prodej s.r.o. v Ma\u010farsku"},"content":{"rendered":"<p><\/p>\n<h2>Prodej spole\u010dnosti kft.\u00a0v Ma\u010farsku<\/h2>\n<p>Podnikatelsk\u00e9 prost\u0159ed\u00ed v Ma\u010farsku je v sou\u010dasnosti p\u0159ita\u017eliv\u00e9 zejm\u00e9na kv\u016fli v\u00fdhodn\u00fdm da\u0148ov\u00fdm sazb\u00e1m. Nen\u00e1ro\u010dn\u00fd a rychl\u00fd proces p\u0159i zalo\u017een\u00ed, tak p\u0159i prodeji hotov\u00e9 ready-made spole\u010dnosti kft. je tak\u00e9 v\u00fdhodou.<\/p>\n<p>Spole\u010dnost FONTIONNEL se zab\u00fdv\u00e1 zakl\u00e1d\u00e1n\u00edm a prodejem spole\u010dnost\u00ed v Ma\u010farsku. K dispozici m\u00e1me spole\u010dnosti, kter\u00e9 byly zalo\u017eeny za \u00fa\u010delem dal\u0161\u00edho prodeje. To znamen\u00e1, \u017ee nevykon\u00e1valy \u017e\u00e1dnou hospod\u00e1\u0159skou \u010dinnost. Na\u0161i klienti maj\u00ed na v\u00fdb\u011br spole\u010dnosti, kter\u00e9 jsou zaps\u00e1ny do obchodn\u00edho rejst\u0159\u00edku, maj\u00ed splacen\u00fd z\u00e1kladn\u00ed kapit\u00e1l v pln\u00e9m rozsahu, jsou zaregistrov\u00e1ny na da\u0148ov\u00e9m \u00fa\u0159ad\u011b k dani z p\u0159\u00edjmu, dani z p\u0159idan\u00e9 hodnoty &#8211; DPH. V souvislosti se slu\u017ebami zaji\u0161\u0165ujeme virtu\u00e1ln\u00ed s\u00eddlo a veden\u00ed \u00fa\u010detnictv\u00ed v Ma\u010farsku.<\/p>\n<h3>Pro\u010d vyu\u017e\u00edt na\u0161e slu\u017eby<\/h3>\n<div><\/p>\n<ul class=\"card-list\">\n<li>Bezplatn\u00e9 poradenstv\u00ed.<\/li>\n<li>Listiny po\u0159izuje advok\u00e1t.<\/li>\n<li>Zaji\u0161\u0165ujeme veden\u00ed \u00fa\u010detnictv\u00ed.<\/li>\n<li>Poskytujeme virtu\u00e1ln\u00ed s\u00eddla v Kom\u00e1romu a v Budape\u0161ti.<\/li>\n<li>Mno\u017estv\u00ed spokojen\u00fdch klient\u016f &#8211; <a href=\"https:\/\/www.fontionnel.sk\/cz\/reference\/\">reference<\/a>.<\/li>\n<li>Zabezpe\u010den\u00ed slu\u017eby smluvn\u011b garantujeme.<\/li>\n<li>Cen\u00edk spole\u010dnosti v Ma\u010farsku.<\/li>\n<\/ul>\n<p><\/div>\n<h3>PRODEJ FIREM &#8211; MA\u010eARSK\u00c9 KFT. CENA<\/h3>\n<p>Spole\u010dnost kft. &#8211; Nepl\u00e1tce DPH 1.390 \u20ac<\/p>\n<p>Spole\u010dnost kft. &#8211; Pl\u00e1tce DPH 1.790 \u20ac<\/p>\n<h3>Veden\u00ed \u00fa\u010detnictv\u00ed v Ma\u010farsku<\/h3>\n<p>\u00da\u010detnictv\u00ed poskytujeme na \u00fazem\u00ed Ma\u010farska a na \u00fazem\u00ed \u010cesk\u00e9 republiky. V p\u0159\u00edpad\u011b pot\u0159eby pod\u00e1n\u00ed da\u0148ov\u00e9ho p\u0159izn\u00e1n\u00ed nen\u00ed nutn\u00e9 cestovat do Ma\u010farska. V\u0161e V\u00e1m zajist\u00edme na \u00fazem\u00ed \u010cR.<\/p>\n<h3>Virtu\u00e1ln\u00ed s\u00eddlo v Ma\u010farsku<\/h3>\n<div>\n<ul class=\"card-list\">\n<li>Kom\u00e1rom<\/li>\n<\/ul>\n<p><\/div><\/p>","protected":false},"excerpt":{"rendered":"<p>Prodej spole\u010dnosti kft.\u00a0v Ma\u010farsku Podnikatelsk\u00e9 prost\u0159ed\u00ed v Ma\u010farsku je v sou\u010dasnosti p\u0159ita\u017eliv\u00e9 zejm\u00e9na kv\u016fli v\u00fdhodn\u00fdm da\u0148ov\u00fdm sazb\u00e1m. Nen\u00e1ro\u010dn\u00fd a rychl\u00fd&#8230;<\/p>\n","protected":false},"author":2,"featured_media":7693,"parent":0,"menu_order":0,"comment_status":"closed","ping_status":"closed","template":"sluzby.php","meta":{"footnotes":""},"class_list":["post-6490","page","type-page","status-publish","has-post-thumbnail","hentry"],"aioseo_notices":[],"_links":{"self":[{"href":"https:\/\/www.fontionnel.sk\/cz\/wp-json\/wp\/v2\/pages\/6490","targetHints":{"allow":["GET"]}}],"collection":[{"href":"https:\/\/www.fontionnel.sk\/cz\/wp-json\/wp\/v2\/pages"}],"about":[{"href":"https:\/\/www.fontionnel.sk\/cz\/wp-json\/wp\/v2\/types\/page"}],"author":[{"embeddable":true,"href":"https:\/\/www.fontionnel.sk\/cz\/wp-json\/wp\/v2\/users\/2"}],"replies":[{"embeddable":true,"href":"https:\/\/www.fontionnel.sk\/cz\/wp-json\/wp\/v2\/comments?post=6490"}],"version-history":[{"count":4,"href":"https:\/\/www.fontionnel.sk\/cz\/wp-json\/wp\/v2\/pages\/6490\/revisions"}],"predecessor-version":[{"id":9424,"href":"https:\/\/www.fontionnel.sk\/cz\/wp-json\/wp\/v2\/pages\/6490\/revisions\/9424"}],"wp:featuredmedia":[{"embeddable":true,"href":"https:\/\/www.fontionnel.sk\/cz\/wp-json\/wp\/v2\/media\/7693"}],"wp:attachment":[{"href":"https:\/\/www.fontionnel.sk\/cz\/wp-json\/wp\/v2\/media?parent=6490"}],"curies":[{"name":"wp","href":"https:\/\/api.w.org\/{rel}","templated":true}]}}