{"id":6689,"date":"2015-10-18T10:15:56","date_gmt":"2015-10-18T08:15:56","guid":{"rendered":"https:\/\/www.fontionnel.sk\/?page_id=6689"},"modified":"2017-02-08T11:31:22","modified_gmt":"2017-02-08T09:31:22","slug":"nas-tim","status":"publish","type":"page","link":"https:\/\/www.fontionnel.sk\/cz\/nas-tym\/","title":{"rendered":"N\u00e1\u0161 t\u00fdm"},"content":{"rendered":"","protected":false},"excerpt":{"rendered":"","protected":false},"author":7,"featured_media":0,"parent":0,"menu_order":0,"comment_status":"closed","ping_status":"closed","template":"nas-tim.php","meta":{"footnotes":""},"class_list":["post-6689","page","type-page","status-publish","hentry"],"aioseo_notices":[],"_links":{"self":[{"href":"https:\/\/www.fontionnel.sk\/cz\/wp-json\/wp\/v2\/pages\/6689","targetHints":{"allow":["GET"]}}],"collection":[{"href":"https:\/\/www.fontionnel.sk\/cz\/wp-json\/wp\/v2\/pages"}],"about":[{"href":"https:\/\/www.fontionnel.sk\/cz\/wp-json\/wp\/v2\/types\/page"}],"author":[{"embeddable":true,"href":"https:\/\/www.fontionnel.sk\/cz\/wp-json\/wp\/v2\/users\/7"}],"replies":[{"embeddable":true,"href":"https:\/\/www.fontionnel.sk\/cz\/wp-json\/wp\/v2\/comments?post=6689"}],"version-history":[{"count":4,"href":"https:\/\/www.fontionnel.sk\/cz\/wp-json\/wp\/v2\/pages\/6689\/revisions"}],"predecessor-version":[{"id":8268,"href":"https:\/\/www.fontionnel.sk\/cz\/wp-json\/wp\/v2\/pages\/6689\/revisions\/8268"}],"wp:attachment":[{"href":"https:\/\/www.fontionnel.sk\/cz\/wp-json\/wp\/v2\/media?parent=6689"}],"curies":[{"name":"wp","href":"https:\/\/api.w.org\/{rel}","templated":true}]}}