{"id":6900,"date":"2015-11-25T19:06:55","date_gmt":"2015-11-25T17:06:55","guid":{"rendered":"https:\/\/www.fontionnel.sk\/?page_id=6900"},"modified":"2016-07-16T22:34:06","modified_gmt":"2016-07-16T20:34:06","slug":"jednoduche-uctovnictvo","status":"publish","type":"page","link":"https:\/\/www.fontionnel.sk\/cz\/jednoduche-ucetnictvi\/","title":{"rendered":"Jednoduch\u00e9 \u00fa\u010detnictv\u00ed"},"content":{"rendered":"<p><\/p>\n<h2>Poskytujeme jednoduch\u00e9 \u00fa\u010detnictv\u00ed pro \u017eivnostn\u00edky, svobodn\u00e1 povol\u00e1n\u00ed a ob\u010dansk\u00e1 sdru\u017een\u00ed<\/h2>\n<p>V soustav\u011b jednoduch\u00e9ho \u00fa\u010detnictv\u00ed maj\u00ed mo\u017enost \u00fa\u010dtovat subjekty, kter\u00e9 nejsou zaps\u00e1ny v obchodn\u00edm rejst\u0159\u00edku (not\u00e1\u0159, l\u00e9ka\u0159, zv\u011brol\u00e9ka\u0159, architekt, um\u011blec, spisovatel, tlumo\u010dn\u00edk, atd.) \u017divnostn\u00edci, ob\u010dansk\u00e1 sdru\u017een\u00ed, sdru\u017een\u00ed pr\u00e1vnick\u00fdch osob, spole\u010denstv\u00ed vlastn\u00edk\u016f byt\u016f a nebytov\u00fdch prostor, neziskov\u00e9 organizace poskytuj\u00edc\u00ed obecn\u011b prosp\u011b\u0161n\u00e9 slu\u017eby a dal\u0161\u00ed subjekty za p\u0159edpokladu, \u017ee nepodnikaj\u00ed a jejich p\u0159\u00edjmy v p\u0159edchoz\u00edm \u00fa\u010detn\u00edm obdob\u00ed nep\u0159es\u00e1hly 200 000 EUR. Tak\u00e9 v soustav\u011b jednoduch\u00e9ho \u00fa\u010detnictv\u00ed \u00fa\u010dtuj\u00ed c\u00edrkve, n\u00e1bo\u017eensk\u00e9 spole\u010dnosti, pokud nepodnikaj\u00ed, \u010di pozemkov\u00e9 spole\u010denstv\u00ed, pokud jejich p\u0159\u00edjmy nep\u0159es\u00e1hly 200 000 EUR.<\/p>\n<h3>Co zahrnuje veden\u00ed jednoduch\u00e9ho \u00fa\u010detnictv\u00ed na\u0161\u00ed spole\u010dnost\u00ed?<\/h3>\n<p>P\u0159i veden\u00ed jednoduch\u00e9ho \u00fa\u010detnictv\u00ed V\u00e1m poskytneme n\u00e1sleduj\u00edc\u00ed \u00fa\u010detn\u00ed slu\u017eby:<\/p>\n<div>\n<ul class=\"card-list\">\n<li>veden\u00ed pen\u011b\u017en\u00edho, \u00fa\u010detn\u00edho den\u00edku;<\/li>\n<li>kontrola doklad\u016f po form\u00e1ln\u00ed a obsahov\u00e9 str\u00e1nce;<\/li>\n<li>evidence pohled\u00e1vek a z\u00e1vazk\u016f;<\/li>\n<li>evidence z\u00e1sob a majetku;<\/li>\n<li>zpracov\u00e1n\u00ed \u00fa\u010detn\u00ed z\u00e1v\u011brky;<\/li>\n<li>komplexn\u00ed da\u0148ov\u00e1 a \u00fa\u010detn\u00ed agenda.<\/li>\n<\/ul>\n<p><\/div><\/p>","protected":false},"excerpt":{"rendered":"<p>Poskytujeme jednoduch\u00e9 \u00fa\u010detnictv\u00ed pro \u017eivnostn\u00edky, svobodn\u00e1 povol\u00e1n\u00ed a ob\u010dansk\u00e1 sdru\u017een\u00ed V soustav\u011b jednoduch\u00e9ho \u00fa\u010detnictv\u00ed maj\u00ed mo\u017enost \u00fa\u010dtovat subjekty, kter\u00e9 nejsou&#8230;<\/p>\n","protected":false},"author":2,"featured_media":7720,"parent":0,"menu_order":0,"comment_status":"closed","ping_status":"closed","template":"sluzby.php","meta":{"footnotes":""},"class_list":["post-6900","page","type-page","status-publish","has-post-thumbnail","hentry"],"aioseo_notices":[],"_links":{"self":[{"href":"https:\/\/www.fontionnel.sk\/cz\/wp-json\/wp\/v2\/pages\/6900","targetHints":{"allow":["GET"]}}],"collection":[{"href":"https:\/\/www.fontionnel.sk\/cz\/wp-json\/wp\/v2\/pages"}],"about":[{"href":"https:\/\/www.fontionnel.sk\/cz\/wp-json\/wp\/v2\/types\/page"}],"author":[{"embeddable":true,"href":"https:\/\/www.fontionnel.sk\/cz\/wp-json\/wp\/v2\/users\/2"}],"replies":[{"embeddable":true,"href":"https:\/\/www.fontionnel.sk\/cz\/wp-json\/wp\/v2\/comments?post=6900"}],"version-history":[{"count":3,"href":"https:\/\/www.fontionnel.sk\/cz\/wp-json\/wp\/v2\/pages\/6900\/revisions"}],"predecessor-version":[{"id":8372,"href":"https:\/\/www.fontionnel.sk\/cz\/wp-json\/wp\/v2\/pages\/6900\/revisions\/8372"}],"wp:featuredmedia":[{"embeddable":true,"href":"https:\/\/www.fontionnel.sk\/cz\/wp-json\/wp\/v2\/media\/7720"}],"wp:attachment":[{"href":"https:\/\/www.fontionnel.sk\/cz\/wp-json\/wp\/v2\/media?parent=6900"}],"curies":[{"name":"wp","href":"https:\/\/api.w.org\/{rel}","templated":true}]}}