{"id":6902,"date":"2015-11-25T19:07:30","date_gmt":"2015-11-25T17:07:30","guid":{"rendered":"https:\/\/www.fontionnel.sk\/?page_id=6902"},"modified":"2016-07-16T22:35:29","modified_gmt":"2016-07-16T20:35:29","slug":"podvojne-uctovnictvo","status":"publish","type":"page","link":"https:\/\/www.fontionnel.sk\/cz\/podvojne-ucetnictvi\/","title":{"rendered":"Podvojn\u00e9 \u00fa\u010detnictv\u00ed"},"content":{"rendered":"<p><\/p>\n<h2>Poskytujeme \u00fa\u010detn\u00ed slu\u017eby v soustav\u011b podvojn\u00e9ho \u00fa\u010detnictv\u00ed<\/h2>\n<p>Poskytujeme \u00fa\u010detn\u00ed slu\u017eby, poradenstv\u00ed v oblasti dan\u00ed ve spolupr\u00e1ci s da\u0148ov\u00fdm poradcem na \u00fazem\u00ed cel\u00e9 Slovensk\u00e9 republiky, \u010cesk\u00e9 republiky a Ma\u010farska. Vzhledem k dlouholetou p\u016fsobnost na\u0161\u00ed spole\u010dnosti, individu\u00e1ln\u00ed zku\u0161enosti pracovn\u00edk\u016f spole\u010dnosti, v\u00edme vyhov\u011bt \u0161irok\u00e9mu spektru po\u017eadavk\u016f klient\u016f, z r\u016fzn\u00fdch oblast\u00ed podnik\u00e1n\u00ed. \u00da\u010detnictv\u00ed od spole\u010dnosti FONTIONNEL vyu\u017e\u00edvaj\u00ed zejm\u00e9na \u017eivnostn\u00edci, mal\u00ed a st\u0159edn\u00ed podnikatel\u00e9, men\u0161\u00ed ale i v\u011bt\u0161\u00ed v\u00fdrobn\u00ed, dopravn\u00ed, stavebn\u00ed, farmaceutick\u00e9 a IT spole\u010dnosti.<\/p>\n<p>Vzhledem k tomu, \u017ee veden\u00ed \u00fa\u010detnictv\u00ed, je pro ka\u017ed\u00e9ho podnikatele povinnost\u00ed, je t\u0159eba zv\u00e1\u017eit i mo\u017enost, p\u0159enechat veden\u00ed \u00fa\u010detnictv\u00ed extern\u00ed spole\u010dnosti, kter\u00e1 se postar\u00e1 o komplexn\u00ed agendu a vy se m\u016f\u017eete naplno v\u011bnovat podnik\u00e1n\u00ed.<\/p>\n<h3>Pro\u010d si vybrat \u00fa\u010detnictv\u00ed od spole\u010dnosti FONTIONNEL<\/h3>\n<p>N\u00e1\u0161 t\u00fdm se skl\u00e1d\u00e1 ze 14 intern\u00edch pracovn\u00edk\u016f, kte\u0159\u00ed se zam\u011b\u0159uj\u00ed na oblast ekonomie, dan\u00ed a pr\u00e1va. \u00dazce spolupracujeme s da\u0148ov\u00fdm poradcem a advok\u00e1tem. Za kvalitu na\u0161ich slu\u017eeb garantujeme. Pr\u00e1v\u011b proto prov\u00e1d\u00edme \u00fa\u010detn\u00ed slu\u017eby v\u017edy na z\u00e1klad\u011b smlouvy. Klient\u016fm poskytujeme pr\u016fb\u011b\u017en\u00e9 reporty, t\u00fdkaj\u00edc\u00ed se n\u00e1klad\u016f, v\u00fddaj\u016f a da\u0148ov\u00fdch povinnost\u00ed. Db\u00e1me na dodr\u017eov\u00e1n\u00ed term\u00edn\u016f a m\u00e1me uzav\u0159en\u00e9 poji\u0161t\u011bn\u00ed na odpov\u011bdnost z v\u00fdkonu povol\u00e1n\u00ed, kter\u00e9 za cel\u00e9 obdob\u00ed p\u016fsobnosti na\u0161\u00ed spole\u010dnosti nebylo nutn\u00e9 vyu\u017e\u00edt.<\/p>\n<h3>\u00da\u010detn\u00ed slu\u017eby, kter\u00e9 provedeme za V\u00e1s:<\/h3>\n<div>\n<ul class=\"card-list\">\n<li>veden\u00ed podvojn\u00e9ho \u00fa\u010detnictv\u00ed od evidence po pod\u00e1v\u00e1n\u00ed da\u0148ov\u00fdch p\u0159izn\u00e1n\u00ed pro FO a PO;<\/li>\n<li>ro\u010dn\u00ed z\u00fa\u010dtov\u00e1n\u00ed zdravotn\u00edho poji\u0161t\u011bn\u00ed;<\/li>\n<li>veden\u00ed a zpracov\u00e1n\u00ed kompletn\u00ed mzdov\u00e9 a person\u00e1ln\u00ed agendy;<\/li>\n<li>zastupov\u00e1n\u00ed klient\u016f p\u0159i jedn\u00e1n\u00edch na da\u0148ov\u00fdch \u00fa\u0159adech a v poji\u0161\u0165ovn\u00e1ch;<\/li>\n<li>prov\u00e1d\u011bn\u00ed prac\u00ed p\u0159\u00edmo ve firm\u00e1ch, nebo pr\u00e1ce dodavatelsk\u00fdm zp\u016fsobem;<\/li>\n<li>pos\u00edl\u00e1n\u00ed po\u0161ty, faktur a v\u00fdkaz\u016f elektronickou po\u0161tou;<\/li>\n<li>pou\u017e\u00edvan\u00fd \u00fa\u010detn\u00ed software Pohoda;<\/li>\n<li>da\u0148ov\u00e9 p\u0159izn\u00e1n\u00ed k DPH;<\/li>\n<li>da\u0148ov\u00e9 p\u0159izn\u00e1n\u00ed k dani z p\u0159\u00edjm\u016f pr\u00e1vnick\u00fdch osob;<\/li>\n<li>da\u0148ov\u00e9 p\u0159izn\u00e1n\u00ed k dani z p\u0159\u00edjm\u016f fyzick\u00fdch osob;<\/li>\n<li>da\u0148ov\u00e9 p\u0159izn\u00e1n\u00ed k dani z p\u0159\u00edjm\u016f zam\u011bstnanc\u016f;<\/li>\n<li>da\u0148ov\u00e9 p\u0159izn\u00e1n\u00ed k m\u00edstn\u00edm dan\u00edm \/ da\u0148 z nemovitost\u00ed;<\/li>\n<li>da\u0148ov\u00e9 p\u0159izn\u00e1n\u00ed k spot\u0159ebn\u00edm dan\u00edm;<\/li>\n<li>odvodov\u00e9 povinnosti;<\/li>\n<li>vr\u00e1cen\u00ed DPH;<\/li>\n<li>vnitropodnikov\u00e9 oce\u0148ov\u00e1n\u00ed;<\/li>\n<li>intrastat, souhrnn\u00fd v\u00fdkaz;<\/li>\n<li>\u00fa\u010detnictv\u00ed pro ob\u010dansk\u00e1 sdru\u017een\u00ed a nadace.<\/li>\n<\/ul>\n<p><\/div><\/p>","protected":false},"excerpt":{"rendered":"<p>Poskytujeme \u00fa\u010detn\u00ed slu\u017eby v soustav\u011b podvojn\u00e9ho \u00fa\u010detnictv\u00ed Poskytujeme \u00fa\u010detn\u00ed slu\u017eby, poradenstv\u00ed v oblasti dan\u00ed ve spolupr\u00e1ci s da\u0148ov\u00fdm poradcem na&#8230;<\/p>\n","protected":false},"author":2,"featured_media":7720,"parent":0,"menu_order":0,"comment_status":"closed","ping_status":"closed","template":"sluzby.php","meta":{"footnotes":""},"class_list":["post-6902","page","type-page","status-publish","has-post-thumbnail","hentry"],"aioseo_notices":[],"_links":{"self":[{"href":"https:\/\/www.fontionnel.sk\/cz\/wp-json\/wp\/v2\/pages\/6902","targetHints":{"allow":["GET"]}}],"collection":[{"href":"https:\/\/www.fontionnel.sk\/cz\/wp-json\/wp\/v2\/pages"}],"about":[{"href":"https:\/\/www.fontionnel.sk\/cz\/wp-json\/wp\/v2\/types\/page"}],"author":[{"embeddable":true,"href":"https:\/\/www.fontionnel.sk\/cz\/wp-json\/wp\/v2\/users\/2"}],"replies":[{"embeddable":true,"href":"https:\/\/www.fontionnel.sk\/cz\/wp-json\/wp\/v2\/comments?post=6902"}],"version-history":[{"count":2,"href":"https:\/\/www.fontionnel.sk\/cz\/wp-json\/wp\/v2\/pages\/6902\/revisions"}],"predecessor-version":[{"id":8329,"href":"https:\/\/www.fontionnel.sk\/cz\/wp-json\/wp\/v2\/pages\/6902\/revisions\/8329"}],"wp:featuredmedia":[{"embeddable":true,"href":"https:\/\/www.fontionnel.sk\/cz\/wp-json\/wp\/v2\/media\/7720"}],"wp:attachment":[{"href":"https:\/\/www.fontionnel.sk\/cz\/wp-json\/wp\/v2\/media?parent=6902"}],"curies":[{"name":"wp","href":"https:\/\/api.w.org\/{rel}","templated":true}]}}