{"id":6904,"date":"2015-11-25T19:08:03","date_gmt":"2015-11-25T17:08:03","guid":{"rendered":"https:\/\/www.fontionnel.sk\/?page_id=6904"},"modified":"2016-07-16T22:36:38","modified_gmt":"2016-07-16T20:36:38","slug":"mzdove-uctovnictvo","status":"publish","type":"page","link":"https:\/\/www.fontionnel.sk\/cz\/mzdove-ucetnictvi\/","title":{"rendered":"Mzdy a personalistika"},"content":{"rendered":"<p><\/p>\n<h2>Mzdov\u00e9 \u00fa\u010detnictv\u00ed a personalistika<\/h2>\n<p>Spole\u010dnost FONTIONNEL se v r\u00e1mci \u00fa\u010detn\u00edch slu\u017eeb zam\u011b\u0159uje na zpracov\u00e1n\u00ed mezd a personalistiku. Slu\u017eby poskytujeme v r\u00e1mci cel\u00e9 Slovensk\u00e9 republiky, \u010cesk\u00e9 republiky a Ma\u010farska. Mzdy pat\u0159\u00ed mezi slo\u017eitou \u00fa\u010detn\u00ed agendu, pr\u00e1v\u011b proto se na\u0161i pracovn\u00edci pravideln\u011b \u00fa\u010dastn\u00ed \u0161kolen\u00ed, zam\u011b\u0159en\u00fdch na mzdov\u00e9 \u00fa\u010detnictv\u00ed a personalistiku.<\/p>\n<h3>Poskytujeme n\u00e1sleduj\u00edc\u00ed slu\u017eby mzdov\u00e9 agendy<\/h3>\n<div>\n<ul class=\"card-list\">\n<li>M\u011bs\u00ed\u010dn\u00ed zpr\u00e1va mzdov\u00e9 agendy (mzdy, odvody a dan\u011b)<\/li>\n<li>Zpracov\u00e1n\u00ed m\u011bs\u00ed\u010dn\u00edch v\u00fdkaz\u016f (zdravotn\u00ed poji\u0161\u0165ovna a soci\u00e1ln\u00ed poji\u0161\u0165ovna)<\/li>\n<li>Pravideln\u00e9 m\u011bs\u00ed\u010dn\u00ed, \u010dtvrtletn\u00ed p\u0159ehledy ve form\u011b report\u016f<\/li>\n<li>Ro\u010dn\u00ed z\u00fa\u010dtov\u00e1n\u00ed dan\u011b ze z\u00e1visl\u00e9 \u010dinnosti, hl\u00e1\u0161en\u00ed o sra\u017een\u00fdch ro\u010dn\u00edch z\u00e1loh\u00e1ch ze z\u00e1visl\u00e9 \u010dinnosti<\/li>\n<li>Ro\u010dn\u00ed z\u00fa\u010dtov\u00e1n\u00ed zdravotn\u00edho poji\u0161t\u011bn\u00ed<\/li>\n<li>Komunikace s \u00fa\u0159ady (da\u0148ov\u00fd \u00fa\u0159ad, soci\u00e1ln\u00ed poji\u0161\u0165ovna, zdravotn\u00ed poji\u0161\u0165ovny)<\/li>\n<li>Vypracov\u00e1n\u00ed pracovn\u00edch smluv, dohod<\/li>\n<\/ul>\n<p><\/div><\/p>","protected":false},"excerpt":{"rendered":"<p>Mzdov\u00e9 \u00fa\u010detnictv\u00ed a personalistika Spole\u010dnost FONTIONNEL se v r\u00e1mci \u00fa\u010detn\u00edch slu\u017eeb zam\u011b\u0159uje na zpracov\u00e1n\u00ed mezd a personalistiku. Slu\u017eby poskytujeme v&#8230;<\/p>\n","protected":false},"author":2,"featured_media":7720,"parent":0,"menu_order":0,"comment_status":"closed","ping_status":"closed","template":"sluzby.php","meta":{"footnotes":""},"class_list":["post-6904","page","type-page","status-publish","has-post-thumbnail","hentry"],"aioseo_notices":[],"_links":{"self":[{"href":"https:\/\/www.fontionnel.sk\/cz\/wp-json\/wp\/v2\/pages\/6904","targetHints":{"allow":["GET"]}}],"collection":[{"href":"https:\/\/www.fontionnel.sk\/cz\/wp-json\/wp\/v2\/pages"}],"about":[{"href":"https:\/\/www.fontionnel.sk\/cz\/wp-json\/wp\/v2\/types\/page"}],"author":[{"embeddable":true,"href":"https:\/\/www.fontionnel.sk\/cz\/wp-json\/wp\/v2\/users\/2"}],"replies":[{"embeddable":true,"href":"https:\/\/www.fontionnel.sk\/cz\/wp-json\/wp\/v2\/comments?post=6904"}],"version-history":[{"count":2,"href":"https:\/\/www.fontionnel.sk\/cz\/wp-json\/wp\/v2\/pages\/6904\/revisions"}],"predecessor-version":[{"id":8330,"href":"https:\/\/www.fontionnel.sk\/cz\/wp-json\/wp\/v2\/pages\/6904\/revisions\/8330"}],"wp:featuredmedia":[{"embeddable":true,"href":"https:\/\/www.fontionnel.sk\/cz\/wp-json\/wp\/v2\/media\/7720"}],"wp:attachment":[{"href":"https:\/\/www.fontionnel.sk\/cz\/wp-json\/wp\/v2\/media?parent=6904"}],"curies":[{"name":"wp","href":"https:\/\/api.w.org\/{rel}","templated":true}]}}