{"id":6908,"date":"2015-11-25T19:09:17","date_gmt":"2015-11-25T17:09:17","guid":{"rendered":"https:\/\/www.fontionnel.sk\/?page_id=6908"},"modified":"2016-07-16T22:37:57","modified_gmt":"2016-07-16T20:37:57","slug":"transferove-ocenovanie","status":"publish","type":"page","link":"https:\/\/www.fontionnel.sk\/cz\/transferove-ocenovani\/","title":{"rendered":"Transferov\u00e9 oce\u0148ov\u00e1n\u00ed"},"content":{"rendered":"<p><\/p>\n<h2>Postup slu\u017eby sest\u00e1v\u00e1 z n\u00e1sleduj\u00edc\u00edch krok\u016f:<\/h2>\n<div>\n<ul class=\"card-list\">\n<li>anal\u00fdza a posouzen\u00ed transakc\u00ed se z\u00e1visl\u00fdmi osobami;<\/li>\n<li>definov\u00e1n\u00ed konkr\u00e9tn\u00edch transakc\u00ed, kter\u00e9 maj\u00ed b\u00fdt p\u0159edm\u011btem transferov\u00e9 dokumentace;<\/li>\n<li>v\u00fdb\u011br nejvhodn\u011bj\u0161\u00ed metody p\u0159evodn\u00edch cen;<\/li>\n<li>p\u0159\u00edprava dokumentace o trasferov\u00e9m oce\u0148ov\u00e1n\u00ed.<\/li>\n<\/ul>\n<p><\/div><\/p>","protected":false},"excerpt":{"rendered":"<p>Postup slu\u017eby sest\u00e1v\u00e1 z n\u00e1sleduj\u00edc\u00edch krok\u016f:<\/p>\n","protected":false},"author":2,"featured_media":9022,"parent":0,"menu_order":0,"comment_status":"closed","ping_status":"closed","template":"sluzby.php","meta":{"footnotes":""},"class_list":["post-6908","page","type-page","status-publish","has-post-thumbnail","hentry"],"aioseo_notices":[],"_links":{"self":[{"href":"https:\/\/www.fontionnel.sk\/cz\/wp-json\/wp\/v2\/pages\/6908","targetHints":{"allow":["GET"]}}],"collection":[{"href":"https:\/\/www.fontionnel.sk\/cz\/wp-json\/wp\/v2\/pages"}],"about":[{"href":"https:\/\/www.fontionnel.sk\/cz\/wp-json\/wp\/v2\/types\/page"}],"author":[{"embeddable":true,"href":"https:\/\/www.fontionnel.sk\/cz\/wp-json\/wp\/v2\/users\/2"}],"replies":[{"embeddable":true,"href":"https:\/\/www.fontionnel.sk\/cz\/wp-json\/wp\/v2\/comments?post=6908"}],"version-history":[{"count":2,"href":"https:\/\/www.fontionnel.sk\/cz\/wp-json\/wp\/v2\/pages\/6908\/revisions"}],"predecessor-version":[{"id":8331,"href":"https:\/\/www.fontionnel.sk\/cz\/wp-json\/wp\/v2\/pages\/6908\/revisions\/8331"}],"wp:featuredmedia":[{"embeddable":true,"href":"https:\/\/www.fontionnel.sk\/cz\/wp-json\/wp\/v2\/media\/9022"}],"wp:attachment":[{"href":"https:\/\/www.fontionnel.sk\/cz\/wp-json\/wp\/v2\/media?parent=6908"}],"curies":[{"name":"wp","href":"https:\/\/api.w.org\/{rel}","templated":true}]}}