{"id":697,"date":"2011-09-05T11:15:35","date_gmt":"2011-09-05T11:15:35","guid":{"rendered":"http:\/\/www.fontionnel.sk\/?page_id=697"},"modified":"2015-04-11T22:08:08","modified_gmt":"2015-04-11T20:08:08","slug":"danove-tlaciva-danovy-urad-tlaciva","status":"publish","type":"page","link":"https:\/\/www.fontionnel.sk\/cz\/danove-tlaciva-danovy-urad-tlaciva\/","title":{"rendered":"Da\u0148ov\u00e9 tla\u010div\u00e1"},"content":{"rendered":"<h2>Da\u0148ov\u00fd \u00farad tla\u010div\u00e1 \u2013 vzory tla\u010d\u00edv \u00fa\u010dtovn\u00edctvo<\/h2>\n<ul>\n<li><a href=\"http:\/\/www.fontionnel.sk\/wp-content\/uploads\/2011\/09\/ziadost_o_registraciu_pre_dph_tuzemska_osoba1.pdf\">\u017diadost o registraciu pre dph tuzemska osoba<\/a><\/li>\n<\/ul>\n","protected":false},"excerpt":{"rendered":"<p>Da\u0148ov\u00fd \u00farad tla\u010div\u00e1 \u2013 vzory tla\u010d\u00edv \u00fa\u010dtovn\u00edctvo \u017diadost o registraciu pre dph tuzemska osoba<\/p>\n","protected":false},"author":2,"featured_media":0,"parent":0,"menu_order":0,"comment_status":"closed","ping_status":"closed","template":"","meta":{"footnotes":""},"class_list":["post-697","page","type-page","status-publish","hentry"],"aioseo_notices":[],"_links":{"self":[{"href":"https:\/\/www.fontionnel.sk\/cz\/wp-json\/wp\/v2\/pages\/697","targetHints":{"allow":["GET"]}}],"collection":[{"href":"https:\/\/www.fontionnel.sk\/cz\/wp-json\/wp\/v2\/pages"}],"about":[{"href":"https:\/\/www.fontionnel.sk\/cz\/wp-json\/wp\/v2\/types\/page"}],"author":[{"embeddable":true,"href":"https:\/\/www.fontionnel.sk\/cz\/wp-json\/wp\/v2\/users\/2"}],"replies":[{"embeddable":true,"href":"https:\/\/www.fontionnel.sk\/cz\/wp-json\/wp\/v2\/comments?post=697"}],"version-history":[{"count":8,"href":"https:\/\/www.fontionnel.sk\/cz\/wp-json\/wp\/v2\/pages\/697\/revisions"}],"predecessor-version":[{"id":4163,"href":"https:\/\/www.fontionnel.sk\/cz\/wp-json\/wp\/v2\/pages\/697\/revisions\/4163"}],"wp:attachment":[{"href":"https:\/\/www.fontionnel.sk\/cz\/wp-json\/wp\/v2\/media?parent=697"}],"curies":[{"name":"wp","href":"https:\/\/api.w.org\/{rel}","templated":true}]}}