{"id":7020,"date":"2015-11-26T23:38:03","date_gmt":"2015-11-26T21:38:03","guid":{"rendered":"https:\/\/www.fontionnel.sk\/?page_id=7020"},"modified":"2016-05-12T15:17:07","modified_gmt":"2016-05-12T13:17:07","slug":"znalecke-posudky","status":"publish","type":"page","link":"https:\/\/www.fontionnel.sk\/cz\/znalecky-posudek-ocenovani-majetku\/","title":{"rendered":"Znaleck\u00fd posudek, oce\u0148ov\u00e1n\u00ed majetku"},"content":{"rendered":"<p><\/p>\n<h2>Oce\u0148ov\u00e1n\u00ed majetku a vypracov\u00e1n\u00ed znaleck\u00e9ho posudku &#8211; z\u00e1kladn\u00ed informace<\/h2>\n<p>Zaji\u0161\u0165ujeme vypracov\u00e1n\u00ed znaleck\u00fdch posudk\u016f, kter\u00e9 stanov\u00ed hodnotu podniku (firmy, obchodn\u00ed spole\u010dnosti) jako celek nebo \u010d\u00e1sti podniku. Zam\u011b\u0159ujeme se i na slu\u017ebu oce\u0148ov\u00e1n\u00ed majetku. Na\u0161e znalosti v oblasti oce\u0148ov\u00e1n\u00ed spole\u010dnost\u00ed, jsme nabyli na z\u00e1klad\u011b des\u00edtek transakc\u00ed, jednak na stran\u011b kupuj\u00edc\u00edho, tak na stran\u011b prod\u00e1vaj\u00edc\u00edho.<\/p>\n<p>Hodnota ka\u017ed\u00e9 spole\u010dnosti je individu\u00e1ln\u00ed. Z\u00e1vis\u00ed od velk\u00e9ho mno\u017estv\u00ed faktor\u016f &#8211; typ investora, velikost synergi\u00ed s ostatn\u00edmi aktivitami investora, aktu\u00e1ln\u00ed podm\u00ednky na trhu a mo\u017enost\u00ed financov\u00e1n\u00ed konkr\u00e9tn\u00edch transakc\u00ed.<\/p>\n<h3>Znaleck\u00e9 posudky, ocen\u011bn\u00ed majetku poskytujeme v n\u00e1sleduj\u00edc\u00edm rozsahu:<\/h3>\n<div><\/p>\n<ul class=\"card-list\">\n<li>stanoven\u00ed hodnoty podniku (firmy, spole\u010dnosti) jako celek nebo \u010d\u00e1sti podniku, stanoven\u00ed hodnoty pod\u00edl\u016f;<\/li>\n<li>stanoven\u00ed hodnoty jednotliv\u00fdch slo\u017eek majetku a z\u00e1vazk\u016f;<\/li>\n<li>stanoven\u00ed hodnoty nehmotn\u00fdch aktiv &#8211; stanoven\u00ed hodnoty goodwillu, know-how, licenc\u00ed a\u00a0 licen\u010dn\u00edch poplatk\u016f, ohodnocen\u00ed ochrann\u00fdch zn\u00e1mek;<\/li>\n<li>stanoven\u00ed hodnoty dlouhodob\u00e9ho hmotn\u00e9ho majetku &#8211; stanoven\u00ed hodnoty nemovitost\u00ed, dopravn\u00edch prost\u0159edk\u016f;<\/li>\n<li>stanoven\u00ed hodnoty finan\u010dn\u00edho aktiva &#8211; stanoven\u00ed hodnoty pod\u00edlov\u00fdch cenn\u00fdch pap\u00edr\u016f, dluhov\u00fdch cenn\u00fdch pap\u00edr\u016f;<\/li>\n<li>stanoven\u00ed hodnoty kr\u00e1tkodob\u00fdch aktiv &#8211; ohodnocen\u00ed pohled\u00e1vek, z\u00e1sob, zbo\u017e\u00ed;<\/li>\n<li>stanoven\u00ed hodnoty z\u00e1vazk\u016f &#8211; z podnikatelsk\u00e9 \u010dinnosti, p\u0159evzat\u00fdch z\u00e1vazk\u016f z ru\u010den\u00ed, z\u00e1vazk\u016f ze\u00a0 \u0161kodn\u00fdch ud\u00e1lost\u00ed;<\/li>\n<li>stanoven\u00ed v\u00fd\u0161e skute\u010dn\u00e9 \u0161kody z u\u0161l\u00e9ho zisku.<\/li>\n<\/ul>\n<p><\/div>\n<h3>Poskytujeme vypracov\u00e1n\u00ed znaleck\u00e9ho posudku na n\u00e1sleduj\u00edc\u00ed \u00fa\u010dely:<\/h3>\n<div><\/p>\n<ul class=\"card-list\">\n<li>prodej podniku nebo \u010d\u00e1sti podniku;<\/li>\n<li>f\u00faze, akvizice a rozd\u011blen\u00ed spole\u010dnosti;<\/li>\n<li>p\u0159evod akci\u00ed a obchodn\u00edho pod\u00edlu;<\/li>\n<li>nepen\u011b\u017eit\u00fd vklad do obchodn\u00ed spole\u010dnosti;<\/li>\n<li>transformace spole\u010dnosti na jinou pr\u00e1vn\u00ed formu;<\/li>\n<li>z\u0159\u00edzen\u00ed z\u00e1stavn\u00edho pr\u00e1va;<\/li>\n<li>vy\u010d\u00edslen\u00ed u\u0161l\u00e9ho zisku (rozmno\u017een\u00ed majetkov\u00fdch hodnot po\u0161kozen\u00e9ho, \u200b\u200bkter\u00e9 mohlo nastat, neb\u00fdt \u0161kodn\u00e9 ud\u00e1losti) a skute\u010dn\u00e9 \u0161kody (sn\u00ed\u017een\u00ed majetkov\u00fdch hodnot u po\u0161kozen\u00e9ho v d\u016fsledku \u0161kodn\u00e9 ud\u00e1losti);<\/li>\n<li>znaleck\u00e9 zkoum\u00e1n\u00ed v trestn\u00edm \u0159\u00edzen\u00ed (ekonomick\u00e1 kriminalita);<\/li>\n<li>soudn\u00ed spory, exekuce, likvidace spole\u010dnost\u00ed, konkurzy a restrukturalizace (p\u0159i stanoven\u00ed hodnoty z\u00e1vazk\u016f a hodnoty majetku prodlou\u017een\u00e9ho subjektu se vych\u00e1z\u00ed z \u00fa\u010detnictv\u00ed nebo z hodnoty ur\u010den\u00e9 znaleck\u00fdm posudkem, kter\u00fd m\u00e1 p\u0159ed \u00fa\u010detnictv\u00edm p\u0159ednost);<\/li>\n<li>ohodnocen\u00ed majetku p\u0159i nabyt\u00ed majetku v r\u00e1mci transakce mezi sp\u0159\u00edzn\u011bn\u00fdmi osobami (v souladu s \u00a7 59a obchodn\u00edho z\u00e1kon\u00edku).<\/li>\n<\/ul>\n<p><\/div>\n<h3>Cena za vypracov\u00e1n\u00ed znaleck\u00e9ho posudku<\/h3>\n<p>Na z\u00e1klad\u011b V\u00e1mi dodan\u00fdch podklad\u016f V\u00e1m znaleck\u00e1 organizace stanov\u00ed objektivn\u00ed cenovou nab\u00eddku v n\u00e1vaznosti na pr\u00e1vn\u00ed p\u0159edpisy, kter\u00e9 upravuj\u00ed odm\u011bnu znalce, tj z\u00e1kon \u010d. 382 \/ 2004 Sb. o znalc\u00edch, tlumo\u010dn\u00edc\u00edch a p\u0159ekladatel\u00edch a tak\u00e9 dle vyhl\u00e1\u0161ky Ministerstva spravedlnosti SR \u010d. 491\/2004 Sb. o odm\u011bn\u00e1ch, n\u00e1hrad\u00e1ch v\u00fddaj\u016f a n\u00e1hrad\u00e1ch za ztr\u00e1tu \u010dasu pro znalce, tlumo\u010dn\u00edky a p\u0159ekladatele, ve zn\u011bn\u00ed pozd\u011bj\u0161\u00edch p\u0159edpis\u016f.<\/p>","protected":false},"excerpt":{"rendered":"<p>Oce\u0148ov\u00e1n\u00ed majetku a vypracov\u00e1n\u00ed znaleck\u00e9ho posudku &#8211; z\u00e1kladn\u00ed informace Zaji\u0161\u0165ujeme vypracov\u00e1n\u00ed znaleck\u00fdch posudk\u016f, kter\u00e9 stanov\u00ed hodnotu podniku (firmy, obchodn\u00ed spole\u010dnosti)&#8230;<\/p>\n","protected":false},"author":2,"featured_media":8219,"parent":0,"menu_order":0,"comment_status":"closed","ping_status":"closed","template":"sluzby.php","meta":{"footnotes":""},"class_list":["post-7020","page","type-page","status-publish","has-post-thumbnail","hentry"],"aioseo_notices":[],"_links":{"self":[{"href":"https:\/\/www.fontionnel.sk\/cz\/wp-json\/wp\/v2\/pages\/7020","targetHints":{"allow":["GET"]}}],"collection":[{"href":"https:\/\/www.fontionnel.sk\/cz\/wp-json\/wp\/v2\/pages"}],"about":[{"href":"https:\/\/www.fontionnel.sk\/cz\/wp-json\/wp\/v2\/types\/page"}],"author":[{"embeddable":true,"href":"https:\/\/www.fontionnel.sk\/cz\/wp-json\/wp\/v2\/users\/2"}],"replies":[{"embeddable":true,"href":"https:\/\/www.fontionnel.sk\/cz\/wp-json\/wp\/v2\/comments?post=7020"}],"version-history":[{"count":2,"href":"https:\/\/www.fontionnel.sk\/cz\/wp-json\/wp\/v2\/pages\/7020\/revisions"}],"predecessor-version":[{"id":8358,"href":"https:\/\/www.fontionnel.sk\/cz\/wp-json\/wp\/v2\/pages\/7020\/revisions\/8358"}],"wp:featuredmedia":[{"embeddable":true,"href":"https:\/\/www.fontionnel.sk\/cz\/wp-json\/wp\/v2\/media\/8219"}],"wp:attachment":[{"href":"https:\/\/www.fontionnel.sk\/cz\/wp-json\/wp\/v2\/media?parent=7020"}],"curies":[{"name":"wp","href":"https:\/\/api.w.org\/{rel}","templated":true}]}}