{"id":7046,"date":"2015-11-30T13:13:45","date_gmt":"2015-11-30T11:13:45","guid":{"rendered":"https:\/\/www.fontionnel.sk\/?page_id=7046"},"modified":"2018-10-04T12:06:02","modified_gmt":"2018-10-04T10:06:02","slug":"zalozenie-spolocnosti-sro","status":"publish","type":"page","link":"https:\/\/www.fontionnel.sk\/cz\/zalozeni-spolecnosti-sro\/","title":{"rendered":"Zalo\u017een\u00ed spole\u010dnosti"},"content":{"rendered":"<p><\/p>\n<h2><strong>Spolehliv\u00e9 zalo\u017een\u00ed firmy v r\u00e1mci cel\u00e9 EU<\/strong><\/h2>\n<p>Na\u0161imi klienty jsou za\u010d\u00ednaj\u00edc\u00ed, tak zku\u0161en\u00ed podnikatel\u00e9. Zaji\u0161\u0165ujeme plynul\u00fd proces zalo\u017een\u00ed firmy, prost\u0159ednictv\u00edm advok\u00e1ta, tak zpr\u00e1vu spole\u010dnosti v r\u00e1mci cel\u00e9 EU. Prim\u00e1rn\u011b se zam\u011b\u0159ujeme na poskytov\u00e1n\u00ed slu\u017eeb v r\u00e1mci Slovensk\u00e9 republiky, \u010cesk\u00e9 republiky, Ma\u010farska, Polska, ale i N\u011bmecka, Belgie, Lucemburska a Singapuru.<\/p>","protected":false},"excerpt":{"rendered":"<p>Spolehliv\u00e9 zalo\u017een\u00ed firmy v r\u00e1mci cel\u00e9 EU Na\u0161imi klienty jsou za\u010d\u00ednaj\u00edc\u00ed, tak zku\u0161en\u00ed podnikatel\u00e9. Zaji\u0161\u0165ujeme plynul\u00fd proces zalo\u017een\u00ed firmy, prost\u0159ednictv\u00edm&#8230;<\/p>\n","protected":false},"author":2,"featured_media":9213,"parent":0,"menu_order":0,"comment_status":"closed","ping_status":"closed","template":"sluzby-rozcestnik.php","meta":{"footnotes":""},"class_list":["post-7046","page","type-page","status-publish","has-post-thumbnail","hentry"],"aioseo_notices":[],"_links":{"self":[{"href":"https:\/\/www.fontionnel.sk\/cz\/wp-json\/wp\/v2\/pages\/7046","targetHints":{"allow":["GET"]}}],"collection":[{"href":"https:\/\/www.fontionnel.sk\/cz\/wp-json\/wp\/v2\/pages"}],"about":[{"href":"https:\/\/www.fontionnel.sk\/cz\/wp-json\/wp\/v2\/types\/page"}],"author":[{"embeddable":true,"href":"https:\/\/www.fontionnel.sk\/cz\/wp-json\/wp\/v2\/users\/2"}],"replies":[{"embeddable":true,"href":"https:\/\/www.fontionnel.sk\/cz\/wp-json\/wp\/v2\/comments?post=7046"}],"version-history":[{"count":9,"href":"https:\/\/www.fontionnel.sk\/cz\/wp-json\/wp\/v2\/pages\/7046\/revisions"}],"predecessor-version":[{"id":9722,"href":"https:\/\/www.fontionnel.sk\/cz\/wp-json\/wp\/v2\/pages\/7046\/revisions\/9722"}],"wp:featuredmedia":[{"embeddable":true,"href":"https:\/\/www.fontionnel.sk\/cz\/wp-json\/wp\/v2\/media\/9213"}],"wp:attachment":[{"href":"https:\/\/www.fontionnel.sk\/cz\/wp-json\/wp\/v2\/media?parent=7046"}],"curies":[{"name":"wp","href":"https:\/\/api.w.org\/{rel}","templated":true}]}}