{"id":7049,"date":"2015-11-30T13:18:47","date_gmt":"2015-11-30T11:18:47","guid":{"rendered":"https:\/\/www.fontionnel.sk\/?page_id=7049"},"modified":"2017-02-14T11:47:32","modified_gmt":"2017-02-14T09:47:32","slug":"predaj-spolocnosti-2","status":"publish","type":"page","link":"https:\/\/www.fontionnel.sk\/cz\/prodej-spolecnosti\/","title":{"rendered":"Prodej spole\u010dnosti"},"content":{"rendered":"<p><\/p>\n<h2>Prodej firem zaji\u0161\u0165ujeme v r\u00e1mci cel\u00e9 EU<\/h2>\n<p>Na\u0161e nab\u00eddka obsahuje nov\u011b zalo\u017een\u00e9 spole\u010dnosti na prodej, tzv. ready-made firmy (nepl\u00e1tce, pl\u00e1tce DPH). Tyto spole\u010dnosti nevykon\u00e1valy \u017e\u00e1dnou ekonomickou \u010dinnost a byly p\u0159ipraveny pro podnikatele, kte\u0159\u00ed nutn\u011b pot\u0159ebuj\u00ed koupit hotovou spole\u010dnost, za \u00fa\u010delem rychl\u00e9ho startu podnik\u00e1n\u00ed. Jednodu\u0161e \u0159e\u010deno, nemaj\u00ed \u010das na zdlouhav\u00fd proces zakl\u00e1d\u00e1n\u00ed nov\u00e9 spole\u010dnosti. Na\u0161e slu\u017eby poskytujeme prim\u00e1rn\u011b na Slovensku, \u010cesk\u00e9 republice, Ma\u010farsku, Polsku, ale i v N\u011bmecku, Belgii, Lucembursku a Singapuru.<\/p>\n<p>Vzhledem k dlouholetou p\u016fsobnost spole\u010dnosti FONTIONNEL, V\u00e1m um\u00edme zajistit i prodej star\u0161\u00edch firem, s \u00fa\u010detn\u00ed histori\u00ed (nepl\u00e1tce, pl\u00e1tce DPH). V p\u0159\u00edpad\u011b, \u017ee nem\u00e1te z\u00e1jem firmu koupit, pr\u00e1v\u011b naopak, chcete ji prodat, nab\u00edz\u00edme V\u00e1m slu\u017ebu odkup spole\u010dnosti. Na\u0161e slu\u017eby jsme poskytli v\u00edce ne\u017e 2700 klient\u016fm. N\u00e1\u0161 t\u00fdm se skl\u00e1d\u00e1 z ekonom\u016f a pr\u00e1vn\u00edk\u016f. Viz na\u0161e <a href=\"https:\/\/www.fontionnel.sk\/referencie\/\">reference<\/a>. V\u011b\u0159\u00edme, \u017ee budete s na\u0161imi slu\u017ebami spokojeni i Vy.<\/p>","protected":false},"excerpt":{"rendered":"<p>Prodej firem zaji\u0161\u0165ujeme v r\u00e1mci cel\u00e9 EU Na\u0161e nab\u00eddka obsahuje nov\u011b zalo\u017een\u00e9 spole\u010dnosti na prodej, tzv. ready-made firmy (nepl\u00e1tce, pl\u00e1tce&#8230;<\/p>\n","protected":false},"author":2,"featured_media":9054,"parent":0,"menu_order":0,"comment_status":"closed","ping_status":"closed","template":"sluzby-rozcestnik.php","meta":{"footnotes":""},"class_list":["post-7049","page","type-page","status-publish","has-post-thumbnail","hentry"],"aioseo_notices":[],"_links":{"self":[{"href":"https:\/\/www.fontionnel.sk\/cz\/wp-json\/wp\/v2\/pages\/7049","targetHints":{"allow":["GET"]}}],"collection":[{"href":"https:\/\/www.fontionnel.sk\/cz\/wp-json\/wp\/v2\/pages"}],"about":[{"href":"https:\/\/www.fontionnel.sk\/cz\/wp-json\/wp\/v2\/types\/page"}],"author":[{"embeddable":true,"href":"https:\/\/www.fontionnel.sk\/cz\/wp-json\/wp\/v2\/users\/2"}],"replies":[{"embeddable":true,"href":"https:\/\/www.fontionnel.sk\/cz\/wp-json\/wp\/v2\/comments?post=7049"}],"version-history":[{"count":5,"href":"https:\/\/www.fontionnel.sk\/cz\/wp-json\/wp\/v2\/pages\/7049\/revisions"}],"predecessor-version":[{"id":9135,"href":"https:\/\/www.fontionnel.sk\/cz\/wp-json\/wp\/v2\/pages\/7049\/revisions\/9135"}],"wp:featuredmedia":[{"embeddable":true,"href":"https:\/\/www.fontionnel.sk\/cz\/wp-json\/wp\/v2\/media\/9054"}],"wp:attachment":[{"href":"https:\/\/www.fontionnel.sk\/cz\/wp-json\/wp\/v2\/media?parent=7049"}],"curies":[{"name":"wp","href":"https:\/\/api.w.org\/{rel}","templated":true}]}}