{"id":7146,"date":"2015-12-11T19:09:52","date_gmt":"2015-12-11T17:09:52","guid":{"rendered":"https:\/\/www.fontionnel.sk\/?page_id=7146"},"modified":"2016-07-16T22:26:38","modified_gmt":"2016-07-16T20:26:38","slug":"predaj-a-s","status":"publish","type":"page","link":"https:\/\/www.fontionnel.sk\/cz\/prodej-a-s\/","title":{"rendered":"Prodej a.s."},"content":{"rendered":"<p><\/p>\n<h2>Prodej akciov\u00e9 spole\u010dnosti, tzv. &#8220;Ready made&#8221; \u00a0na Slovensku<\/h2>\n<p>Pl\u00e1nujete podnikat na Slovensku prost\u0159ednictv\u00edm akciov\u00e9 spole\u010dnosti? Vedle mo\u017enosti zalo\u017eit akciovou spole\u010dnost, nab\u00edz\u00edme i mo\u017enost koup\u011b ji\u017e existuj\u00edc\u00ed, tzv. &#8220;ready made&#8221; akciov\u00e9 spole\u010dnosti. Jm\u00e9nem a.s. m\u016f\u017eete jednat dnem podpisu smluvn\u00ed dokumentace souvisej\u00edc\u00ed s p\u0159evodem a.s. Samoz\u0159ejmost\u00ed je p\u0159izp\u016fsoben\u00ed \u00fadaj\u016f zapisuj\u00facich se do obchodn\u00edho rejst\u0159\u00edku dle Va\u0161ich po\u017eadavk\u016f.<\/p>\n<h3>V nab\u00eddce m\u00e1me akciov\u00e9 spole\u010dnosti na prodej:<\/h3>\n<div><\/p>\n<ul class=\"card-list\">\n<li>kter\u00e9 nevykon\u00e1vali podnikatelskou aktivitu, neregistrovan\u00e9 za pl\u00e1tce DPH;<\/li>\n<li>kter\u00e9 vykon\u00e1vali podnikatelskou aktivitu neregistrovan\u00e9 za pl\u00e1tce DPH;<\/li>\n<li>kter\u00e1 nevykon\u00e1vala podnikatelskou aktivitu registrov\u00e1na za pl\u00e1tce DPH;<\/li>\n<li>kter\u00e1 vykon\u00e1vala podnikatelskou aktivitu registrov\u00e1na za pl\u00e1tce DPH.<\/li>\n<\/ul>\n<p><\/div>\n<h3>V\u00fdhody koup\u011b akciov\u00e9 spole\u010dnosti:<\/h3>\n<div><\/p>\n<ul class=\"card-list\">\n<li>proces koup\u011b existuj\u00edc\u00ed a.s. trv\u00e1 krat\u0161\u00ed ne\u017e zalo\u017een\u00ed a.s.;<\/li>\n<li>vyhnete se byrokracii spojen\u00e9 se zalo\u017een\u00edm\u00a0 a.s.;<\/li>\n<li>podnikat m\u016f\u017eete ji\u017e do 24 hodin (dnem podpisu smluvn\u00ed dokumentace);<\/li>\n<li>p\u0159izp\u016fsoben\u00ed spole\u010dnosti podle \u017e\u00e1dan\u00fdch krit\u00e9ri\u00ed.<\/li>\n<\/ul>\n<p><\/div>\n<h3>Cena slu\u017eby zahrnuje<\/h3>\n<div>\n<ul class=\"card-list\">\n<li><strong>Odborn\u00e9 podnikatelsk\u00e9 poradenstv\u00ed<\/strong> &#8211; zaji\u0161\u0165uj\u00ed zku\u0161en\u00ed \u00fa\u010detn\u00ed, pr\u00e1vn\u00edci ale i spolupracuj\u00edc\u00ed advok\u00e1t. Pom\u016f\u017eeme V\u00e1m p\u0159i v\u00fdb\u011bru vhodn\u00fdch p\u0159edm\u011bt\u016f podnik\u00e1n\u00ed.<\/li>\n<li><strong>Proveden\u00ed kompletn\u00ed dokumentace<\/strong> &#8211; vyhotov\u00edme V\u00e1m kompletn\u00ed dokumentaci pot\u0159ebnou pro zalo\u017een\u00ed firmy.\u00a0Kompletn\u00ed dokumentaci po\u0159izuje advok\u00e1t.<\/li>\n<li><strong>\u00dahrada povinn\u00fdch z\u00e1konn\u00fdch poplatk\u016f<\/strong> &#8211; uhrad\u00edme za V\u00e1s poplatek na Obchodn\u00ed rejst\u0159\u00edk SR a zajist\u00edme ohl\u00e1\u0161en\u00ed \u017eivnosti.<\/li>\n<li><strong>Zabezpe\u010den\u00ed \u017eivnosti.<\/strong><\/li>\n<li><strong>Pod\u00e1n\u00ed n\u00e1vrhu na z\u00e1pis a.s. do Obchodn\u00edho rejst\u0159\u00edku SR.<\/strong><\/li>\n<li><strong>Registrace firmy pro da\u0148 z p\u0159\u00edjmu<\/strong> &#8211; registrujeme Va\u0161i zalo\u017eenou spole\u010dnost na da\u0148ov\u00e9m \u00fa\u0159ad\u011b v z\u00e1konem stanoven\u00e9 lh\u016ft\u011b.<\/li>\n<\/ul>\n<p><\/div><\/p>","protected":false},"excerpt":{"rendered":"<p>Prodej akciov\u00e9 spole\u010dnosti, tzv. &#8220;Ready made&#8221; \u00a0na Slovensku Pl\u00e1nujete podnikat na Slovensku prost\u0159ednictv\u00edm akciov\u00e9 spole\u010dnosti? Vedle mo\u017enosti zalo\u017eit akciovou spole\u010dnost,&#8230;<\/p>\n","protected":false},"author":2,"featured_media":7689,"parent":0,"menu_order":0,"comment_status":"closed","ping_status":"closed","template":"sluzby.php","meta":{"footnotes":""},"class_list":["post-7146","page","type-page","status-publish","has-post-thumbnail","hentry"],"aioseo_notices":[],"_links":{"self":[{"href":"https:\/\/www.fontionnel.sk\/cz\/wp-json\/wp\/v2\/pages\/7146","targetHints":{"allow":["GET"]}}],"collection":[{"href":"https:\/\/www.fontionnel.sk\/cz\/wp-json\/wp\/v2\/pages"}],"about":[{"href":"https:\/\/www.fontionnel.sk\/cz\/wp-json\/wp\/v2\/types\/page"}],"author":[{"embeddable":true,"href":"https:\/\/www.fontionnel.sk\/cz\/wp-json\/wp\/v2\/users\/2"}],"replies":[{"embeddable":true,"href":"https:\/\/www.fontionnel.sk\/cz\/wp-json\/wp\/v2\/comments?post=7146"}],"version-history":[{"count":3,"href":"https:\/\/www.fontionnel.sk\/cz\/wp-json\/wp\/v2\/pages\/7146\/revisions"}],"predecessor-version":[{"id":9139,"href":"https:\/\/www.fontionnel.sk\/cz\/wp-json\/wp\/v2\/pages\/7146\/revisions\/9139"}],"wp:featuredmedia":[{"embeddable":true,"href":"https:\/\/www.fontionnel.sk\/cz\/wp-json\/wp\/v2\/media\/7689"}],"wp:attachment":[{"href":"https:\/\/www.fontionnel.sk\/cz\/wp-json\/wp\/v2\/media?parent=7146"}],"curies":[{"name":"wp","href":"https:\/\/api.w.org\/{rel}","templated":true}]}}