{"id":717,"date":"2011-09-05T19:36:44","date_gmt":"2011-09-05T19:36:44","guid":{"rendered":"http:\/\/www.fontionnel.sk\/?page_id=717"},"modified":"2013-12-09T11:45:36","modified_gmt":"2013-12-09T11:45:36","slug":"ziadost-o-vykonanie-zmeny-kupno-predajna-zmluva","status":"publish","type":"page","link":"https:\/\/www.fontionnel.sk\/cz\/ziadost-o-vykonanie-zmeny-kupno-predajna-zmluva\/","title":{"rendered":"\u017diados\u0165 o vykonanie zmeny"},"content":{"rendered":"<p>Ktor\u00e9 <strong>tla\u010div\u00e1 na stiahnutie<\/strong> h\u013ead\u00e1te na internete?<\/p>\n<ul>\n<li><a href=\"http:\/\/www.fontionnel.sk\/wp-content\/uploads\/2011\/09\/\u017diados\u0165-o-vykonanie-zmeny-v-evidencii-vodi\u010dov.pdf\">\u017diados\u0165 o vykonanie zmeny v evidencii vodi\u010dov<\/a><\/li>\n<\/ul>\n<ul>\n<li><a href=\"http:\/\/www.fontionnel.sk\/wp-content\/uploads\/2011\/09\/\u017eiados\u0165-o-vykonanie-zmeny-odhl\u00e1senie-motorov\u00e9ho-vozidla.pdf\">\u017diados\u0165 o vykonanie zmeny &#8211; odhl\u00e1senie motorov\u00e9ho vozidla<\/a><\/li>\n<\/ul>\n<ul>\n<li><a href=\"http:\/\/www.fontionnel.sk\/wp-content\/uploads\/2011\/09\/\u017diados\u0165-o-vydanie-technick\u00e9ho-preukazu-vozidla.pdf\">\u017diados\u0165 o vydanie technick\u00e9ho preukazu vozidla<\/a><\/li>\n<\/ul>\n<ul>\n<li><a href=\"http:\/\/www.fontionnel.sk\/wp-content\/uploads\/2011\/09\/\u017eiados\u0165-o-vydanie-medzin\u00e1rodn\u00e9ho-vodi\u010dsk\u00e9ho-preukazu.pdf\">\u017diados\u0165 o vydanie medzin\u00e1rodn\u00e9ho vodi\u010dsk\u00e9ho preukazu<\/a><\/li>\n<\/ul>\n<ul>\n<li><a href=\"http:\/\/www.fontionnel.sk\/wp-content\/uploads\/2011\/09\/ziadost_o_uzanani_typoveho_schvalenia_vozidla_pri_dovoze.pdf\">\u017diadost_o_uzanani_typoveho_schvalenia_vozidla_pri_dovoze<\/a><\/li>\n<\/ul>\n<ul>\n<li><a href=\"http:\/\/www.fontionnel.sk\/wp-content\/uploads\/2011\/09\/ziadost_o_odhlasenie_a_prihlasenie_vozidla_v_ramci_okresu.pdf\">\u017diadost_o_odhlasenie_a_prihlasenie_vozidla_v_ramci_okresu<\/a><\/li>\n<\/ul>\n<ul>\n<li><a href=\"http:\/\/www.fontionnel.sk\/wp-content\/uploads\/2011\/09\/splnomocnenie_na_dorucitela.pdf\">Splnomocnenie na doru\u010dite\u013ea <\/a><\/li>\n<\/ul>\n<ul>\n<li><a href=\"http:\/\/www.fontionnel.sk\/wp-content\/uploads\/2011\/09\/k\u00fapna-zmluva.pdf\">K\u00fapno-predajn\u00e1 zmluva<\/a><\/li>\n<\/ul>\n<ul>\n<li><a href=\"http:\/\/www.fontionnel.sk\/wp-content\/uploads\/2011\/09\/\u010destn\u00e9-vyhl\u00e1senie-o-strate-odcedzen\u00ed-po\u0161koden\u00ed-VP-TP-EOV-a-tabu\u013eky-s-E\u010c.pdf\">\u010cestn\u00e9 vyhl\u00e1senie o strate, odcedzen\u00ed, po\u0161koden\u00ed &#8211; VP, TP, EOV a tabu\u013eky s E\u010c<\/a><\/li>\n<\/ul>\n<ul>\n<li><a href=\"http:\/\/www.fontionnel.sk\/wp-content\/uploads\/2011\/09\/\u017eiados\u0165-o-zap\u00edsanie-motorov\u00e9ho-vozidla-do-evidencie2.pdf\">\u017diados\u0165 o zap\u00edsanie motorov\u00e9ho vozidla do evidencie<\/a><\/li>\n<\/ul>\n<ul>\n<li><a href=\"http:\/\/www.fontionnel.sk\/wp-content\/uploads\/2011\/09\/s\u00fahlas-spr\u00e1vcu-dane-so-z\u00e1pisom-zmeny-v-obchodnom-registry.docx\">s\u00fahlas spr\u00e1vcu dane so z\u00e1pisom zmeny v obchodnom registry vzor<\/a><\/li>\n<\/ul>\n<ul>\n<li><a href=\"http:\/\/www.fontionnel.sk\/wp-content\/uploads\/2011\/09\/s\u00fahlas-spr\u00e1vcu-dane-so-z\u00e1pisom-obchodnej-spolo\u010dnosti-do-OR.docx\">s\u00fahlas spr\u00e1vcu dane so z\u00e1pisom obchodnej spolo\u010dnosti do OR vzor<\/a><\/li>\n<\/ul>\n","protected":false},"excerpt":{"rendered":"<p>Ktor\u00e9 tla\u010div\u00e1 na stiahnutie h\u013ead\u00e1te na internete? \u017diados\u0165 o vykonanie zmeny v evidencii vodi\u010dov \u017diados\u0165 o vykonanie zmeny &#8211; odhl\u00e1senie&#8230;<\/p>\n","protected":false},"author":2,"featured_media":0,"parent":0,"menu_order":0,"comment_status":"open","ping_status":"closed","template":"","meta":{"footnotes":""},"class_list":["post-717","page","type-page","status-publish","hentry"],"aioseo_notices":[],"_links":{"self":[{"href":"https:\/\/www.fontionnel.sk\/cz\/wp-json\/wp\/v2\/pages\/717","targetHints":{"allow":["GET"]}}],"collection":[{"href":"https:\/\/www.fontionnel.sk\/cz\/wp-json\/wp\/v2\/pages"}],"about":[{"href":"https:\/\/www.fontionnel.sk\/cz\/wp-json\/wp\/v2\/types\/page"}],"author":[{"embeddable":true,"href":"https:\/\/www.fontionnel.sk\/cz\/wp-json\/wp\/v2\/users\/2"}],"replies":[{"embeddable":true,"href":"https:\/\/www.fontionnel.sk\/cz\/wp-json\/wp\/v2\/comments?post=717"}],"version-history":[{"count":15,"href":"https:\/\/www.fontionnel.sk\/cz\/wp-json\/wp\/v2\/pages\/717\/revisions"}],"predecessor-version":[{"id":3980,"href":"https:\/\/www.fontionnel.sk\/cz\/wp-json\/wp\/v2\/pages\/717\/revisions\/3980"}],"wp:attachment":[{"href":"https:\/\/www.fontionnel.sk\/cz\/wp-json\/wp\/v2\/media?parent=717"}],"curies":[{"name":"wp","href":"https:\/\/api.w.org\/{rel}","templated":true}]}}