{"id":8231,"date":"2016-02-05T20:24:19","date_gmt":"2016-02-05T18:24:19","guid":{"rendered":"https:\/\/www.fontionnel.sk\/?page_id=8231"},"modified":"2016-02-25T12:35:24","modified_gmt":"2016-02-25T10:35:24","slug":"zalozenie-s-r-o-v-ceskej-republike-do-24-hodin","status":"publish","type":"page","link":"https:\/\/www.fontionnel.sk\/cz\/zalozeni-s-r-o-v-ceske-republice-do-24-hodin\/","title":{"rendered":"Zalo\u017een\u00ed s.r.o. v \u010cesk\u00e9 republice do 24 hodin"},"content":{"rendered":"<p><\/p>\n<h2>Expresn\u00ed zalo\u017een\u00ed firmy v \u010cesk\u00e9 republice<\/h2>\n<p>Zalo\u017een\u00ed s.r.o. v \u010cesk\u00e9 republice do 24 hodin ? Ano je to mo\u017en\u00e9 . V den zalo\u017een\u00ed firmy odch\u00e1z\u00edte s v\u00fdpisem z Obchodn\u00edho rejst\u0159\u00edku \u010cesk\u00e9 republiky .<\/p>\n<h3>Postup jak zalo\u017eit s.r.o. v \u010cesk\u00e9 republice do 24 hodin<\/h3>\n<div><\/p>\n<ul class=\"card-list\">\n<li>Zalo\u017een\u00ed s.r.o. v \u010cR za jeden den v\u00e1m zajist\u00edme za p\u0159edpokladu, \u017ee not\u00e1\u0159sk\u00fd z\u00e1pis bude vyhotoven p\u0159i osobn\u00ed \u00fa\u010dasti zakladatel\u016f spole\u010dnosti, tedy v\u00e1s. Je proto nutn\u00e9 vycestovat do \u010cesk\u00e9 republiky.<\/li>\n<li>S\u00eddlo firmy je t\u0159eba si ujasnit p\u0159ed zalo\u017een\u00edm s.r.o. Na\u0161e spole\u010dnost nab\u00edz\u00ed virtu\u00e1ln\u00ed s\u00eddlo v \u010cesk\u00e9 republice na n\u011bkolika lukrativn\u00edch adres\u00e1ch. V p\u0159\u00edpad\u011b, \u017ee m\u00e1te vlastn\u00ed s\u00eddlo, je t\u0159eba, abyste si zajistili souhlas se z\u0159\u00edzen\u00edm s\u00eddla od majitele nemovitosti. Souhlas mus\u00ed obsahovat ov\u011b\u0159en\u00fd podpis majitele nemovitosti.<\/li>\n<li>Zalo\u017een\u00ed technick\u00e9ho \u00fa\u010dtu v bance. Za pomoci na\u0161\u00ed asistence otev\u0159ete \u00fa\u010det v bance a spr\u00e1vce vkladu, obvykle je j\u00edm zakladatel, splat\u00ed z\u00e1kladn\u00ed kapit\u00e1l v hotovosti nebo p\u0159evodem na technick\u00fd \u00fa\u010det v bance. D\u00edky nadstandardn\u00edm vztah\u016fm se spolupracovn\u00edky banky jsme schopni v ten sam\u00fd den, kdy sep\u00ed\u0161eme not\u00e1\u0159sk\u00fd z\u00e1pis, zajistit otev\u0159en\u00ed \u00fa\u010dtu pro splacen\u00ed z\u00e1kladn\u00edho kapit\u00e1lu v \u010cSOB, Raiffeisen, \u010cesk\u00e9 spo\u0159itelny, KB zda PPF bance (t\u00fdk\u00e1 se pouze Prahy).<\/li>\n<li>Zajist\u00edme p\u0159\u00edpravu dokument\u016f souvisej\u00edc\u00edch se zalo\u017een\u00edm s.r.o. a na z\u00e1klad\u011b pln\u00e9 moci vy\u0159\u00edd\u00edme za v\u00e1s \u017eivnostensk\u00fd rejst\u0159\u00edk, zaps\u00e1n\u00ed va\u0161\u00ed s.r.o. do Obchodn\u00edho rejst\u0159\u00edku \u010cR a tak\u00e9 provedeme registraci sro k dani z p\u0159\u00edjmu pr\u00e1vnick\u00fdch osob na da\u0148ov\u00e9m \u00fa\u0159ad\u011b.<\/li>\n<li>Pod\u00e1me n\u00e1vrh na Obchodn\u00ed rejst\u0159\u00edk \u010cR za v\u00e1s a vzd\u00e1me se pr\u00e1va na odvol\u00e1n\u00ed p\u0159\u00edmo u p\u0159\u00edslu\u0161n\u00e9ho soudu. P\u0159ed\u00e1me v\u00e1m v\u00fdpis z Obchodn\u00edho rejst\u0159\u00edku \u010cR. Cel\u00fd proces se t\u00edmto postupem zrychl\u00ed, proto\u017ee Obchodn\u00ed rejst\u0159\u00edk \u010cR nav\u0161t\u011bvujeme ka\u017edodenn\u011b.<\/li>\n<\/ul>\n<p><\/div>\n<h3>V cen\u011b slu\u017eby jsou zahrnuty n\u00e1sleduj\u00edc\u00ed \u00fakony<\/h3>\n<div>\n<ul class=\"card-list\">\n<li>P\u0159\u00edprava kompletn\u00ed dokumentace k zalo\u017een\u00ed s.r.o.<\/li>\n<li>Zabezpe\u010den\u00ed not\u00e1\u0159e a pomoc s p\u0159\u00edpravou spole\u010densk\u00e9 smlouvy<\/li>\n<li>Not\u00e1\u0159sk\u00e9 poplatky a poplatky za ov\u011b\u0159ov\u00e1n\u00ed dokument\u016f<\/li>\n<li>Zastupov\u00e1n\u00ed na z\u00e1klad\u011b pln\u00e9 moci p\u0159i komunikaci s \u00fa\u0159ady<\/li>\n<li>Ohl\u00e1\u0161en\u00ed voln\u00e9 \u017eivnosti , a \u00fahrada spr\u00e1vn\u00edho poplatku ve v\u00fd\u0161i 1000 CZK<\/li>\n<li>Registrace spole\u010dnosti k dani z p\u0159\u00edjmu ( se s\u00eddlem v Praze )<\/li>\n<li>\u00dahrada ku\u017eelek pro \u00fa\u010dely z\u00e1pisu firmy do Obchodn\u00edho rejst\u0159\u00edku \u010cR ve v\u00fd\u0161i 6000 CZK<\/li>\n<li>P\u0159\u00edprava a pod\u00e1n\u00ed n\u00e1vrhu na z\u00e1pis firmy do Obchodn\u00edho rejst\u0159\u00edku \u010cR<\/li>\n<\/ul>\n<p><\/div><\/p>","protected":false},"excerpt":{"rendered":"<p>Expresn\u00ed zalo\u017een\u00ed firmy v \u010cesk\u00e9 republice Zalo\u017een\u00ed s.r.o. v \u010cesk\u00e9 republice do 24 hodin ? Ano je to mo\u017en\u00e9 &#8230;.<\/p>\n","protected":false},"author":2,"featured_media":7678,"parent":0,"menu_order":0,"comment_status":"closed","ping_status":"closed","template":"sluzby.php","meta":{"footnotes":""},"class_list":["post-8231","page","type-page","status-publish","has-post-thumbnail","hentry"],"aioseo_notices":[],"_links":{"self":[{"href":"https:\/\/www.fontionnel.sk\/cz\/wp-json\/wp\/v2\/pages\/8231","targetHints":{"allow":["GET"]}}],"collection":[{"href":"https:\/\/www.fontionnel.sk\/cz\/wp-json\/wp\/v2\/pages"}],"about":[{"href":"https:\/\/www.fontionnel.sk\/cz\/wp-json\/wp\/v2\/types\/page"}],"author":[{"embeddable":true,"href":"https:\/\/www.fontionnel.sk\/cz\/wp-json\/wp\/v2\/users\/2"}],"replies":[{"embeddable":true,"href":"https:\/\/www.fontionnel.sk\/cz\/wp-json\/wp\/v2\/comments?post=8231"}],"version-history":[{"count":1,"href":"https:\/\/www.fontionnel.sk\/cz\/wp-json\/wp\/v2\/pages\/8231\/revisions"}],"predecessor-version":[{"id":8380,"href":"https:\/\/www.fontionnel.sk\/cz\/wp-json\/wp\/v2\/pages\/8231\/revisions\/8380"}],"wp:featuredmedia":[{"embeddable":true,"href":"https:\/\/www.fontionnel.sk\/cz\/wp-json\/wp\/v2\/media\/7678"}],"wp:attachment":[{"href":"https:\/\/www.fontionnel.sk\/cz\/wp-json\/wp\/v2\/media?parent=8231"}],"curies":[{"name":"wp","href":"https:\/\/api.w.org\/{rel}","templated":true}]}}