{"id":9008,"date":"2016-04-18T14:43:42","date_gmt":"2016-04-18T12:43:42","guid":{"rendered":"https:\/\/www.fontionnel.sk\/?page_id=9008"},"modified":"2017-02-14T11:55:32","modified_gmt":"2017-02-14T09:55:32","slug":"zalozenie-s-r-o-v-polsku","status":"publish","type":"page","link":"https:\/\/www.fontionnel.sk\/cz\/zalozeni-sro-v-polsku\/","title":{"rendered":"Zalo\u017een\u00ed s.r.o. v Polsku"},"content":{"rendered":"<p><\/p>\n<h2>Zakl\u00e1d\u00e1n\u00ed firmy v Polsku &#8211; z\u00e1kladn\u00ed informace<\/h2>\n<p>Nej\u010dast\u011bj\u0161\u00ed pr\u00e1vn\u00ed formou podnik\u00e1n\u00ed v Polsku je spole\u010dnost s ru\u010den\u00edm omezen\u00fdm, tzv. Sp\u00f3\u0142ka z ograniczon\u0105 odpowiedzialno\u015bci\u0105, ofici\u00e1ln\u00ed zkratka &#8220;Sp . z o.o.&#8221;. P\u0159edstavuje obchodn\u00ed spole\u010dnost, v n\u00ed\u017e spole\u010dn\u00edk ru\u010d\u00ed za z\u00e1vazky do v\u00fd\u0161e sv\u00e9ho kapit\u00e1lov\u00e9ho vkladu. Zakladatelem m\u016f\u017ee b\u00fdt fyzick\u00e1, tak pr\u00e1vnick\u00e1 osoba. Spole\u010dnost mus\u00ed m\u00edt minim\u00e1ln\u011b jednoho jednatele. Dobrovoln\u00fdmi org\u00e1ny jsou dozor\u010d\u00ed rada a kontroln\u00ed komise. Z\u00e1kladn\u00ed kapit\u00e1l je minim\u00e1ln\u011b 5 000 PLN (cca 1 164,00 EUR). P\u0159i zakl\u00e1d\u00e1n\u00ed spole\u010dnosti mus\u00ed b\u00fdt splacena cel\u00e1 \u010d\u00e1stka z\u00e1kladn\u00edho kapit\u00e1lu. Z\u00e1kladn\u00ed kapit\u00e1l nen\u00ed t\u0159eba splatit na bankovn\u00ed \u00fa\u010det p\u0159ed zalo\u017een\u00edm spole\u010dnosti. Da\u0148 z p\u0159\u00edjmu v Polsku je na \u00farovni 19%, da\u0148 z p\u0159idan\u00e9 hodnoty (DPH) je na \u00farovni 23%.<\/p>\n<h3>Cena slu\u017eby zahrnuje<\/h3>\n<div><\/p>\n<ul class=\"card-list\">\n<li><strong>Odborn\u00e9 podnikatelsk\u00e9 poradenstv\u00ed<\/strong> &#8211; zaji\u0161\u0165uj\u00ed zku\u0161en\u00ed \u00fa\u010detn\u00ed, pr\u00e1vn\u00edci ale i spolupracuj\u00edc\u00ed advok\u00e1t. Pom\u016f\u017eeme V\u00e1m p\u0159i v\u00fdb\u011bru vhodn\u00fdch p\u0159edm\u011bt\u016f podnik\u00e1n\u00ed.<\/li>\n<li><strong>Proveden\u00ed kompletn\u00ed dokumentace<\/strong> &#8211; vyhotov\u00edme V\u00e1m kompletn\u00ed dokumentaci pot\u0159ebnou pro zalo\u017een\u00ed firmy v Polsku.<\/li>\n<li><strong>\u00dahrada povinn\u00fdch z\u00e1konn\u00fdch poplatk\u016f<\/strong> &#8211; uhrad\u00edme za V\u00e1s poplatek na registr.<\/li>\n<li><strong>Registrace firmy pro da\u0148 z p\u0159\u00edjmu<\/strong> &#8211; registrujeme Va\u0161i zalo\u017eenou spole\u010dnost na da\u0148ov\u00e9m \u00fa\u0159ad\u011b v z\u00e1konem stanoven\u00e9 lh\u016ft\u011b.<\/li>\n<li><strong>Registrace firmy pro da\u0148 z p\u0159idan\u00e9 hodnoty ( DPH )<\/strong> &#8211; v p\u0159\u00edpad\u011b, \u017ee si to \u017e\u00e1d\u00e1te.<\/li>\n<\/ul>\n<p><\/div>\n<h3>\u010cas pot\u0159ebn\u00fd na zalo\u017een\u00ed firmy<\/h3>\n<p>Zalo\u017een\u00ed firmy v Polsku trv\u00e1 v pr\u016fm\u011bru 3 &#8211; 4 t\u00fddny.<\/p>\n<h3>Dal\u0161\u00ed slu\u017eby<\/h3>\n<div>\n<ul class=\"card-list\">\n<li><a href=\"https:\/\/www.fontionnel.sk\/vedenie-uctovnictva-uctovne-uctovnicke-sluzby\/\">\u00da\u010detn\u00ed slu\u017eby<\/a><\/li>\n<li><a href=\"https:\/\/www.fontionnel.sk\/virtualna-kancelaria-virtualne-sidlo-spolocnosti\/\">Virtu\u00e1ln\u00ed s\u00eddlo<\/a><\/li>\n<\/ul>\n<p><\/div><\/p>","protected":false},"excerpt":{"rendered":"<p>Zakl\u00e1d\u00e1n\u00ed firmy v Polsku &#8211; z\u00e1kladn\u00ed informace Nej\u010dast\u011bj\u0161\u00ed pr\u00e1vn\u00ed formou podnik\u00e1n\u00ed v Polsku je spole\u010dnost s ru\u010den\u00edm omezen\u00fdm, tzv. Sp\u00f3\u0142ka&#8230;<\/p>\n","protected":false},"author":2,"featured_media":7678,"parent":0,"menu_order":0,"comment_status":"closed","ping_status":"closed","template":"sluzby.php","meta":{"footnotes":""},"class_list":["post-9008","page","type-page","status-publish","has-post-thumbnail","hentry"],"aioseo_notices":[],"_links":{"self":[{"href":"https:\/\/www.fontionnel.sk\/cz\/wp-json\/wp\/v2\/pages\/9008","targetHints":{"allow":["GET"]}}],"collection":[{"href":"https:\/\/www.fontionnel.sk\/cz\/wp-json\/wp\/v2\/pages"}],"about":[{"href":"https:\/\/www.fontionnel.sk\/cz\/wp-json\/wp\/v2\/types\/page"}],"author":[{"embeddable":true,"href":"https:\/\/www.fontionnel.sk\/cz\/wp-json\/wp\/v2\/users\/2"}],"replies":[{"embeddable":true,"href":"https:\/\/www.fontionnel.sk\/cz\/wp-json\/wp\/v2\/comments?post=9008"}],"version-history":[{"count":3,"href":"https:\/\/www.fontionnel.sk\/cz\/wp-json\/wp\/v2\/pages\/9008\/revisions"}],"predecessor-version":[{"id":9429,"href":"https:\/\/www.fontionnel.sk\/cz\/wp-json\/wp\/v2\/pages\/9008\/revisions\/9429"}],"wp:featuredmedia":[{"embeddable":true,"href":"https:\/\/www.fontionnel.sk\/cz\/wp-json\/wp\/v2\/media\/7678"}],"wp:attachment":[{"href":"https:\/\/www.fontionnel.sk\/cz\/wp-json\/wp\/v2\/media?parent=9008"}],"curies":[{"name":"wp","href":"https:\/\/api.w.org\/{rel}","templated":true}]}}