{"id":9122,"date":"2016-05-12T11:42:29","date_gmt":"2016-05-12T09:42:29","guid":{"rendered":"https:\/\/www.fontionnel.sk\/?page_id=9122"},"modified":"2017-02-28T21:33:31","modified_gmt":"2017-02-28T19:33:31","slug":"virtualne-sidlo-2","status":"publish","type":"page","link":"https:\/\/www.fontionnel.sk\/cz\/virtualni-sidlo-2\/","title":{"rendered":"Virtu\u00e1ln\u00ed s\u00eddlo"},"content":{"rendered":"<p>od 45 \u20ac<\/p>","protected":false},"excerpt":{"rendered":"<p>od 45 \u20ac<\/p>\n","protected":false},"author":2,"featured_media":0,"parent":0,"menu_order":0,"comment_status":"closed","ping_status":"closed","template":"","meta":{"footnotes":""},"class_list":["post-9122","page","type-page","status-publish","hentry"],"aioseo_notices":[],"_links":{"self":[{"href":"https:\/\/www.fontionnel.sk\/cz\/wp-json\/wp\/v2\/pages\/9122","targetHints":{"allow":["GET"]}}],"collection":[{"href":"https:\/\/www.fontionnel.sk\/cz\/wp-json\/wp\/v2\/pages"}],"about":[{"href":"https:\/\/www.fontionnel.sk\/cz\/wp-json\/wp\/v2\/types\/page"}],"author":[{"embeddable":true,"href":"https:\/\/www.fontionnel.sk\/cz\/wp-json\/wp\/v2\/users\/2"}],"replies":[{"embeddable":true,"href":"https:\/\/www.fontionnel.sk\/cz\/wp-json\/wp\/v2\/comments?post=9122"}],"version-history":[{"count":5,"href":"https:\/\/www.fontionnel.sk\/cz\/wp-json\/wp\/v2\/pages\/9122\/revisions"}],"predecessor-version":[{"id":9447,"href":"https:\/\/www.fontionnel.sk\/cz\/wp-json\/wp\/v2\/pages\/9122\/revisions\/9447"}],"wp:attachment":[{"href":"https:\/\/www.fontionnel.sk\/cz\/wp-json\/wp\/v2\/media?parent=9122"}],"curies":[{"name":"wp","href":"https:\/\/api.w.org\/{rel}","templated":true}]}}