{"id":15,"date":"2011-05-24T13:11:07","date_gmt":"2011-05-24T13:11:07","guid":{"rendered":"http:\/\/www.fontionnel.sk\/?page_id=15"},"modified":"2016-07-16T22:54:39","modified_gmt":"2016-07-16T20:54:39","slug":"kontakt","status":"publish","type":"page","link":"https:\/\/www.fontionnel.sk\/hu\/kapcsolat\/","title":{"rendered":"Kapcsolat"},"content":{"rendered":"<p><strong>Tisztelt \u00dcgyfel\u00fcnk!<\/strong><\/p>\n<p>Amennyiben k\u00e9rd\u00e9se van vagy \u00e9rdekl\u0151dik valamelyik szolg\u00e1ltat\u00e1sunk ir\u00e1nt, k\u00e9rj\u00fck, t\u00f6ltse ki az \u0171rlapot. K\u00e9relm\u00e9t egy munkanapon bel\u00fcl feldolgozzuk.<\/p>","protected":false},"excerpt":{"rendered":"<p>Tisztelt \u00dcgyfel\u00fcnk! Amennyiben k\u00e9rd\u00e9se van vagy \u00e9rdekl\u0151dik valamelyik szolg\u00e1ltat\u00e1sunk ir\u00e1nt, k\u00e9rj\u00fck, t\u00f6ltse ki az \u0171rlapot. K\u00e9relm\u00e9t egy munkanapon bel\u00fcl feldolgozzuk.<\/p>\n","protected":false},"author":2,"featured_media":0,"parent":0,"menu_order":0,"comment_status":"closed","ping_status":"closed","template":"contact.php","meta":{"footnotes":""},"class_list":["post-15","page","type-page","status-publish","hentry"],"aioseo_notices":[],"_links":{"self":[{"href":"https:\/\/www.fontionnel.sk\/hu\/wp-json\/wp\/v2\/pages\/15","targetHints":{"allow":["GET"]}}],"collection":[{"href":"https:\/\/www.fontionnel.sk\/hu\/wp-json\/wp\/v2\/pages"}],"about":[{"href":"https:\/\/www.fontionnel.sk\/hu\/wp-json\/wp\/v2\/types\/page"}],"author":[{"embeddable":true,"href":"https:\/\/www.fontionnel.sk\/hu\/wp-json\/wp\/v2\/users\/2"}],"replies":[{"embeddable":true,"href":"https:\/\/www.fontionnel.sk\/hu\/wp-json\/wp\/v2\/comments?post=15"}],"version-history":[{"count":4,"href":"https:\/\/www.fontionnel.sk\/hu\/wp-json\/wp\/v2\/pages\/15\/revisions"}],"predecessor-version":[{"id":9002,"href":"https:\/\/www.fontionnel.sk\/hu\/wp-json\/wp\/v2\/pages\/15\/revisions\/9002"}],"wp:attachment":[{"href":"https:\/\/www.fontionnel.sk\/hu\/wp-json\/wp\/v2\/media?parent=15"}],"curies":[{"name":"wp","href":"https:\/\/api.w.org\/{rel}","templated":true}]}}