{"id":2077,"date":"2013-01-29T11:36:46","date_gmt":"2013-01-29T11:36:46","guid":{"rendered":"http:\/\/esystem.sk\/clients\/fontionnel.sk\/?page_id=2077"},"modified":"2016-01-28T18:26:00","modified_gmt":"2016-01-28T16:26:00","slug":"poskytnutie-sidla","status":"publish","type":"page","link":"https:\/\/www.fontionnel.sk\/hu\/virtualis-szekhely\/","title":{"rendered":"Virtu\u00e1lis sz\u00e9khely"},"content":{"rendered":"<p><\/p>\n<p style=\"text-align: justify;\">Virtu\u00e1lis sz\u00e9khely biztos\u00edt\u00e1sa a Szlov\u00e1k K\u00f6zt\u00e1rsas\u00e1g, a Cseh K\u00f6zt\u00e1rsas\u00e1g \u00e9s Magyarorsz\u00e1g ter\u00fclet\u00e9n. Nagy mennyis\u00e9g\u0171 el\u0151ny\u00f6s c\u00edm.<\/p>\n<p><\/p>","protected":false},"excerpt":{"rendered":"<p>Virtu\u00e1lis sz\u00e9khely biztos\u00edt\u00e1sa a Szlov\u00e1k K\u00f6zt\u00e1rsas\u00e1g, a Cseh K\u00f6zt\u00e1rsas\u00e1g \u00e9s Magyarorsz\u00e1g ter\u00fclet\u00e9n. Nagy mennyis\u00e9g\u0171 el\u0151ny\u00f6s c\u00edm.<\/p>\n","protected":false},"author":2,"featured_media":0,"parent":0,"menu_order":0,"comment_status":"closed","ping_status":"closed","template":"","meta":{"footnotes":""},"class_list":["post-2077","page","type-page","status-publish","hentry"],"aioseo_notices":[],"_links":{"self":[{"href":"https:\/\/www.fontionnel.sk\/hu\/wp-json\/wp\/v2\/pages\/2077","targetHints":{"allow":["GET"]}}],"collection":[{"href":"https:\/\/www.fontionnel.sk\/hu\/wp-json\/wp\/v2\/pages"}],"about":[{"href":"https:\/\/www.fontionnel.sk\/hu\/wp-json\/wp\/v2\/types\/page"}],"author":[{"embeddable":true,"href":"https:\/\/www.fontionnel.sk\/hu\/wp-json\/wp\/v2\/users\/2"}],"replies":[{"embeddable":true,"href":"https:\/\/www.fontionnel.sk\/hu\/wp-json\/wp\/v2\/comments?post=2077"}],"version-history":[{"count":20,"href":"https:\/\/www.fontionnel.sk\/hu\/wp-json\/wp\/v2\/pages\/2077\/revisions"}],"predecessor-version":[{"id":8034,"href":"https:\/\/www.fontionnel.sk\/hu\/wp-json\/wp\/v2\/pages\/2077\/revisions\/8034"}],"wp:attachment":[{"href":"https:\/\/www.fontionnel.sk\/hu\/wp-json\/wp\/v2\/media?parent=2077"}],"curies":[{"name":"wp","href":"https:\/\/api.w.org\/{rel}","templated":true}]}}