{"id":2401,"date":"2013-02-27T20:03:32","date_gmt":"2013-02-27T20:03:32","guid":{"rendered":"http:\/\/esystem.sk\/clients\/fontionnel.sk\/?page_id=2401"},"modified":"2016-01-28T18:23:43","modified_gmt":"2016-01-28T16:23:43","slug":"vedenie-uctovnictva","status":"publish","type":"page","link":"https:\/\/www.fontionnel.sk\/hu\/konyveles-2\/","title":{"rendered":"K\u00f6nyv- \u00e9s sz\u00e1mvitel"},"content":{"rendered":"<p><\/p>\n<p style=\"text-align: justify;\">K\u00f6nyv- \u00e9s sz\u00e1mvitel, valamint sz\u00e1mviteli szolg\u00e1ltat\u00e1sok. Egyszeres k\u00f6nyvvitel, kett\u0151s k\u00f6nyvviteli rendszer, hum\u00e1ner\u0151forr\u00e1s menedzsment \u00e9s b\u00e9rsz\u00e1mfejt\u00e9s.<\/p>\n<p><\/p>","protected":false},"excerpt":{"rendered":"<p>K\u00f6nyv- \u00e9s sz\u00e1mvitel, valamint sz\u00e1mviteli szolg\u00e1ltat\u00e1sok. Egyszeres k\u00f6nyvvitel, kett\u0151s k\u00f6nyvviteli rendszer, hum\u00e1ner\u0151forr\u00e1s menedzsment \u00e9s b\u00e9rsz\u00e1mfejt\u00e9s.<\/p>\n","protected":false},"author":2,"featured_media":0,"parent":0,"menu_order":0,"comment_status":"closed","ping_status":"closed","template":"","meta":{"footnotes":""},"class_list":["post-2401","page","type-page","status-publish","hentry"],"aioseo_notices":[],"_links":{"self":[{"href":"https:\/\/www.fontionnel.sk\/hu\/wp-json\/wp\/v2\/pages\/2401","targetHints":{"allow":["GET"]}}],"collection":[{"href":"https:\/\/www.fontionnel.sk\/hu\/wp-json\/wp\/v2\/pages"}],"about":[{"href":"https:\/\/www.fontionnel.sk\/hu\/wp-json\/wp\/v2\/types\/page"}],"author":[{"embeddable":true,"href":"https:\/\/www.fontionnel.sk\/hu\/wp-json\/wp\/v2\/users\/2"}],"replies":[{"embeddable":true,"href":"https:\/\/www.fontionnel.sk\/hu\/wp-json\/wp\/v2\/comments?post=2401"}],"version-history":[{"count":18,"href":"https:\/\/www.fontionnel.sk\/hu\/wp-json\/wp\/v2\/pages\/2401\/revisions"}],"predecessor-version":[{"id":8032,"href":"https:\/\/www.fontionnel.sk\/hu\/wp-json\/wp\/v2\/pages\/2401\/revisions\/8032"}],"wp:attachment":[{"href":"https:\/\/www.fontionnel.sk\/hu\/wp-json\/wp\/v2\/media?parent=2401"}],"curies":[{"name":"wp","href":"https:\/\/api.w.org\/{rel}","templated":true}]}}