{"id":2446,"date":"2013-02-27T22:26:02","date_gmt":"2013-02-27T22:26:02","guid":{"rendered":"http:\/\/www.fontionnel.sk\/?page_id=2446"},"modified":"2014-04-12T21:12:29","modified_gmt":"2014-04-12T21:12:29","slug":"podnikatelske-poradenstvo-poradenska-spolocnost","status":"publish","type":"page","link":"https:\/\/www.fontionnel.sk\/hu\/podnikatelske-poradenstvo-poradenska-spolocnost\/","title":{"rendered":"Praktick\u00e9 rady"},"content":{"rendered":"<h2>Poradensk\u00e1 spolo\u010dnos\u0165 \u2013 praktick\u00e9 rady<\/h2>\n<p>Na\u0161a str\u00e1nka V\u00e1m pon\u00faka praktick\u00e9 rady a sk\u00fasenosti na \u010do si d\u00e1va\u0165 pozor pri podnikan\u00ed, ako sa vyhn\u00fa\u0165 zbyto\u010dn\u00fdm a zd\u013ahav\u00fdm komplik\u00e1ci\u00e1m.<\/p>\n<p>&nbsp;<\/p>\n<h3 class=\"toggle\"><strong><a href=\"#\">Inform\u00e1cie o zalo\u017een\u00ed spolo\u010dnosti s.r.o. - postup ako zalo\u017ei\u0165 spolo\u010dnos\u0165 s.r.o.<\/a><\/strong><\/h3><div class=\"toggle-box\" style=\"display: none;\"><p><\/p>\n<div class=\"block-gray\"><\/p>\n<h3>Zalo\u017eenie spolo\u010dnosti s.r.o.<\/h3>\n<p>Podnikanie formou s.r.o. je v\u00a0s\u00fa\u010dasnosti\u00a0 najroz\u0161\u00edrenej\u0161ou formou podnikania na Slovensku pr\u00e1ve pre jej nen\u00e1ro\u010dn\u00e9 obchodn\u00e9 vedenie. Samotn\u00fd proces zalo\u017eenia spolo\u010dnosti sa m\u00f4\u017ee by\u0165 pomerne jednoduchou vecou, ale tie\u017e komplikovan\u00fdm pr\u00e1vnym probl\u00e9mom. Preto V\u00e1m odpor\u00fa\u010dame vyu\u017ei\u0165 slu\u017eby na\u0161ej spolo\u010dnosti , ktor\u00e1 za V\u00e1s cel\u00fd tento proces zalo\u017eenia vybav\u00ed. E\u0161te pred samotn\u00fdm procesom zakladania je dobr\u00e9 absolvova\u0165\u00a0 konzult\u00e1ciu, na ktorej V\u00e1m porad\u00edme, prehodnot\u00edme a\u00a0usmern\u00edme V\u00e1s aby Va\u0161a spolo\u010dnos\u0165 bola pre V\u00e1s t\u00e1 najlep\u0161ia.<\/p>\n<h3>Potrebn\u00e9 dokumenty, podklady a inform\u00e1cie potrebn\u00e9 k\u00a0zalo\u017eeniu spolo\u010dnosti:<\/h3>\n<p>Ako prv\u00e9 by sme spomenuli <b>obchodn\u00e9 meno<\/b>. Pri v\u00fdbere obchodn\u00e9ho mena spolo\u010dnosti je potrebn\u00e9 si zisti\u0165 \u010di u\u017e in\u00e1 spolo\u010dnos\u0165 \u00a0nepodnik\u00e1 pod rovnak\u00fdm obchodn\u00fdm menom. Na toto sl\u00fa\u017ei obchodn\u00fd register kde si vieme t\u00fato inform\u00e1ciu overi\u0165.<\/p>\n<p>\u010eal\u0161ou d\u00f4le\u017eitou vecou je v\u00fdber\u00a0 vhodn\u00e9ho <b><a title=\"predmet podnikania\" href=\"http:\/\/www.fontionnel.sk\/predmet-podnikania-2\/\">predmetu podnikania<\/a>, <\/b>ktor\u00fdm sa bude spolo\u010dnos\u0165 zaobera\u0165 (\u017eivnosti vo\u013en\u00e9, remeseln\u00e9, viazan\u00e9 a\u00a0koncesovan\u00e9). Podnikanie vo Vami zvolenej oblasti vznik\u00e1 ohl\u00e1sen\u00edm konkr\u00e9tnej \u017eivnosti\u00a0 na \u017eivnostenskom \u00farade. V\u00a0pr\u00edpade \u017eivnost\u00ed viazan\u00fdch, remeseln\u00fdch alebo koncesovan\u00fdch je potrebn\u00e9 dolo\u017ei\u0165 <b>doklad o pr\u00edslu\u0161nom vzdelan\u00ed a\u00a0praxi<\/b> v\u00a0danom odvetv\u00ed ( bu\u010f origin\u00e1l alebo overen\u00e1 fotok\u00f3pia).<\/p>\n<p>Pri zalo\u017een\u00ed s.r.o. je stanoven\u00fd minim\u00e1lny <b>potrebn\u00fd kapit\u00e1l<\/b> na <b>5\u00a0000 EUR<\/b>. T\u00fato sumu je mo\u017en\u00e9 zv\u00fd\u0161i\u0165.<\/p>\n<p>Pri zalo\u017een\u00ed s.r.o. m\u00f4\u017ee by\u0165 vlastn\u00edkom (<a title=\"spolo\u010dn\u00edk\" href=\"http:\/\/www.fontionnel.sk\/spolocnik-2\/\"><b>spolo\u010dn\u00edkom<\/b><\/a>) fyzick\u00e1 alebo pr\u00e1vnick\u00e1 osoba. Pri fyzickej osobe s\u00fa potrebn\u00e9 nasledovn\u00e9 inform\u00e1cie :<\/p>\n<div ><\/p>\n<ul class=\"card-list\">\n<li>meno, priezvisko, rodn\u00e9 \u010d\u00edslo (popr. d\u00e1tum narodenia pri cudzincoch), adresa trval\u00e9ho pobytu, v\u00fd\u0161ka vkladu<\/li>\n<\/ul>\n<p><\/div>\n<p>&nbsp;<\/p>\n<p>V\u00a0pr\u00edpade pr\u00e1vnickej osoby s\u00fa potrebn\u00e9 nasledovn\u00e9 \u00fadaje :<\/p>\n<div ><\/p>\n<ul class=\"card-list\">\n<li>n\u00e1zov obchodnej firmy a\u00a0jej <a title=\"i\u010do\" href=\"http:\/\/www.fontionnel.sk\/ico-identifikacne-cislo-organizacie-2\/\">I\u010cO<\/a>, s\u00eddlo, v\u00fdpis z\u00a0obchodn\u00e9ho registra, ktor\u00ed nesie ma\u0165 viac ako 3 mesiace, v\u00fd\u0161ka vkladu<\/li>\n<\/ul>\n<p><\/div>\n<p>&nbsp;<\/p>\n<p><a title=\"konate\u013e\" href=\"http:\/\/www.fontionnel.sk\/konatel-2\/\"><b>Konate\u013e <\/b><\/a>je \u0161tatut\u00e1rnym org\u00e1nom spolo\u010dnosti, ktor\u00fd je opr\u00e1vnen\u00fd kona\u0165 v\u00a0mene spolo\u010dnosti. Po\u010det konate\u013eov m\u00f4\u017ee by\u0165\u00a0 1 a\u00a0viac (pod\u013ea toho ako je to stanoven\u00e9 v\u00a0spolo\u010denskej zmluve).\u00a0 Ak je konate\u013eov viac, je opr\u00e1vnen\u00fd kona\u0165 v mene spolo\u010dnosti ka\u017ed\u00fd z nich samostatne, ak spolo\u010densk\u00e1 zmluva neur\u010duje inak. Konate\u013eom spolo\u010dnosti m\u00f4\u017ee by\u0165 len fyzick\u00e1 osoba. Od konate\u013ea s\u00fa potrebn\u00e9 nasledovn\u00e9 \u00fadaje :<\/p>\n<div ><\/p>\n<ul class=\"card-list\">\n<li>meno, priezvisko, rodn\u00e9 \u010d\u00edslo, adresa trval\u00e9ho pobytu, v\u00fdpis z\u00a0registra trestov nesmie by\u0165 star\u0161\u00ed ako 3 mesiace, podpisov\u00fd vzor konate\u013ea ( mus\u00ed by\u0165 not\u00e1rsky alebo \u00faradne overen\u00fd), \u010destn\u00e9 vyhl\u00e1senie<\/li>\n<\/ul>\n<p><\/div>\n<p>&nbsp;<\/p>\n<p>Ak je konate\u013eom spolo\u010dnosti ob\u010dan krajiny mimo EU vy\u017eaduj\u00fa sa nasledovn\u00e9 \u00fadaje :<\/p>\n<div ><\/p>\n<ul class=\"card-list\">\n<li>meno, priezvisko, d\u00e1tum narodenia, adresa trval\u00e9ho pobytu, v\u00fdpis z\u00a0registra trestov z\u00a0pr\u00edslu\u0161nej krajiny nie star\u0161\u00ed ako 3 mesiace a\u00a0mus\u00ed by\u0165 prelo\u017een\u00fd s\u00fadnym prekladate\u013eom, \u010destn\u00e9 vyhl\u00e1senie a\u00a0podpisov\u00fd vzor konate\u013ea ( overen\u00fd na \u00farade alebo not\u00e1rom).<\/li>\n<\/ul>\n<p><\/div>\n<p>&nbsp;<\/p>\n<p>Na\u0161a spolo\u010dnos\u0165\u00a0 za V\u00e1s vybav\u00ed registr\u00e1ciu DPH alebo k\u00a0dani z\u00a0pr\u00edjmov na Va\u0161e po\u017eiadanie.<\/p>\n<div class=\"clear\"><\/div><\/div>\n<p><\/p><\/div>\n<h3 class=\"toggle\"><strong><a href=\"#\">Na \u010do si d\u00e1va\u0165 pozor pri k\u00fape READY-MADE - Inform\u00e1cie o READY-MADE s.r.o.<\/a><\/strong><\/h3><div class=\"toggle-box\" style=\"display: none;\"><p><\/p>\n<div class=\"block-gray\"><\/p>\n<h3>Inform\u00e1cie o\u00a0READY-MADE s.r.o.<\/h3>\n<p><b>READY-MADE spolo\u010dnos\u0165 \u2013 <\/b>m\u00f4\u017eeme ju nazva\u0165 \u00a0tie\u017e<b> predzalo\u017een\u00e1 spolo\u010dnos\u0165.\u00a0 <\/b>READY-MADE spolo\u010dnosti s\u00fa zalo\u017een\u00e9 za \u00fa\u010delom predaja kone\u010dn\u00e9mu z\u00e1kazn\u00edkovi. V s\u00fa\u010dasnej dobe je na internete dostupn\u00e9 ve\u013ek\u00e9 mno\u017estvo firiem, z\u00a0ktor\u00fdch si m\u00f4\u017eete vybera\u0165. Treba v\u0161ak dobre zv\u00e1\u017ei\u0165 komu svoje podnikanie zver\u00edte do r\u00fak. Pri v\u00fdbere dobrej spolo\u010dnosti , ktor\u00e1 sa postar\u00e1 o\u00a0va\u0161e podnikanie je dobr\u00e9 dba\u0165 na odbornos\u0165, referencie, a\u00a0d\u013a\u017eku praxe spolo\u010dnosti v\u00a0danom obore ale aj re\u00e1lne s\u00eddlo spolo\u010dnosti kde ich m\u00f4\u017eete nav\u0161t\u00edvi\u0165.<\/p>\n<h3>V\u00fdhody READY -MADE spolo\u010dnost\u00ed<\/h3>\n<p>Tak\u00e9to spolo\u010dnosti s\u00fa riadne zap\u00edsan\u00e9 v\u00a0obchodnom registri, maj\u00fa svoje s\u00eddlo, obchodn\u00e9 meno, pridelen\u00e9 I\u010cO, konate\u013ea, \u00faplne splaten\u00fd svoj z\u00e1kladn\u00fd kapit\u00e1l. Doposia\u013e nevykon\u00e1vali \u017eiadnu podnikate\u013esk\u00fa aktivitu a\u00a0z\u00a0toho d\u00f4vodu nemaj\u00fa \u017eiadne dlhy ani z\u00e1v\u00e4zky, to V\u00e1m na\u0161a spolo\u010dnos\u0165 garantuje. Spolo\u010dnosti READY-MADE s\u00fa ve\u013emi v\u00fdhodne pre \u013eud\u00ed, ktor\u00ed \u00a0sa chc\u00fa vyhn\u00fa\u0165 zd\u013ahav\u00e9mu procesu zakladania a okam\u017eite za\u010da\u0165 podnika\u0165. Na Va\u0161e po\u017eiadanie zabezpe\u010d\u00edme napr\u00edklad doplnenie \u017eivnost\u00ed, zmenu s\u00eddla spolo\u010dnosti, obchodn\u00e9 meno, zmenu konate\u013ea. Majite\u013eom spolo\u010dnosti sa st\u00e1vate okam\u017eite po podp\u00edsan\u00ed zmluvy o\u00a0prevode obchodn\u00e9ho podielu a\u00a0z\u00e1pisnice z\u00a0valn\u00e9ho zhroma\u017edenia. Konate\u013eom vo Va\u0161ej spolo\u010dnosti m\u00f4\u017eete by\u0165 Vy alebo Vami zvolen\u00e1 osoba, ktor\u00e1 bude opr\u00e1vnen\u00e1 kona\u0165 v\u00a0mene spolo\u010dnosti. Ak je konate\u013eov viac, je opr\u00e1vnen\u00fd kona\u0165 v mene spolo\u010dnosti ka\u017ed\u00fd z nich samostatne, ak spolo\u010densk\u00e1 zmluva neur\u010duje inak.<\/p>\n<h3>\u010co netreba zanedba\u0165 pri k\u00fape READY-MADE spolo\u010dnosti<\/h3>\n<p>E\u0161te pred k\u00fapou samotnej spolo\u010dnosti\u00a0 odpor\u00fa\u010dame dba\u0165 na to aby ste mali 100% garantovan\u00e9 od predajcu to, \u017ee spolo\u010dnos\u0165, ktor\u00fa kupujete nem\u00e1 \u017eiadne dlhy. \u010eal\u0161ou d\u00f4le\u017eitou vecou je samotn\u00e1 hist\u00f3ria spolo\u010dnosti. READY-MADE spolo\u010dnosti musia ma\u0165 podnikate\u013esk\u00fa a\u00a0obchodn\u00fa hist\u00f3riu nulov\u00fa, nesmie s\u00a0nimi podnika\u0165 nikto pred Vami, iba tak m\u00e1te ist\u00e9, \u017ee Va\u0161a spolo\u010dnos\u0165 je po \u00fa\u010dtovnej a\u00a0pr\u00e1vnej str\u00e1nke \u00faplne \u010dist\u00e1. Cena, za ktor\u00fa si idete svoju spolo\u010dnos\u0165 obstara\u0165 je tie\u017e ve\u013emi d\u00f4le\u017eit\u00fdm faktorom. Niektor\u00e9 spolo\u010dnosti V\u00e1m za\u00fa\u010dtuj\u00fa r\u00f4zne dodato\u010dn\u00e9 poplatky a\u017e v\u00a0priebehu prevodu a\u00a0Va\u0161a kone\u010dn\u00e1 suma za spolo\u010dnos\u0165 sa m\u00f4\u017ee nieko\u013ekokr\u00e1t nav\u00fd\u0161i\u0165 bez toho aby ste o\u00a0tom boli pred samotn\u00fdm prevodom obozn\u00e1men\u00ed.\u00a0 Ceny za na\u0161e READY-MADE spolo\u010dnosti s\u00fa u\u017e kone\u010dn\u00e9 a\u00a0maj\u00fa v\u00a0sebe zahrnut\u00e9 v\u0161etky potrebn\u00e9 poplatky, o\u00a0v\u00fd\u0161kach jednotliv\u00fdch poplatkov je klient vopred informovan\u00fd. \u00a0Na ak\u00e9ko\u013evek ot\u00e1zky V\u00e1m radi odpovieme. V\u00a0pr\u00edpade, \u017ee si neviete da\u0165 rady a\u00a0potrebujete usmerni\u0165 na Va\u0161ej ceste za \u00faspe\u0161n\u00fdm podnikan\u00edm spolo\u010dnos\u0165 FONTIONNEL je tu pre V\u00e1s.<\/p>\n<p>V pr\u00edpade z\u00e1ujmu o <a title=\"ready-made spolo\u010dnosti\" href=\"http:\/\/www.fontionnel.sk\/predaj-spolocnosti-firiem-ready-made-spolocnosti-firmy\/\">READY-MADE spolo\u010dnos\u0165 <\/a>\u00a0n\u00e1s nev\u00e1hajte kontaktova\u0165<\/p>\n<p><strong>tel.: + 421 919 988 888, +421 915 088 727<\/strong><\/p>\n<p><strong>e-mail: info@fontionnel.sk<\/strong><\/p>\n<p>Te\u0161\u00edme sa na spolupr\u00e1cu.<\/p>\n<div class=\"clear\"><\/div><\/div>\n<p><\/p><\/div>\n<h3 class=\"toggle\"><strong><a href=\"#\">Proces prevodu samotnej READY-MADE spolo\u010dnosti<\/a><\/strong><\/h3><div class=\"toggle-box\" style=\"display: none;\"><p><\/p>\n<div class=\"block-gray\"><\/p>\n<h3>Proces prevodu samotnej READY-MADE spolo\u010dnosti<\/h3>\n<p>Zakladanie novej s.r.o. V\u00e1s m\u00f4\u017ee st\u00e1\u0165 nieko\u013eko t\u00fd\u017ed\u0148ov a\u017e mesiacov ak svoje podnikanie vlo\u017e\u00edte do r\u00fak t\u00fdm nespr\u00e1vnym. Ako ste sa u\u017e mali mo\u017enos\u0165 do\u010d\u00edta\u0165 pri k\u00fape <a title=\"ready-made\" href=\"http:\/\/www.fontionnel.sk\/predaj-spolocnosti-firiem-ready-made-spolocnosti-firmy\/\">ready-made spolo\u010dnosti<\/a> sa m\u00f4\u017eete okam\u017eite venova\u0165 svojim podnikate\u013esk\u00fdm pl\u00e1nom a\u00a0vyhn\u00fa\u0165 sa zd\u013ahav\u00fdm procesom zakladania. V\u00a0tomto \u010dl\u00e1nku V\u00e1m pribl\u00ed\u017eime ako prebieha samotn\u00fd proces prevodu ready-made. Prvotn\u00fdm krokom k\u00a0prevodu spolo\u010dnosti je zasadnutie valn\u00e9ho zhroma\u017edenia, ktor\u00e9 je najvy\u0161\u0161\u00edm org\u00e1nom spolo\u010dnosti. Na valnom zhroma\u017eden\u00ed sa odvol\u00e1 aktu\u00e1lny konate\u013e a\u00a0z\u00e1rove\u0148 sa vymenuje nov\u00fd, ktor\u00fdm m\u00f4\u017eete by\u0165 Vy alebo Vami zvolen\u00e1 osoba, ktor\u00e1 bude opr\u00e1vnen\u00e1 kona\u0165 v\u00a0mene spolo\u010dnosti. N\u00e1sledne sa m\u00f4\u017ee na Va\u0161e po\u017eiadanie zmeni\u0165 n\u00e1zov spolo\u010dnosti, s\u00eddlo alebo sa zmen\u00ed obchodn\u00fd podiel. Nasleduje podp\u00edsanie zmluvy o\u00a0prevode. Hne\u010f po podp\u00edsan\u00ed\u00a0 V\u00e1m bud\u00fa odovzdan\u00e9 v\u0161etky dokumenty. V\u00a0pr\u00edpade, \u017ee sa rozhodnete vyu\u017ei\u0165 na\u0161e slu\u017eby, ktor\u00e9 s\u00fa spojen\u00e9 s\u00a0<a title=\"poskytnutie s\u00eddla\" href=\"http:\/\/www.fontionnel.sk\/virtualna-kancelaria-virtualne-sidlo-spolocnosti\/\">poskytnut\u00edm s\u00eddla<\/a>, <a title=\"vedenie \u00fa\u010dtovn\u00edctva\" href=\"http:\/\/www.fontionnel.sk\/vedenie-outsourcing-uctovnictva-uctovne-sluzby\/\">veden\u00edm \u00fa\u010dtovn\u00edctva<\/a> V\u00e1m vyhotov\u00edme Zmluvu o\u00a0slu\u017eb\u00e1ch poskytovan\u00fdch spolo\u010dnos\u0165ou FONTIONNEL. N\u00e1sledne t\u00fato zmluvu podp\u00ed\u0161ete.\u00a0 Na\u0161a spolo\u010dnos\u0165 V\u00e1m dopln\u00ed a vybav\u00ed popr\u00edpade nov\u00e9 \u017eivnosti, ktor\u00e9 ste si zvolili ako predmet svojho podnikania. Ako posledn\u00fd krok sa pod\u00e1 n\u00e1vrh na z\u00e1pis zmien do obchodn\u00e9ho registra.<\/p>\n<p>V pr\u00edpade z\u00e1ujmu o\u00a0<a title=\"ready-made spolo\u010dnosti\" href=\"http:\/\/www.fontionnel.sk\/predaj-spolocnosti-firiem-ready-made-spolocnosti-firmy\/\">READY-MADE spolo\u010dnos\u0165\u00a0<\/a>\u00a0n\u00e1s nev\u00e1hajte kontaktova\u0165<\/p>\n<p><strong>tel.: + 421 919 988 888, +421 915 088 727<\/strong><\/p>\n<p><strong>e-mail: info@fontionnel.sk<\/strong><\/p>\n<p>Te\u0161\u00edme sa na spolupr\u00e1cu.<\/p>\n<div class=\"clear\"><\/div><\/div>\n<p><\/p><\/div>\n<h3 class=\"toggle\"><strong><a href=\"#\">Slu\u017eba poskytnutia s\u00eddla - Virtu\u00e1lne s\u00eddlo spolo\u010dnosti<\/a><\/strong><\/h3><div class=\"toggle-box\" style=\"display: none;\"><p><\/p>\n<div class=\"block-gray\"><\/p>\n<h3>Slu\u017eba poskytnutia s\u00eddla<\/h3>\n<p>Jednou z\u00a0podmienok pre z\u00e1pis obchodnej spolo\u010dnosti do obchodn\u00e9ho registra je aj vlastn\u00e9 s\u00eddlo. V\u00a0pr\u00edpade, \u017ee nedisponujete priestormi, v\u00a0ktor\u00fdch je mo\u017en\u00e1 registr\u00e1cia spolo\u010dnosti, je t\u00e1to slu\u017eba pr\u00e1ve pre V\u00e1s. Tak\u00e9to <a title=\"poskytnutie s\u00eddla\" href=\"http:\/\/www.fontionnel.sk\/virtualna-kancelaria-virtualne-sidlo-spolocnosti\/\">poskytnutie s\u00eddla<\/a> je vhodn\u00e9 najm\u00e4 pre klientov, ktor\u00fd sa nach\u00e1dzaj\u00fa v\u00a0tejto situ\u00e1ci\u00ed :<\/p>\n<div ><\/p>\n<ul class=\"card-list\">\n<li>nemaj\u00fa mo\u017enos\u0165 alebo finan\u010dn\u00e9 prostriedky na pren\u00e1jom alebo k\u00fapu vlastnej kancel\u00e1rie<\/li>\n<li>m\u00e1 z\u00e1ujem zn\u00ed\u017ei\u0165 n\u00e1klady na pren\u00e1jom kancel\u00e1rie<\/li>\n<li>m\u00e1 z\u00e1ujem aby bolo postaran\u00e9 o\u00a0jeho po\u0161tu, pr\u00edpadne preberanie hovorov<\/li>\n<\/ul>\n<p><\/div>\n<p>&nbsp;<\/p>\n<p>Pri v\u00fdbere vhodn\u00e9ho s\u00eddla pre Va\u0161u spolo\u010dnos\u0165 odpor\u00fa\u010dame d\u00e1va\u0165 pozor aby boli splnen\u00e9 v\u0161etky z\u00e1konom stanoven\u00e9 povinnosti. S\u00eddlo mus\u00ed by\u0165 riadne ozna\u010den\u00e9 n\u00e1zvom spolo\u010dnosti a\u00a0jej identifika\u010dn\u00fdm \u010d\u00edslom. Preberanie po\u0161tov\u00fdch z\u00e1sielok a\u00a0p\u00edsomnost\u00ed odpor\u00fa\u010dame nezanedba\u0165, vyhnete sa tak probl\u00e9mom, ktor\u00e9 z\u00a0nedoru\u010den\u00fdch z\u00e1sielok m\u00f4\u017eu plyn\u00fa\u0165. Tak isto treba zabezpe\u010di\u0165 kontakt s\u00a0verejnos\u0165ou a\u00a0r\u00f4znymi \u00faradmi v\u00a0konkr\u00e9tnom s\u00eddle spolo\u010dnosti.<\/p>\n<p>V\u00a0pr\u00edpade, \u017ee nespln\u00edte niektor\u00e9 z\u00a0podmienok m\u00f4\u017eu \u00farady Va\u0161ej spolo\u010dnosti \u00a0udeli\u0165 sankciu alebo rozhodn\u00fa\u0165 dokonca\u00a0jej zru\u0161en\u00ed \u010di likvid\u00e1ci\u00ed.<\/p>\n<p>V pr\u00edpade z\u00e1ujmu o slu\u017ebu <a title=\"poskytnutie s\u00eddla\" href=\"http:\/\/www.fontionnel.sk\/virtualna-kancelaria-virtualne-sidlo-spolocnosti\/\">poskytnutia s\u00eddla <\/a>pre va\u0161u spolo\u010dnos\u0165 resp\u00a0n\u00e1s nev\u00e1hajte kontaktova\u0165.<\/p>\n<p><strong>tel.: + 421 919 988 888, +421 915 088 727<\/strong><\/p>\n<p><strong>e-mail: info@fontionnel.sk<\/strong><\/p>\n<p>Te\u0161\u00edme sa na spolupr\u00e1cu.<\/p>\n<div class=\"clear\"><\/div><\/div>\n<p><\/p><\/div>\n","protected":false},"excerpt":{"rendered":"<p>Poradensk\u00e1 spolo\u010dnos\u0165 \u2013 praktick\u00e9 rady Na\u0161a str\u00e1nka V\u00e1m pon\u00faka praktick\u00e9 rady a sk\u00fasenosti na \u010do si d\u00e1va\u0165 pozor pri podnikan\u00ed,&#8230;<\/p>\n","protected":false},"author":2,"featured_media":0,"parent":0,"menu_order":0,"comment_status":"closed","ping_status":"closed","template":"ospolocnosti.php","meta":{"footnotes":""},"class_list":["post-2446","page","type-page","status-publish","hentry"],"aioseo_notices":[],"_links":{"self":[{"href":"https:\/\/www.fontionnel.sk\/hu\/wp-json\/wp\/v2\/pages\/2446","targetHints":{"allow":["GET"]}}],"collection":[{"href":"https:\/\/www.fontionnel.sk\/hu\/wp-json\/wp\/v2\/pages"}],"about":[{"href":"https:\/\/www.fontionnel.sk\/hu\/wp-json\/wp\/v2\/types\/page"}],"author":[{"embeddable":true,"href":"https:\/\/www.fontionnel.sk\/hu\/wp-json\/wp\/v2\/users\/2"}],"replies":[{"embeddable":true,"href":"https:\/\/www.fontionnel.sk\/hu\/wp-json\/wp\/v2\/comments?post=2446"}],"version-history":[{"count":30,"href":"https:\/\/www.fontionnel.sk\/hu\/wp-json\/wp\/v2\/pages\/2446\/revisions"}],"predecessor-version":[{"id":4490,"href":"https:\/\/www.fontionnel.sk\/hu\/wp-json\/wp\/v2\/pages\/2446\/revisions\/4490"}],"wp:attachment":[{"href":"https:\/\/www.fontionnel.sk\/hu\/wp-json\/wp\/v2\/media?parent=2446"}],"curies":[{"name":"wp","href":"https:\/\/api.w.org\/{rel}","templated":true}]}}