{"id":26,"date":"2011-05-24T13:19:49","date_gmt":"2011-05-24T13:19:49","guid":{"rendered":"http:\/\/www.fontionnel.sk\/?page_id=26"},"modified":"2016-01-28T18:31:11","modified_gmt":"2016-01-28T16:31:11","slug":"zahranicne-spolocnosti","status":"publish","type":"page","link":"https:\/\/www.fontionnel.sk\/hu\/kulfoldi-tarsasag\/","title":{"rendered":"K\u00fclf\u00f6ldi t\u00e1rsas\u00e1g"},"content":{"rendered":"<p><\/p>\n<p style=\"text-align: justify;\">K\u00fclf\u00f6ldi t\u00e1rsas\u00e1g l\u00e9trehoz\u00e1sa a Cseh K\u00f6zt\u00e1rsas\u00e1gban \u00e9s Magyarorsz\u00e1gon. Sz\u00e9khelyszolg\u00e1ltat\u00e1s \u00e9s k\u00f6nyvviteli szolg\u00e1ltat\u00e1sok.<\/p>\n<p><\/p>","protected":false},"excerpt":{"rendered":"<p>K\u00fclf\u00f6ldi t\u00e1rsas\u00e1g l\u00e9trehoz\u00e1sa a Cseh K\u00f6zt\u00e1rsas\u00e1gban \u00e9s Magyarorsz\u00e1gon. Sz\u00e9khelyszolg\u00e1ltat\u00e1s \u00e9s k\u00f6nyvviteli szolg\u00e1ltat\u00e1sok.<\/p>\n","protected":false},"author":2,"featured_media":0,"parent":0,"menu_order":0,"comment_status":"closed","ping_status":"closed","template":"","meta":{"footnotes":""},"class_list":["post-26","page","type-page","status-publish","hentry"],"aioseo_notices":[],"_links":{"self":[{"href":"https:\/\/www.fontionnel.sk\/hu\/wp-json\/wp\/v2\/pages\/26","targetHints":{"allow":["GET"]}}],"collection":[{"href":"https:\/\/www.fontionnel.sk\/hu\/wp-json\/wp\/v2\/pages"}],"about":[{"href":"https:\/\/www.fontionnel.sk\/hu\/wp-json\/wp\/v2\/types\/page"}],"author":[{"embeddable":true,"href":"https:\/\/www.fontionnel.sk\/hu\/wp-json\/wp\/v2\/users\/2"}],"replies":[{"embeddable":true,"href":"https:\/\/www.fontionnel.sk\/hu\/wp-json\/wp\/v2\/comments?post=26"}],"version-history":[{"count":28,"href":"https:\/\/www.fontionnel.sk\/hu\/wp-json\/wp\/v2\/pages\/26\/revisions"}],"predecessor-version":[{"id":8035,"href":"https:\/\/www.fontionnel.sk\/hu\/wp-json\/wp\/v2\/pages\/26\/revisions\/8035"}],"wp:attachment":[{"href":"https:\/\/www.fontionnel.sk\/hu\/wp-json\/wp\/v2\/media?parent=26"}],"curies":[{"name":"wp","href":"https:\/\/api.w.org\/{rel}","templated":true}]}}