{"id":272,"date":"2011-06-30T19:36:47","date_gmt":"2011-06-30T19:36:47","guid":{"rendered":"http:\/\/www.fontionnel.sk\/?page_id=272"},"modified":"2016-07-16T22:45:22","modified_gmt":"2016-07-16T20:45:22","slug":"office-centrum","status":"publish","type":"page","link":"https:\/\/www.fontionnel.sk\/hu\/office-centrum\/","title":{"rendered":"Office centrum"},"content":{"rendered":"<p><\/p>\n<p style=\"text-align: justify;\"><b>Office centrum<\/b> ide\u00e1lis v\u00e1laszt\u00e1s az exkluz\u00edv sz\u00e9khely miatt, \u00fczemeltet\u00e9si \u00e9s szem\u00e9lyes k\u00f6lts\u00e9gek optimaliz\u00e1l\u00e1sa, valamint a saj\u00e1t iroda ny\u00fajtotta k\u00e9nyelem szempontj\u00e1b\u00f3l.<\/p>\n<h2><strong>Office centrum alapvet\u0151 szolg\u00e1ltat\u00e1sai<\/strong><\/h2>\n<div><\/p>\n<ul class=\"card-list\">\n<li>postai k\u00fcldem\u00e9nyek fogad\u00e1sa, meg\u0151rz\u00e9se \u00e9s tov\u00e1bb\u00edt\u00e1sa<\/li>\n<li>a fogadott postai k\u00fcldem\u00e9nyekr\u0151l, h\u00edv\u00e1sokr\u00f3l \u00e9s faxr\u00f3l \u00e9rtes\u00edt\u00e9s e-mailben, sms-ben vagy telefonon<\/li>\n<li>asszisztensi \u00e9s titk\u00e1rs\u00e1gi szolg\u00e1ltat\u00e1sok<\/li>\n<li>gazdas\u00e1gi, ad\u00f3 \u00e9s jogi tan\u00e1csad\u00e1s<\/li>\n<li>t\u00e1rgyal\u00f3terem b\u00e9rl\u00e9s friss\u00edt\u0151vel<\/li>\n<li>domain kezel\u00e9s \u00e9s bejegyz\u00e9s saj\u00e1t e-mail c\u00edmmel<\/li>\n<li>e-mailek k\u00fcld\u00e9se tov\u00e1bbi e-mail c\u00edmekre<\/li>\n<li>webhosting<\/li>\n<li>g\u00e9pj\u00e1rm\u0171- nyilv\u00e1ntart\u00e1sba v\u00e9tel Szlov\u00e1ki\u00e1ban<\/li>\n<li>tov\u00e1bbi szolg\u00e1ltat\u00e1sok<\/li>\n<\/ul>\n<p><\/div>\n<p>[contactButtons]<\/p>","protected":false},"excerpt":{"rendered":"<p>Office centrum ide\u00e1lis v\u00e1laszt\u00e1s az exkluz\u00edv sz\u00e9khely miatt, \u00fczemeltet\u00e9si \u00e9s szem\u00e9lyes k\u00f6lts\u00e9gek optimaliz\u00e1l\u00e1sa, valamint a saj\u00e1t iroda ny\u00fajtotta k\u00e9nyelem szempontj\u00e1b\u00f3l&#8230;.<\/p>\n","protected":false},"author":2,"featured_media":7729,"parent":0,"menu_order":0,"comment_status":"closed","ping_status":"closed","template":"sluzby.php","meta":{"footnotes":""},"class_list":["post-272","page","type-page","status-publish","has-post-thumbnail","hentry"],"aioseo_notices":[],"_links":{"self":[{"href":"https:\/\/www.fontionnel.sk\/hu\/wp-json\/wp\/v2\/pages\/272","targetHints":{"allow":["GET"]}}],"collection":[{"href":"https:\/\/www.fontionnel.sk\/hu\/wp-json\/wp\/v2\/pages"}],"about":[{"href":"https:\/\/www.fontionnel.sk\/hu\/wp-json\/wp\/v2\/types\/page"}],"author":[{"embeddable":true,"href":"https:\/\/www.fontionnel.sk\/hu\/wp-json\/wp\/v2\/users\/2"}],"replies":[{"embeddable":true,"href":"https:\/\/www.fontionnel.sk\/hu\/wp-json\/wp\/v2\/comments?post=272"}],"version-history":[{"count":7,"href":"https:\/\/www.fontionnel.sk\/hu\/wp-json\/wp\/v2\/pages\/272\/revisions"}],"predecessor-version":[{"id":9257,"href":"https:\/\/www.fontionnel.sk\/hu\/wp-json\/wp\/v2\/pages\/272\/revisions\/9257"}],"wp:featuredmedia":[{"embeddable":true,"href":"https:\/\/www.fontionnel.sk\/hu\/wp-json\/wp\/v2\/media\/7729"}],"wp:attachment":[{"href":"https:\/\/www.fontionnel.sk\/hu\/wp-json\/wp\/v2\/media?parent=272"}],"curies":[{"name":"wp","href":"https:\/\/api.w.org\/{rel}","templated":true}]}}