{"id":28,"date":"2011-05-24T13:20:12","date_gmt":"2011-05-24T13:20:12","guid":{"rendered":"http:\/\/www.fontionnel.sk\/?page_id=28"},"modified":"2013-01-29T12:32:32","modified_gmt":"2013-01-29T12:32:32","slug":"poskytovanie-sidla-spolocnosti","status":"publish","type":"page","link":"https:\/\/www.fontionnel.sk\/hu\/poskytovanie-sidla-spolocnosti\/","title":{"rendered":"Virtu\u00e1lne s\u00eddlo spolo\u010dnosti"},"content":{"rendered":"<p style=\"text-align: center;\"><strong><\/strong>Vlastn\u00e9 s\u00eddlo je pre ka\u017ed\u00fa obchodn\u00fa spolo\u010dnos\u0165 podmienkou pre z\u00e1pis do obchodn\u00e9ho registra. Adresy s\u00eddla, mesa\u010dn\u00e9 poplatky za s\u00eddlo, preberanie a preposielanie po\u0161ty, viazanos\u0165 s\u00eddla, frekvencia platenia za s\u00eddlo. <span style=\"color: #000000;\"><strong>Od 29 eur\/mesiac. <\/strong><\/span><\/p>\n","protected":false},"excerpt":{"rendered":"<p>Vlastn\u00e9 s\u00eddlo je pre ka\u017ed\u00fa obchodn\u00fa spolo\u010dnos\u0165 podmienkou pre z\u00e1pis do obchodn\u00e9ho registra. Adresy s\u00eddla, mesa\u010dn\u00e9 poplatky za s\u00eddlo, preberanie&#8230;<\/p>\n","protected":false},"author":2,"featured_media":0,"parent":0,"menu_order":0,"comment_status":"closed","ping_status":"closed","template":"","meta":{"footnotes":""},"class_list":["post-28","page","type-page","status-publish","hentry"],"aioseo_notices":[],"_links":{"self":[{"href":"https:\/\/www.fontionnel.sk\/hu\/wp-json\/wp\/v2\/pages\/28","targetHints":{"allow":["GET"]}}],"collection":[{"href":"https:\/\/www.fontionnel.sk\/hu\/wp-json\/wp\/v2\/pages"}],"about":[{"href":"https:\/\/www.fontionnel.sk\/hu\/wp-json\/wp\/v2\/types\/page"}],"author":[{"embeddable":true,"href":"https:\/\/www.fontionnel.sk\/hu\/wp-json\/wp\/v2\/users\/2"}],"replies":[{"embeddable":true,"href":"https:\/\/www.fontionnel.sk\/hu\/wp-json\/wp\/v2\/comments?post=28"}],"version-history":[{"count":18,"href":"https:\/\/www.fontionnel.sk\/hu\/wp-json\/wp\/v2\/pages\/28\/revisions"}],"predecessor-version":[{"id":39,"href":"https:\/\/www.fontionnel.sk\/hu\/wp-json\/wp\/v2\/pages\/28\/revisions\/39"}],"wp:attachment":[{"href":"https:\/\/www.fontionnel.sk\/hu\/wp-json\/wp\/v2\/media?parent=28"}],"curies":[{"name":"wp","href":"https:\/\/api.w.org\/{rel}","templated":true}]}}