{"id":339,"date":"2011-07-03T12:55:09","date_gmt":"2011-07-03T12:55:09","guid":{"rendered":"http:\/\/www.fontionnel.sk\/?page_id=339"},"modified":"2016-05-02T23:11:41","modified_gmt":"2016-05-02T21:11:41","slug":"o-spolocnosti-kto-sme","status":"publish","type":"page","link":"https:\/\/www.fontionnel.sk\/hu\/bemutatkozunk\/","title":{"rendered":"Bemutatkozunk"},"content":{"rendered":"<p>A FONTIONNEL t\u00e1rsas\u00e1g elk\u00e9pzel\u00e9se m\u00e1r a kezdetekt\u0151l fogva a seg\u00edts\u00e9gny\u00fajt\u00e1s, a kis -, k\u00f6zepes, \u00e9s nagyv\u00e1llalkoz\u00f3k sz\u00e1m\u00e1ra. A term\u00e9szetes, szerves n\u00f6veked\u00e9s eredm\u00e9nyek\u00e9ppen a t\u00e1rsas\u00e1g elkezdett v\u00e1llalati szolg\u00e1ltat\u00e1sokat ny\u00fajtani a k\u00f6z\u00e9p-eur\u00f3pai piacon. Els\u0151sorban Szlov\u00e1ki\u00e1ban, Magyarorsz\u00e1gon \u00e9s Cseh K\u00f6zt\u00e1rsas\u00e1gban. A FONTIONNEL t\u00e1rsas\u00e1g csapata seg\u00edts\u00e9get ny\u00fajtani k\u00e9pes az \u00fcgyfeleinek, a c\u00e9galap\u00edt\u00e1s \u00fcgyeit\u0151l kezdve eg\u00e9szen az \u00f6sszetettebb, hat\u00e1ron \u00e1tny\u00fal\u00f3 \u00e9s tranzakci\u00f3s strukt\u00far\u00e1kig. A kulcsfontoss\u00e1g\u00fa alapelv a specializ\u00e1ci\u00f3 sz\u00fcks\u00e9ges m\u00e9rt\u00e9ke, tekintettel a helyi gazdas\u00e1gi \u00e9s jogi felt\u00e9telekre. A t\u00e1rsas\u00e1gunkn\u00e1l angol, n\u00e9met, magyar, szlov\u00e1k \u00e9s cseh nyelven is lehet kommunik\u00e1lni. A t\u00e1rsas\u00e1g az\u00e1ltal, hogy nemzetk\u00f6zi csoportokban, befektet\u00e9si f\u00f3rumokon \u00e9s \u00e9rdekcsoportokban vesz r\u00e9szt, a professzion\u00e1lis szolg\u00e1ltat\u00e1sokon k\u00edv\u00fcl a jelent\u0151s h\u00e1l\u00f3zati lehet\u0151s\u00e9gek megoszt\u00e1s\u00e1ra is k\u00e9pes.<\/p>\n<p>Mgr. Patrik \u0160kulav\u00edk, Fontionnel&amp;Co s.r.o.<\/p>","protected":false},"excerpt":{"rendered":"<p>A FONTIONNEL t\u00e1rsas\u00e1g elk\u00e9pzel\u00e9se m\u00e1r a kezdetekt\u0151l fogva a seg\u00edts\u00e9gny\u00fajt\u00e1s, a kis -, k\u00f6zepes, \u00e9s nagyv\u00e1llalkoz\u00f3k sz\u00e1m\u00e1ra. A term\u00e9szetes, szerves&#8230;<\/p>\n","protected":false},"author":2,"featured_media":0,"parent":0,"menu_order":0,"comment_status":"closed","ping_status":"closed","template":"o-spolocnosti.php","meta":{"footnotes":""},"class_list":["post-339","page","type-page","status-publish","hentry"],"aioseo_notices":[],"_links":{"self":[{"href":"https:\/\/www.fontionnel.sk\/hu\/wp-json\/wp\/v2\/pages\/339","targetHints":{"allow":["GET"]}}],"collection":[{"href":"https:\/\/www.fontionnel.sk\/hu\/wp-json\/wp\/v2\/pages"}],"about":[{"href":"https:\/\/www.fontionnel.sk\/hu\/wp-json\/wp\/v2\/types\/page"}],"author":[{"embeddable":true,"href":"https:\/\/www.fontionnel.sk\/hu\/wp-json\/wp\/v2\/users\/2"}],"replies":[{"embeddable":true,"href":"https:\/\/www.fontionnel.sk\/hu\/wp-json\/wp\/v2\/comments?post=339"}],"version-history":[{"count":13,"href":"https:\/\/www.fontionnel.sk\/hu\/wp-json\/wp\/v2\/pages\/339\/revisions"}],"predecessor-version":[{"id":8788,"href":"https:\/\/www.fontionnel.sk\/hu\/wp-json\/wp\/v2\/pages\/339\/revisions\/8788"}],"wp:attachment":[{"href":"https:\/\/www.fontionnel.sk\/hu\/wp-json\/wp\/v2\/media?parent=339"}],"curies":[{"name":"wp","href":"https:\/\/api.w.org\/{rel}","templated":true}]}}