{"id":3420,"date":"2013-07-15T06:59:36","date_gmt":"2013-07-15T06:59:36","guid":{"rendered":"http:\/\/www.fontionnel.sk\/?page_id=3420"},"modified":"2016-06-07T14:12:04","modified_gmt":"2016-06-07T12:12:04","slug":"odkupenie-predaj-spolocnosti-s-r-o","status":"publish","type":"page","link":"https:\/\/www.fontionnel.sk\/hu\/kft-vasarlas-eladas\/","title":{"rendered":"Kft. v\u00e1s\u00e1rl\u00e1s, elad\u00e1s"},"content":{"rendered":"<p><\/p>\n<h2>Kft. v\u00e1s\u00e1rl\u00e1s, elad\u00e1s<\/h2>\n<p style=\"text-align: justify;\">Egy kft. megsz\u00fcntet\u00e9se anyagilag is megterhel\u0151 \u00e9s id\u0151ig\u00e9nyes. A p\u00e9nz\u00fcgyileg j\u00f3 \u00e1llapotban l\u00e9v\u0151 c\u00e9geket a tulajdonosak ink\u00e1bb szeretn\u00e9k eladni \u00e9s keresni az elad\u00e1son, mint p\u00e9nzt k\u00f6lteni a megsz\u00fcntet\u00e9s\u00e9re. A FONTIONNEL az eg\u00e9sz \u00e1truh\u00e1z\u00e1si elj\u00e1r\u00e1st elv\u00e9gzi \u00d6n helyett.<\/p>\n<p>Amennyiben \u00e9rdekli az aj\u00e1nlatunk, l\u00e9pjen kapcsolatba vel\u00fcnk:<\/p>\n<p><b>tel.:\u00a0<strong>+ 421 948 488 200<\/strong><\/b><\/p>\n<p><b>e-mail: info@fontionnel.sk<\/b><\/p>\n<p>\u00d6r\u00fcl\u00fcnk az egy\u00fcttm\u0171k\u00f6d\u00e9snek.<\/p>","protected":false},"excerpt":{"rendered":"<p>Kft. v\u00e1s\u00e1rl\u00e1s, elad\u00e1s Egy kft. megsz\u00fcntet\u00e9se anyagilag is megterhel\u0151 \u00e9s id\u0151ig\u00e9nyes. A p\u00e9nz\u00fcgyileg j\u00f3 \u00e1llapotban l\u00e9v\u0151 c\u00e9geket a tulajdonosak ink\u00e1bb&#8230;<\/p>\n","protected":false},"author":2,"featured_media":7697,"parent":0,"menu_order":0,"comment_status":"closed","ping_status":"closed","template":"sluzby.php","meta":{"footnotes":""},"class_list":["post-3420","page","type-page","status-publish","has-post-thumbnail","hentry"],"aioseo_notices":[],"_links":{"self":[{"href":"https:\/\/www.fontionnel.sk\/hu\/wp-json\/wp\/v2\/pages\/3420","targetHints":{"allow":["GET"]}}],"collection":[{"href":"https:\/\/www.fontionnel.sk\/hu\/wp-json\/wp\/v2\/pages"}],"about":[{"href":"https:\/\/www.fontionnel.sk\/hu\/wp-json\/wp\/v2\/types\/page"}],"author":[{"embeddable":true,"href":"https:\/\/www.fontionnel.sk\/hu\/wp-json\/wp\/v2\/users\/2"}],"replies":[{"embeddable":true,"href":"https:\/\/www.fontionnel.sk\/hu\/wp-json\/wp\/v2\/comments?post=3420"}],"version-history":[{"count":18,"href":"https:\/\/www.fontionnel.sk\/hu\/wp-json\/wp\/v2\/pages\/3420\/revisions"}],"predecessor-version":[{"id":9198,"href":"https:\/\/www.fontionnel.sk\/hu\/wp-json\/wp\/v2\/pages\/3420\/revisions\/9198"}],"wp:featuredmedia":[{"embeddable":true,"href":"https:\/\/www.fontionnel.sk\/hu\/wp-json\/wp\/v2\/media\/7697"}],"wp:attachment":[{"href":"https:\/\/www.fontionnel.sk\/hu\/wp-json\/wp\/v2\/media?parent=3420"}],"curies":[{"name":"wp","href":"https:\/\/api.w.org\/{rel}","templated":true}]}}