{"id":3536,"date":"2013-09-16T07:31:25","date_gmt":"2013-09-16T07:31:25","guid":{"rendered":"http:\/\/www.fontionnel.sk\/?page_id=3536"},"modified":"2017-02-14T11:32:33","modified_gmt":"2017-02-14T09:32:33","slug":"predaj-spolocnosti-v-cr","status":"publish","type":"page","link":"https:\/\/www.fontionnel.sk\/hu\/cegeladas-csehorszagban\/","title":{"rendered":"C\u00e9gelad\u00e1s Csehorsz\u00e1gban"},"content":{"rendered":"<p><\/p>\n<h2><strong>Ready made c\u00e9g &#8211; Kft. elad\u00e1sa Csehorsz\u00e1gban<\/strong><\/h2>\n<p style=\"text-align: justify;\">Azok sz\u00e1m\u00e1ra, akik gyorsan szeretn\u00e9nek c\u00e9get, azaz ready-made c\u00e9get szeretn\u00e9nek v\u00e1s\u00e1rolni, m\u00e1r Csehorsz\u00e1gban is megtehetik. A Csehorsz\u00e1gban regisztr\u00e1lt ready-made c\u00e9g el\u0151nye, hogy az \u00fczletr\u00e9sz-\u00e1truh\u00e1z\u00e1si folyamat Szlov\u00e1ki\u00e1ban is gyorsan t\u00f6rt\u00e9nik, valamint az, hogy a t\u00f6rzst\u0151ke m\u00e1r ki van fizetve. K\u00edn\u00e1latunkban \u00e1ltal\u00e1noss\u00e1gban \u00e1fa-fizet\u0151 c\u00e9gek szerepelnek, de k\u00edn\u00e1lunk \u00e1fa mentes c\u00e9get is. Ig\u00e9ny szerint az ilyen c\u00e9get is tudjuk regisztr\u00e1ltatni mint \u00e1fa-fizet\u0151t, m\u00e9gpedig k\u00e9t h\u00e9ten bel\u00fcl garant\u00e1ltan, \u00e9s mindenfajta felesleges anyagi k\u00f6lts\u00e9gek n\u00e9lk\u00fcl.<\/p>\n<p style=\"text-align: justify;\">Amennyiben most v\u00e1s\u00e1rol t\u0151l\u00fcnk Csehorsz\u00e1gban bejegyzett ready-made kft.-t, <strong>1<\/strong><b>\u00a0\u00e9v id\u0151tartamra egy ingyenes pr\u00e1gai sz\u00e9khellyel aj\u00e1nd\u00e9kozzuk meg \u00d6nt!<\/b><\/p>\n<h3><strong>Mi a teend\u0151 egy Csehorsz\u00e1gban elad\u00f3 kft. eset\u00e9ben?<\/strong><\/h3>\n<p style=\"text-align: justify;\">Telefonos vagy e-mailben leadott rendel\u00e9st k\u00f6vet\u0151en elk\u00fcldj\u00fck \u00d6nnek a kit\u00f6ltend\u0151 \u0171rlapot. Ezt k\u00f6vet\u0151en 24 \u00f3r\u00e1n bel\u00fcl elk\u00e9sz\u00edtj\u00fck az \u00f6sszes \u00e1truh\u00e1zand\u00f3 dokumentumot, majd elv\u00e9geztetj\u00fck a csehorsz\u00e1gi c\u00e9gjegyz\u00e9kben val\u00f3 m\u00f3dos\u00edt\u00e1st. A dokumentumok al\u00e1\u00edr\u00e1sa ut\u00e1n c\u00e9g\u00fcnk elv\u00e9gzi a kft. elad\u00e1ssal kapcsolatos l\u00e9p\u00e9seket az \u00d6nnel k\u00f6t\u00f6tt szerz\u0151d\u00e9s alapj\u00e1n \u00e9s id\u0151tartamban.<\/p>\n<h3><strong>A szolg\u00e1ltat\u00e1s tartalmazza:<\/strong><\/h3>\n<div><\/p>\n<ul class=\"card-list\">\n<li style=\"text-align: justify;\">d\u00edjmentes konzult\u00e1ci\u00f3 c\u00e9gelad\u00e1st megel\u0151z\u0151en<\/li>\n<li style=\"text-align: justify;\">c\u00e9g\u00e1truh\u00e1z\u00e1shoz sz\u00fcks\u00e9ges okiratok kidolgoz\u00e1sa<\/li>\n<li style=\"text-align: justify;\">b\u00edr\u00f3s\u00e1gi \u00e9s k\u00f6zjegyz\u0151i illet\u00e9kek megt\u00e9r\u00edt\u00e9se<\/li>\n<li style=\"text-align: justify;\">a m\u00f3dos\u00edt\u00e1sok bejegyezet\u00e9se a cseh c\u00e9gjegyz\u00e9kbe<\/li>\n<li style=\"text-align: justify;\">cseh c\u00e9gkivonat<\/li>\n<li style=\"text-align: justify;\"><b>d\u00edjmentes pr\u00e1gai sz\u00e9khely aj\u00e1nd\u00e9kba 1 \u00e9v id\u0151tartamra!<\/b><\/li>\n<\/ul>\n<p><\/div>\n<table class=\"NicerTable\" style=\"width: 100%;\" cellspacing=\"0\" cellpadding=\"0\">\n<tbody>\n<tr>\n<th>KFT. C\u00c9GELAD\u00c1S \u2013 \u00c1RLISTA<\/th>\n<th>\u00c1R<\/th>\n<\/tr>\n<tr>\n<td>Kft.\u00a0 \u2013 \u00c1FA-mentes<\/td>\n<td>\u00a01.190 \u20ac<\/td>\n<\/tr>\n<tr>\n<td>Kft.\u00a0 \u2013 \u00c1FA-fizet\u0151<\/td>\n<td>\u00a01.990 \u20ac<\/td>\n<\/tr>\n<\/tbody>\n<\/table>\n<p>&nbsp;<\/p>","protected":false},"excerpt":{"rendered":"<p>Ready made c\u00e9g &#8211; Kft. elad\u00e1sa Csehorsz\u00e1gban Azok sz\u00e1m\u00e1ra, akik gyorsan szeretn\u00e9nek c\u00e9get, azaz ready-made c\u00e9get szeretn\u00e9nek v\u00e1s\u00e1rolni, m\u00e1r Csehorsz\u00e1gban&#8230;<\/p>\n","protected":false},"author":2,"featured_media":7690,"parent":0,"menu_order":0,"comment_status":"closed","ping_status":"closed","template":"sluzby.php","meta":{"footnotes":""},"class_list":["post-3536","page","type-page","status-publish","has-post-thumbnail","hentry"],"aioseo_notices":[],"_links":{"self":[{"href":"https:\/\/www.fontionnel.sk\/hu\/wp-json\/wp\/v2\/pages\/3536","targetHints":{"allow":["GET"]}}],"collection":[{"href":"https:\/\/www.fontionnel.sk\/hu\/wp-json\/wp\/v2\/pages"}],"about":[{"href":"https:\/\/www.fontionnel.sk\/hu\/wp-json\/wp\/v2\/types\/page"}],"author":[{"embeddable":true,"href":"https:\/\/www.fontionnel.sk\/hu\/wp-json\/wp\/v2\/users\/2"}],"replies":[{"embeddable":true,"href":"https:\/\/www.fontionnel.sk\/hu\/wp-json\/wp\/v2\/comments?post=3536"}],"version-history":[{"count":49,"href":"https:\/\/www.fontionnel.sk\/hu\/wp-json\/wp\/v2\/pages\/3536\/revisions"}],"predecessor-version":[{"id":9423,"href":"https:\/\/www.fontionnel.sk\/hu\/wp-json\/wp\/v2\/pages\/3536\/revisions\/9423"}],"wp:featuredmedia":[{"embeddable":true,"href":"https:\/\/www.fontionnel.sk\/hu\/wp-json\/wp\/v2\/media\/7690"}],"wp:attachment":[{"href":"https:\/\/www.fontionnel.sk\/hu\/wp-json\/wp\/v2\/media?parent=3536"}],"curies":[{"name":"wp","href":"https:\/\/api.w.org\/{rel}","templated":true}]}}