{"id":3561,"date":"2013-09-16T07:42:48","date_gmt":"2013-09-16T07:42:48","guid":{"rendered":"http:\/\/www.fontionnel.sk\/?page_id=3561"},"modified":"2016-07-16T22:46:17","modified_gmt":"2016-07-16T20:46:17","slug":"dalsie-sluzby","status":"publish","type":"page","link":"https:\/\/www.fontionnel.sk\/hu\/tovabbi-szolgaltatasaink\/","title":{"rendered":"Tov\u00e1bbi szolg\u00e1ltat\u00e1saink"},"content":{"rendered":"<p><\/p>\n<h2><strong>V\u00e1llalkoz\u00e1s\u00e1t t\u00e1mogat\u00f3 szolg\u00e1ltat\u00e1saink<\/strong><\/h2>\n<p style=\"text-align: justify;\">A Fontionnel&amp;Co c\u00e9g tov\u00e1bbi szolg\u00e1ltat\u00e1sokat k\u00edn\u00e1l \u00d6nnek.<\/p>\n<h3>V\u00e1lasszon szolg\u00e1ltat\u00e1saink k\u00f6z\u00fcl \u00e9s k\u00e9rjen tan\u00e1csot:<\/h3>\n<p style=\"text-align: justify;\"><span style=\"font-size: 13px;\"><div><\/span><\/p>\n<ul class=\"card-list\">\n<li><a href=\"http:\/\/www.fontionnel.sk\/registracia-pre-dan-z-pridanej-hodnoty-dph\/\">\u00c1fa \u2013 \u00e1ltal\u00e1nos forgalmi ad\u00f3 regisztr\u00e1ci\u00f3<\/a><\/li>\n<li><a href=\"http:\/\/www.fontionnel.sk\/registracia-danoveho-identifikacneho-cisla\/\">Ad\u00f3sz\u00e1m \u2013 ad\u00f3azonos\u00edt\u00f3 sz\u00e1m regisztr\u00e1ci\u00f3<\/a><\/li>\n<li><a href=\"http:\/\/www.fontionnel.sk\/garant-odbornej-sposobilosti\/\">Szakmai alkalmass\u00e1g kezese<\/a><\/li>\n<\/ul>\n<p><\/div><\/p>","protected":false},"excerpt":{"rendered":"<p>V\u00e1llalkoz\u00e1s\u00e1t t\u00e1mogat\u00f3 szolg\u00e1ltat\u00e1saink A Fontionnel&amp;Co c\u00e9g tov\u00e1bbi szolg\u00e1ltat\u00e1sokat k\u00edn\u00e1l \u00d6nnek. V\u00e1lasszon szolg\u00e1ltat\u00e1saink k\u00f6z\u00fcl \u00e9s k\u00e9rjen tan\u00e1csot:<\/p>\n","protected":false},"author":2,"featured_media":8216,"parent":0,"menu_order":0,"comment_status":"closed","ping_status":"closed","template":"sluzby.php","meta":{"footnotes":""},"class_list":["post-3561","page","type-page","status-publish","has-post-thumbnail","hentry"],"aioseo_notices":[],"_links":{"self":[{"href":"https:\/\/www.fontionnel.sk\/hu\/wp-json\/wp\/v2\/pages\/3561","targetHints":{"allow":["GET"]}}],"collection":[{"href":"https:\/\/www.fontionnel.sk\/hu\/wp-json\/wp\/v2\/pages"}],"about":[{"href":"https:\/\/www.fontionnel.sk\/hu\/wp-json\/wp\/v2\/types\/page"}],"author":[{"embeddable":true,"href":"https:\/\/www.fontionnel.sk\/hu\/wp-json\/wp\/v2\/users\/2"}],"replies":[{"embeddable":true,"href":"https:\/\/www.fontionnel.sk\/hu\/wp-json\/wp\/v2\/comments?post=3561"}],"version-history":[{"count":14,"href":"https:\/\/www.fontionnel.sk\/hu\/wp-json\/wp\/v2\/pages\/3561\/revisions"}],"predecessor-version":[{"id":9143,"href":"https:\/\/www.fontionnel.sk\/hu\/wp-json\/wp\/v2\/pages\/3561\/revisions\/9143"}],"wp:featuredmedia":[{"embeddable":true,"href":"https:\/\/www.fontionnel.sk\/hu\/wp-json\/wp\/v2\/media\/8216"}],"wp:attachment":[{"href":"https:\/\/www.fontionnel.sk\/hu\/wp-json\/wp\/v2\/media?parent=3561"}],"curies":[{"name":"wp","href":"https:\/\/api.w.org\/{rel}","templated":true}]}}