{"id":4467,"date":"2014-04-12T20:26:01","date_gmt":"2014-04-12T20:26:01","guid":{"rendered":"http:\/\/www.fontionnel.sk\/?page_id=4467"},"modified":"2015-09-22T00:40:35","modified_gmt":"2015-09-21T22:40:35","slug":"mame-klientov-aj-za-hranicami","status":"publish","type":"page","link":"https:\/\/www.fontionnel.sk\/hu\/mame-klientov-aj-za-hranicami\/","title":{"rendered":"M\u00e1me klientov aj za hranicami"},"content":{"rendered":"<p><img loading=\"lazy\" decoding=\"async\" class=\"alignnone size-full wp-image-4745\" src=\"https:\/\/www.fontionnel.sk\/wp-content\/uploads\/2014\/04\/img-klienti-v-zahranici2.jpg\" alt=\"Na\u0161i klienti v zahrani\u010d\u00ed\" width=\"740\" height=\"580\" \/><\/p>\n<p>[contactButtons]<\/p>\n","protected":false},"excerpt":{"rendered":"<p>[contactButtons]<\/p>\n","protected":false},"author":2,"featured_media":0,"parent":0,"menu_order":0,"comment_status":"closed","ping_status":"closed","template":"referencie.php","meta":{"footnotes":""},"class_list":["post-4467","page","type-page","status-publish","hentry"],"aioseo_notices":[],"_links":{"self":[{"href":"https:\/\/www.fontionnel.sk\/hu\/wp-json\/wp\/v2\/pages\/4467","targetHints":{"allow":["GET"]}}],"collection":[{"href":"https:\/\/www.fontionnel.sk\/hu\/wp-json\/wp\/v2\/pages"}],"about":[{"href":"https:\/\/www.fontionnel.sk\/hu\/wp-json\/wp\/v2\/types\/page"}],"author":[{"embeddable":true,"href":"https:\/\/www.fontionnel.sk\/hu\/wp-json\/wp\/v2\/users\/2"}],"replies":[{"embeddable":true,"href":"https:\/\/www.fontionnel.sk\/hu\/wp-json\/wp\/v2\/comments?post=4467"}],"version-history":[{"count":6,"href":"https:\/\/www.fontionnel.sk\/hu\/wp-json\/wp\/v2\/pages\/4467\/revisions"}],"predecessor-version":[{"id":6564,"href":"https:\/\/www.fontionnel.sk\/hu\/wp-json\/wp\/v2\/pages\/4467\/revisions\/6564"}],"wp:attachment":[{"href":"https:\/\/www.fontionnel.sk\/hu\/wp-json\/wp\/v2\/media?parent=4467"}],"curies":[{"name":"wp","href":"https:\/\/api.w.org\/{rel}","templated":true}]}}