{"id":4905,"date":"2014-05-14T18:52:42","date_gmt":"2014-05-14T18:52:42","guid":{"rendered":"http:\/\/www.fontionnel.sk\/?page_id=4905"},"modified":"2016-01-27T22:03:47","modified_gmt":"2016-01-27T20:03:47","slug":"mapa-stranok","status":"publish","type":"page","link":"https:\/\/www.fontionnel.sk\/hu\/site-map\/","title":{"rendered":"Sitemap 2"},"content":{"rendered":"<div id=\"wp-realtime-sitemap-menu\"><h3>Menu<\/h3><ul><li id=\"menu-item-4\" class=\"menu-item menu-item-type-custom menu-item-object-custom menu-item-home menu-item-4\"><a href=\"https:\/\/www.fontionnel.sk\/hu\">Home<\/a><\/li>\n<li id=\"menu-item-7086\" class=\"menu-item menu-item-type-post_type menu-item-object-page menu-item-has-children menu-item-7086\"><a href=\"https:\/\/www.fontionnel.sk\/hu\/bemutatkozunk\/\">Bemutatkoz\u00e1s<\/a>\n<ul class=\"sub-menu\">\n\t<li id=\"menu-item-345\" class=\"menu-item menu-item-type-post_type menu-item-object-page menu-item-345\"><a href=\"https:\/\/www.fontionnel.sk\/hu\/bemutatkozunk\/\">Kik vagyunk<\/a><\/li>\n<\/ul>\n<\/li>\n<li id=\"menu-item-6229\" class=\"menu-item menu-item-type-post_type menu-item-object-page menu-item-has-children menu-item-6229\"><a href=\"https:\/\/www.fontionnel.sk\/hu\/?page_id=466\">Szolg\u00e1ltat\u00e1saink<\/a>\n<ul class=\"sub-menu\">\n\t<li id=\"menu-item-7048\" class=\"menu-item menu-item-type-post_type menu-item-object-page menu-item-has-children menu-item-7048\"><a href=\"https:\/\/www.fontionnel.sk\/hu\/cegalapitas\/\">C\u00e9galap\u00edt\u00e1s<\/a>\n\t<ul class=\"sub-menu\">\n\t\t<li id=\"menu-item-3594\" class=\"menu-item menu-item-type-post_type menu-item-object-page menu-item-3594\"><a href=\"https:\/\/www.fontionnel.sk\/hu\/kft-alapitas-a-cseh-koztarsasagban\/\">Kft. alap\u00edt\u00e1s a Cseh K\u00f6zt\u00e1rsas\u00e1gban<\/a><\/li>\n\t\t<li id=\"menu-item-4412\" class=\"menu-item menu-item-type-post_type menu-item-object-page menu-item-4412\"><a href=\"https:\/\/www.fontionnel.sk\/hu\/kft-alapitas-magyaroszagon\/\">Kft. alap\u00edt\u00e1s Magyarosz\u00e1gon<\/a><\/li>\n\t<\/ul>\n<\/li>\n\t<li id=\"menu-item-7051\" class=\"menu-item menu-item-type-post_type menu-item-object-page menu-item-has-children menu-item-7051\"><a href=\"https:\/\/www.fontionnel.sk\/hu\/cegeladas-4\/\">C\u00e9gelad\u00e1s<\/a>\n\t<ul class=\"sub-menu\">\n\t\t<li id=\"menu-item-5002\" class=\"menu-item menu-item-type-post_type menu-item-object-page menu-item-5002\"><a href=\"https:\/\/www.fontionnel.sk\/hu\/cegeladas\/\">C\u00e9gelad\u00e1s &#8211; Ready made c\u00e9gek<\/a><\/li>\n\t\t<li id=\"menu-item-5465\" class=\"menu-item menu-item-type-post_type menu-item-object-page menu-item-5465\"><a href=\"https:\/\/www.fontionnel.sk\/hu\/multtal-rendelkezo-kft-eladasa\/\">M\u00falttal rendelkez\u0151 kft. elad\u00e1s<\/a><\/li>\n\t\t<li id=\"menu-item-3596\" class=\"menu-item menu-item-type-post_type menu-item-object-page menu-item-3596\"><a href=\"https:\/\/www.fontionnel.sk\/hu\/cegeladas-csehorszagban\/\">C\u00e9gelad\u00e1s Csehorsz\u00e1gban<\/a><\/li>\n\t\t<li id=\"menu-item-3423\" class=\"menu-item menu-item-type-post_type menu-item-object-page menu-item-3423\"><a href=\"https:\/\/www.fontionnel.sk\/hu\/kft-vasarlas-eladas\/\">Kft. v\u00e1s\u00e1rl\u00e1s, elad\u00e1s<\/a><\/li>\n\t<\/ul>\n<\/li>\n\t<li id=\"menu-item-109\" class=\"menu-item menu-item-type-post_type menu-item-object-page menu-item-109\"><a href=\"https:\/\/www.fontionnel.sk\/hu\/konyveles\/\">K\u00f6nyvel\u00e9s<\/a><\/li>\n\t<li id=\"menu-item-51\" class=\"menu-item menu-item-type-post_type menu-item-object-page menu-item-has-children menu-item-51\"><a href=\"https:\/\/www.fontionnel.sk\/hu\/ceg-virtualis-szekhelye-2\/\">C\u00e9g virtu\u00e1lis sz\u00e9khelye<\/a>\n\t<ul class=\"sub-menu\">\n\t\t<li id=\"menu-item-422\" class=\"menu-item menu-item-type-post_type menu-item-object-page menu-item-422\"><a href=\"https:\/\/www.fontionnel.sk\/hu\/virtualis-szekhely-szlovakiaban\/\">Virtu\u00e1lis sz\u00e9khely Szlov\u00e1ki\u00e1ban<\/a><\/li>\n\t\t<li id=\"menu-item-443\" class=\"menu-item menu-item-type-post_type menu-item-object-page menu-item-443\"><a href=\"https:\/\/www.fontionnel.sk\/hu\/virtualis-szekhely-csehorszagban\/\">Virtu\u00e1lis sz\u00e9khely Csehorsz\u00e1gban<\/a><\/li>\n\t\t<li id=\"menu-item-274\" class=\"menu-item menu-item-type-post_type menu-item-object-page menu-item-274\"><a href=\"https:\/\/www.fontionnel.sk\/hu\/office-centrum\/\">Office centrum<\/a><\/li>\n\t<\/ul>\n<\/li>\n\t<li id=\"menu-item-3606\" class=\"menu-item menu-item-type-post_type menu-item-object-page menu-item-has-children menu-item-3606\"><a href=\"https:\/\/www.fontionnel.sk\/hu\/tovabbi-szolgaltatasaink\/\">Tov\u00e1bbi szolg\u00e1ltat\u00e1saink<\/a>\n\t<ul class=\"sub-menu\">\n\t\t<li id=\"menu-item-3342\" class=\"menu-item menu-item-type-post_type menu-item-object-page menu-item-3342\"><a href=\"https:\/\/www.fontionnel.sk\/hu\/altalanos-forgalmi-ado-regisztracio-afa\/\">\u00c1ltal\u00e1nos forgalmi ad\u00f3 regisztr\u00e1ci\u00f3 \u2013 \u00c1FA<\/a><\/li>\n\t\t<li id=\"menu-item-4961\" class=\"menu-item menu-item-type-post_type menu-item-object-page menu-item-4961\"><a href=\"https:\/\/www.fontionnel.sk\/hu\/adoazonosito-szam-regisztracio\/\">Ad\u00f3azonos\u00edt\u00f3 sz\u00e1m regisztr\u00e1ci\u00f3<\/a><\/li>\n\t<\/ul>\n<\/li>\n<\/ul>\n<\/li>\n<li id=\"menu-item-4463\" class=\"menu-item menu-item-type-custom menu-item-object-custom menu-item-4463\"><a href=\"\/hu\/referencie\/\">Referenci\u00e1k<\/a><\/li>\n<li id=\"menu-item-7098\" class=\"menu-item menu-item-type-post_type menu-item-object-page menu-item-7098\"><a href=\"https:\/\/www.fontionnel.sk\/hu\/kapcsolat\/\">Kapcsolat<\/a><\/li>\n<li id=\"menu-item-7097\" class=\"menu-item menu-item-type-taxonomy menu-item-object-category menu-item-7097\"><a href=\"https:\/\/www.fontionnel.sk\/hu\/category\/blog\/\">Blog<\/a><\/li>\n<\/ul><\/div><br \/>\n<div class=\"wsp-container\"><h2 class=\"wsp-posts-title\">Posts by category<\/h2>\n<ul class=\"wsp-posts-list\">\n\t<li><strong class=\"wsp-category-title\">Category: <a href=\"https:\/\/www.fontionnel.sk\/hu\/category\/blog\/\">Blog<\/a><\/strong>\n<ul class=\"wsp-posts-list\">\t\t<li class=\"wsp-post\"><a href=\"https:\/\/www.fontionnel.sk\/hu\/cegeladas-szlovakiaban-es-a-cseh-koztarsasagban\/\">C\u00e9gelad\u00e1s Szlov\u00e1ki\u00e1ban \u00e9s a Cseh K\u00f6zt\u00e1rsas\u00e1gban<\/a><\/li>\n\t\t<li class=\"wsp-post\"><a href=\"https:\/\/www.fontionnel.sk\/hu\/cegalapitas-a-cseh-koztarsasagban-a-vallalkozas-megkezdesenek-folyamata\/\">C\u00e9galap\u00edt\u00e1s a Cseh K\u00f6zt\u00e1rsas\u00e1gban \u2013 a v\u00e1llalkoz\u00e1s megkezd\u00e9s\u00e9nek folyamata!<\/a><\/li>\n\t<li><strong class=\"wsp-category-title\">Category: <a href=\"https:\/\/www.fontionnel.sk\/hu\/category\/blog\/clanky\/\">\u010cl\u00e1nky<\/a><\/strong>\n<\/li>\n\t<li><strong class=\"wsp-category-title\">Category: <a href=\"https:\/\/www.fontionnel.sk\/hu\/category\/blog\/obchodne-spolocnosti\/\">Obchodn\u00e9 spolo\u010dnosti<\/a><\/strong>\n<\/li>\n\t<li><strong class=\"wsp-category-title\">Category: <a href=\"https:\/\/www.fontionnel.sk\/hu\/category\/blog\/uctovnictvo\/\">\u00da\u010dtovn\u00edctvo<\/a><\/strong>\n<\/li>\n\t<li><strong class=\"wsp-category-title\">Category: <a href=\"https:\/\/www.fontionnel.sk\/hu\/category\/blog\/zahranicne-spolocnosti\/\">Zahrani\u010dn\u00e9 spolo\u010dnosti<\/a><\/strong>\n<\/li>\n<\/ul><\/li>\n\t<li><strong class=\"wsp-category-title\">Category: <a href=\"https:\/\/www.fontionnel.sk\/hu\/category\/ekonomicke-poradenstvo-slovnik-pojmov\/\">Ekonomick\u00e9 poradenstvo - slovn\u00edk pojmov<\/a><\/strong>\n<\/li>\n\t<li><strong class=\"wsp-category-title\">Category: <a href=\"https:\/\/www.fontionnel.sk\/hu\/category\/prakticke-rady\/\">Praktick\u00e9 rady<\/a><\/strong>\n<\/li>\n<\/ul>\n<h2 class=\"wsp-landingpages-title\">Landing page<\/h2>\n<ul class=\"wsp-landingpages-list\">\n<li><a href=\"https:\/\/www.fontionnel.sk\/hu\/landingpage\/konyveles-csehorszagban\/\">K\u00f6nyvel\u00e9si szolg\u00e1ltat\u00e1sok Csehorsz\u00e1gban<\/a><\/li>\n<\/ul>\n<\/div>\n","protected":false},"excerpt":{"rendered":"MenuHome Bemutatkoz\u00e1s Kik vagyunk Szolg\u00e1ltat\u00e1saink C\u00e9galap\u00edt\u00e1s Kft. alap\u00edt\u00e1s a Cseh K\u00f6zt\u00e1rsas\u00e1gban Kft. alap\u00edt\u00e1s Magyarosz\u00e1gon C\u00e9gelad\u00e1s C\u00e9gelad\u00e1s &#8211; Ready made c\u00e9gek...","protected":false},"author":2,"featured_media":0,"parent":0,"menu_order":0,"comment_status":"closed","ping_status":"closed","template":"mapa-stranok.php","meta":{"footnotes":""},"class_list":["post-4905","page","type-page","status-publish","hentry"],"aioseo_notices":[],"_links":{"self":[{"href":"https:\/\/www.fontionnel.sk\/hu\/wp-json\/wp\/v2\/pages\/4905","targetHints":{"allow":["GET"]}}],"collection":[{"href":"https:\/\/www.fontionnel.sk\/hu\/wp-json\/wp\/v2\/pages"}],"about":[{"href":"https:\/\/www.fontionnel.sk\/hu\/wp-json\/wp\/v2\/types\/page"}],"author":[{"embeddable":true,"href":"https:\/\/www.fontionnel.sk\/hu\/wp-json\/wp\/v2\/users\/2"}],"replies":[{"embeddable":true,"href":"https:\/\/www.fontionnel.sk\/hu\/wp-json\/wp\/v2\/comments?post=4905"}],"version-history":[{"count":10,"href":"https:\/\/www.fontionnel.sk\/hu\/wp-json\/wp\/v2\/pages\/4905\/revisions"}],"predecessor-version":[{"id":8008,"href":"https:\/\/www.fontionnel.sk\/hu\/wp-json\/wp\/v2\/pages\/4905\/revisions\/8008"}],"wp:attachment":[{"href":"https:\/\/www.fontionnel.sk\/hu\/wp-json\/wp\/v2\/media?parent=4905"}],"curies":[{"name":"wp","href":"https:\/\/api.w.org\/{rel}","templated":true}]}}