{"id":5204,"date":"2014-07-14T12:14:37","date_gmt":"2014-07-14T12:14:37","guid":{"rendered":"http:\/\/www.fontionnel.sk\/?page_id=5204"},"modified":"2016-05-16T16:30:46","modified_gmt":"2016-05-16T14:30:46","slug":"zalozenie-odstepneho-zavodu-v-ceskej-republike","status":"publish","type":"page","link":"https:\/\/www.fontionnel.sk\/hu\/leanyvallalat-fioktelep-letesitese-a-cseh-koztarsasagban\/","title":{"rendered":"Le\u00e1nyv\u00e1llalat (fi\u00f3ktelep) l\u00e9tes\u00edt\u00e9se a Cseh K\u00f6zt\u00e1rsas\u00e1gban"},"content":{"rendered":"<p><\/p>\n<h2><b>Mit jelent val\u00f3j\u00e1ban a le\u00e1nyv\u00e1llalat (fi\u00f3ktelep)<\/b><\/h2>\n<p style=\"text-align: justify;\">A le\u00e1nyv\u00e1llalatot a k\u00fclf\u00f6ldi t\u00e1rsas\u00e1g \u00f6n\u00e1ll\u00f3an m\u0171k\u00f6d\u0151 fi\u00f3ktelepek\u00e9nt \u00e9rtelmezhetj\u00fck, amely az anyav\u00e1llalat sz\u00e9khely\u00e9nek c\u00edm\u00e9t\u0151l elt\u00e9r\u0151 orsz\u00e1gban j\u00f6tt l\u00e9tre. A Cseh K\u00f6zt\u00e1rsas\u00e1g ter\u00fclet\u00e9n alap\u00edtott le\u00e1nyv\u00e1llalat kor\u00e1bbi elnevez\u00e9se a \u201efi\u00f3ktelep\u201d.<\/p>\n<p style=\"text-align: justify;\">A le\u00e1nyv\u00e1llalat egyik el\u0151nye, hogy nincs sz\u00fcks\u00e9g teljesen \u00faj t\u00e1rsas\u00e1g k\u00fclf\u00f6ldi alap\u00edt\u00e1s\u00e1ra \u00e9s az ezzel j\u00e1r\u00f3 id\u0151- \u00e9s p\u00e9nzbefektet\u00e9sre. A k\u00fclf\u00f6ld\u00f6n l\u00e9tes\u00edtett le\u00e1nyv\u00e1llalat r\u00e9v\u00e9n teljes \u00e9rt\u00e9k\u0171 v\u00e1llalkoz\u00e1sba kezdhet. A le\u00e1nyv\u00e1llalatnak nincs jogi alanyis\u00e1ga, bejegyz\u00e9sre ker\u00fcl a c\u00e9gjegyz\u00e9kbe, megkapja a statisztikai sz\u00e1mjelet, az ad\u00f3sz\u00e1mot, \u00f6n\u00e1ll\u00f3 sz\u00e1mviteli egys\u00e9gk\u00e9nt szerepel, \u00e9s k\u00f6teles kett\u0151s k\u00f6nyvviteli rendszert alkalmazni.<\/p>\n<h3><strong>A le\u00e1nyv\u00e1llalat l\u00e9trehoz\u00e1s\u00e1hoz ny\u00fajtott szolg\u00e1ltat\u00e1saink<\/strong><\/h3>\n<p style=\"text-align: justify;\">A le\u00e1nyv\u00e1llalat l\u00e9trehoz\u00e1s\u00e1hoz, a szok\u00e1sos szolg\u00e1ltat\u00e1sokon t\u00fal \u2013 ide tartozik a bevezet\u0151 konzult\u00e1ci\u00f3, a le\u00e1nyv\u00e1llalat c\u00e9gjegyz\u00e9kbe t\u00f6rt\u00e9n\u0151 bejegyz\u00e9s\u00e9hez sz\u00fcks\u00e9ges okiratok el\u0151k\u00e9sz\u00edt\u00e9se \u2013 <a href=\"http:\/\/www.fontionnel.sk\/vedenie-uctovnictva-uctovne-uctovnicke-sluzby\/\">k\u00f6nyvviteli szolg\u00e1ltat\u00e1sokat<\/a>\u00a0is ny\u00fajtunk a le\u00e1nyv\u00e1llalat l\u00e9trehoz\u00e1s\u00e1t\u00f3l annak megsz\u0171n\u00e9s\u00e9ig\/megsz\u00fcntet\u00e9s\u00e9ig.\u00a0<a href=\"http:\/\/www.fontionnel.sk\/virtualna-kancelaria-virtualne-sidlo-spolocnosti\/\">A bejegyzett\/virtu\u00e1lis sz\u00e9khely biztos\u00edt\u00e1sa <\/a>\u00a0\u00e9s az ezzel kapcsolatos irodai szolg\u00e1ltat\u00e1sok (postai k\u00fcldem\u00e9nyek \u00e1tv\u00e9tele \u00e9s tov\u00e1bbk\u00fcld\u00e9se, az \u00e1tvett postai k\u00fcldem\u00e9nyek visszaigazol\u00e1sa \u00e9s beolvas\u00e1sa, faxszolg\u00e1ltat\u00e1sok, \u2026 ).<\/p>\n<h3><b>A csehorsz\u00e1gi le\u00e1nyv\u00e1llalat l\u00e9trehoz\u00e1s\u00e1nak menete<\/b><\/h3>\n<div><\/p>\n<ul class=\"card-list\">\n<li>A telefonon vagy elektronikus lev\u00e9lben \u00e1tvett megrendel\u00e9s ut\u00e1n egy t\u00e1j\u00e9koztat\u00f3 \u0171rlapot k\u00fcld\u00fcnk \u00d6nnek (telefonsz\u00e1m: 0919 988 888, info@fontionnel.sk).<\/li>\n<li>Ezt k\u00f6vet\u0151en el\u0151k\u00e9sz\u00edtj\u00fck a csehorsz\u00e1gi le\u00e1nyv\u00e1llalat l\u00e9trehoz\u00e1s\u00e1hoz sz\u00fcks\u00e9ge komplett okiratcsomagot.<\/li>\n<li>Az okiratok al\u00e1\u00edr\u00e1sa ut\u00e1n a le\u00e1nyv\u00e1llalat l\u00e9trehoz\u00e1si folyamata rajtunk kereszt\u00fcl t\u00f6rt\u00e9nik egy szerz\u0151d\u00e9s alapj\u00e1n, melyben hat\u00e1rid\u0151re garant\u00e1ljuk a le\u00e1nyv\u00e1llalat bejegyz\u00e9s\u00e9t a meg\u00e1llapodott felt\u00e9telek \u00e9rtelm\u00e9ben.<\/li>\n<\/ul>\n<p><\/div>\n<h3>Az \u00e1r tartalmazza<\/h3>\n<div><\/p>\n<ul class=\"card-list\">\n<li>az okiratok el\u0151k\u00e9sz\u00edt\u00e9s\u00e9t<\/li>\n<li>a bevezet\u0151 konzult\u00e1ci\u00f3t<\/li>\n<li>tev\u00e9kenys\u00e9gi k\u00f6r\u00f6k enged\u00e9lyeinek illet\u00e9k\u00e9t<\/li>\n<li>a c\u00e9gbejegyz\u00e9si illet\u00e9ket<\/li>\n<li>a c\u00e9gkivonat d\u00edj\u00e1t<\/li>\n<\/ul>\n<p><\/div>\n<p style=\"text-align: justify;\"><b>Szolg\u00e1ltat\u00e1saink eredm\u00e9nye egy teljesen \u00faj alap\u00edt\u00e1s\u00fa le\u00e1nyv\u00e1llalat, ide \u00e9rtve az \u00fcgyf\u00e9l egyedi ig\u00e9nyei szerinti kieg\u00e9sz\u00edt\u0151 szolg\u00e1ltat\u00e1sokat is.\u00a0<\/b><\/p>\n<p style=\"text-align: justify;\">\n<p><\/p>","protected":false},"excerpt":{"rendered":"<p>Mit jelent val\u00f3j\u00e1ban a le\u00e1nyv\u00e1llalat (fi\u00f3ktelep) A le\u00e1nyv\u00e1llalatot a k\u00fclf\u00f6ldi t\u00e1rsas\u00e1g \u00f6n\u00e1ll\u00f3an m\u0171k\u00f6d\u0151 fi\u00f3ktelepek\u00e9nt \u00e9rtelmezhetj\u00fck, amely az anyav\u00e1llalat sz\u00e9khely\u00e9nek c\u00edm\u00e9t\u0151l&#8230;<\/p>\n","protected":false},"author":2,"featured_media":7683,"parent":0,"menu_order":0,"comment_status":"closed","ping_status":"closed","template":"sluzby.php","meta":{"footnotes":""},"class_list":["post-5204","page","type-page","status-publish","has-post-thumbnail","hentry"],"aioseo_notices":[],"_links":{"self":[{"href":"https:\/\/www.fontionnel.sk\/hu\/wp-json\/wp\/v2\/pages\/5204","targetHints":{"allow":["GET"]}}],"collection":[{"href":"https:\/\/www.fontionnel.sk\/hu\/wp-json\/wp\/v2\/pages"}],"about":[{"href":"https:\/\/www.fontionnel.sk\/hu\/wp-json\/wp\/v2\/types\/page"}],"author":[{"embeddable":true,"href":"https:\/\/www.fontionnel.sk\/hu\/wp-json\/wp\/v2\/users\/2"}],"replies":[{"embeddable":true,"href":"https:\/\/www.fontionnel.sk\/hu\/wp-json\/wp\/v2\/comments?post=5204"}],"version-history":[{"count":26,"href":"https:\/\/www.fontionnel.sk\/hu\/wp-json\/wp\/v2\/pages\/5204\/revisions"}],"predecessor-version":[{"id":9163,"href":"https:\/\/www.fontionnel.sk\/hu\/wp-json\/wp\/v2\/pages\/5204\/revisions\/9163"}],"wp:featuredmedia":[{"embeddable":true,"href":"https:\/\/www.fontionnel.sk\/hu\/wp-json\/wp\/v2\/media\/7683"}],"wp:attachment":[{"href":"https:\/\/www.fontionnel.sk\/hu\/wp-json\/wp\/v2\/media?parent=5204"}],"curies":[{"name":"wp","href":"https:\/\/api.w.org\/{rel}","templated":true}]}}