{"id":5370,"date":"2014-09-15T19:02:44","date_gmt":"2014-09-15T19:02:44","guid":{"rendered":"http:\/\/www.fontionnel.sk\/?page_id=5370"},"modified":"2015-04-11T21:39:13","modified_gmt":"2015-04-11T19:39:13","slug":"uctovna-poradna","status":"publish","type":"page","link":"https:\/\/www.fontionnel.sk\/hu\/penzugyi-tanacsadas\/","title":{"rendered":"P\u00e9nz\u00fcgyi tan\u00e1csad\u00e1s"},"content":{"rendered":"<p><div class=\"block-gray\" id=\"defaultShowForm\"><\/p>\n<p><strong>K\u00fcldje el nek\u00fcnk k\u00e9rd\u00e9sek formanyomtatv\u00e1nyon<\/strong><\/p>\n\n<div class=\"wpcf7 no-js\" id=\"wpcf7-f5641-o3\" lang=\"\" dir=\"ltr\">\n<div class=\"screen-reader-response\"><p role=\"status\" aria-live=\"polite\" aria-atomic=\"true\"><\/p> <ul><\/ul><\/div>\n<form action=\"\/hu\/wp-json\/wp\/v2\/pages\/5370#wpcf7-f5641-o3\" method=\"post\" class=\"wpcf7-form init\" aria-label=\"Kapcsolatfelv\u00e9teli \u0171rlap\" novalidate=\"novalidate\" data-status=\"init\">\n<div style=\"display: none;\">\n<input type=\"hidden\" name=\"_wpcf7\" value=\"5641\" \/>\n<input type=\"hidden\" name=\"_wpcf7_version\" value=\"5.8.4\" \/>\n<input type=\"hidden\" name=\"_wpcf7_locale\" value=\"\" \/>\n<input type=\"hidden\" name=\"_wpcf7_unit_tag\" value=\"wpcf7-f5641-o3\" \/>\n<input type=\"hidden\" name=\"_wpcf7_container_post\" value=\"0\" \/>\n<input type=\"hidden\" name=\"_wpcf7_posted_data_hash\" value=\"\" \/>\n<input type=\"hidden\" name=\"_wpcf7_recaptcha_response\" value=\"\" \/>\n<\/div>\n<p class=\"left\"><label for=\"your-name-poradna\">Az \u00d6n keresztneve<span>biztos\u00edt\u00e1s<\/span><\/label><br \/>\n<span class=\"wpcf7-form-control-wrap\" data-name=\"your-name-poradna\"><input size=\"40\" class=\"wpcf7-form-control wpcf7-text wpcf7-validates-as-required\" aria-required=\"true\" aria-invalid=\"false\" value=\"\" type=\"text\" name=\"your-name-poradna\" \/><\/span>\n<\/p>\n<p class=\"right\"><label for=\"your-email-poradna\">E-mail c\u00edm<span>biztos\u00edt\u00e1s<\/span><\/label><br \/>\n<span class=\"wpcf7-form-control-wrap\" data-name=\"your-email-poradna\"><input size=\"40\" class=\"wpcf7-form-control wpcf7-email wpcf7-validates-as-required wpcf7-text wpcf7-validates-as-email\" aria-required=\"true\" aria-invalid=\"false\" value=\"\" type=\"email\" name=\"your-email-poradna\" \/><\/span>\n<\/p>\n<p><br class=\"clear\" \/>\n<\/p>\n<p class=\"left\"><label for=\"your-phone-poradna\">Az \u00d6n telefonsz\u00e1ma<span>biztos\u00edt\u00e1s<\/span><\/label><br \/>\n<span class=\"wpcf7-form-control-wrap\" data-name=\"your-phone-poradna\"><input size=\"40\" class=\"wpcf7-form-control wpcf7-text wpcf7-validates-as-required\" aria-required=\"true\" aria-invalid=\"false\" value=\"\" type=\"text\" name=\"your-phone-poradna\" \/><\/span>\n<\/p>\n<p class=\"right\"><label for=\"your-datetime-poradna\">Hol lehetne h\u00edvni?<\/label><br \/>\n<span class=\"wpcf7-form-control-wrap\" data-name=\"your-datetime-poradna\"><input size=\"40\" class=\"wpcf7-form-control wpcf7-text\" aria-invalid=\"false\" value=\"\" type=\"text\" name=\"your-datetime-poradna\" \/><\/span>\n<\/p>\n<p><br class=\"clear\" \/>\n<\/p>\n<p class=\"w100perc\"><label for=\"your-message-poradna\">Az \u00d6n \u00fczenete<\/label><br \/>\n<span class=\"wpcf7-form-control-wrap\" data-name=\"your-message-poradna\"><textarea cols=\"40\" rows=\"10\" class=\"wpcf7-form-control wpcf7-textarea\" aria-invalid=\"false\" name=\"your-message-poradna\"><\/textarea><\/span>\n<\/p>\n<p><input class=\"wpcf7-form-control wpcf7-submit has-spinner\" type=\"submit\" value=\"K\u00fcld\" \/>\n<\/p><div class=\"wpcf7-response-output\" aria-hidden=\"true\"><\/div>\n<\/form>\n<\/div>\n\n<div class=\"clear\"><\/div><\/div><\/p>","protected":false},"excerpt":{"rendered":"Po\u0161lite n\u00e1m svoje ot\u00e1zky pomocou formul\u00e1ra Va\u0161e menopovinn\u00e9 V\u00e1\u0161 emailpovinn\u00e9 Va\u0161e telef\u00f3nne \u010d\u00edslopovinn\u00e9 Kedy V\u00e1m m\u00f4\u017eeme zavola\u0165? Va\u0161a ot\u00e1zka Send...","protected":false},"author":2,"featured_media":0,"parent":0,"menu_order":0,"comment_status":"closed","ping_status":"closed","template":"sluzby.php","meta":{"footnotes":""},"class_list":["post-5370","page","type-page","status-publish","hentry"],"aioseo_notices":[],"_links":{"self":[{"href":"https:\/\/www.fontionnel.sk\/hu\/wp-json\/wp\/v2\/pages\/5370","targetHints":{"allow":["GET"]}}],"collection":[{"href":"https:\/\/www.fontionnel.sk\/hu\/wp-json\/wp\/v2\/pages"}],"about":[{"href":"https:\/\/www.fontionnel.sk\/hu\/wp-json\/wp\/v2\/types\/page"}],"author":[{"embeddable":true,"href":"https:\/\/www.fontionnel.sk\/hu\/wp-json\/wp\/v2\/users\/2"}],"replies":[{"embeddable":true,"href":"https:\/\/www.fontionnel.sk\/hu\/wp-json\/wp\/v2\/comments?post=5370"}],"version-history":[{"count":8,"href":"https:\/\/www.fontionnel.sk\/hu\/wp-json\/wp\/v2\/pages\/5370\/revisions"}],"predecessor-version":[{"id":6196,"href":"https:\/\/www.fontionnel.sk\/hu\/wp-json\/wp\/v2\/pages\/5370\/revisions\/6196"}],"wp:attachment":[{"href":"https:\/\/www.fontionnel.sk\/hu\/wp-json\/wp\/v2\/media?parent=5370"}],"curies":[{"name":"wp","href":"https:\/\/api.w.org\/{rel}","templated":true}]}}