{"id":5437,"date":"2014-09-22T11:20:05","date_gmt":"2014-09-22T11:20:05","guid":{"rendered":"http:\/\/www.fontionnel.sk\/?page_id=5437"},"modified":"2016-01-28T18:35:19","modified_gmt":"2016-01-28T16:35:19","slug":"registracia-dph","status":"publish","type":"page","link":"https:\/\/www.fontionnel.sk\/hu\/afa-regisztracio\/","title":{"rendered":"\u00c1fa-regisztr\u00e1ci\u00f3"},"content":{"rendered":"<p><\/p>\n<p style=\"text-align: justify;\">Teljesk\u00f6r\u0171 tan\u00e1csad\u00e1s \u00e9s a sikeres \u00e1fa-regisztr\u00e1ci\u00f3hoz sz\u00fcks\u00e9ges okiratok, k\u00e9relmek el\u0151k\u00e9sz\u00edt\u00e9se.<\/p>\n<p><\/p>","protected":false},"excerpt":{"rendered":"<p>Teljesk\u00f6r\u0171 tan\u00e1csad\u00e1s \u00e9s a sikeres \u00e1fa-regisztr\u00e1ci\u00f3hoz sz\u00fcks\u00e9ges okiratok, k\u00e9relmek el\u0151k\u00e9sz\u00edt\u00e9se.<\/p>\n","protected":false},"author":2,"featured_media":0,"parent":0,"menu_order":0,"comment_status":"closed","ping_status":"closed","template":"","meta":{"footnotes":""},"class_list":["post-5437","page","type-page","status-publish","hentry"],"aioseo_notices":[],"_links":{"self":[{"href":"https:\/\/www.fontionnel.sk\/hu\/wp-json\/wp\/v2\/pages\/5437","targetHints":{"allow":["GET"]}}],"collection":[{"href":"https:\/\/www.fontionnel.sk\/hu\/wp-json\/wp\/v2\/pages"}],"about":[{"href":"https:\/\/www.fontionnel.sk\/hu\/wp-json\/wp\/v2\/types\/page"}],"author":[{"embeddable":true,"href":"https:\/\/www.fontionnel.sk\/hu\/wp-json\/wp\/v2\/users\/2"}],"replies":[{"embeddable":true,"href":"https:\/\/www.fontionnel.sk\/hu\/wp-json\/wp\/v2\/comments?post=5437"}],"version-history":[{"count":7,"href":"https:\/\/www.fontionnel.sk\/hu\/wp-json\/wp\/v2\/pages\/5437\/revisions"}],"predecessor-version":[{"id":8041,"href":"https:\/\/www.fontionnel.sk\/hu\/wp-json\/wp\/v2\/pages\/5437\/revisions\/8041"}],"wp:attachment":[{"href":"https:\/\/www.fontionnel.sk\/hu\/wp-json\/wp\/v2\/media?parent=5437"}],"curies":[{"name":"wp","href":"https:\/\/api.w.org\/{rel}","templated":true}]}}