{"id":6,"date":"2011-05-24T13:07:15","date_gmt":"2011-05-24T13:07:15","guid":{"rendered":"http:\/\/www.fontionnel.sk\/?page_id=6"},"modified":"2016-01-29T22:18:08","modified_gmt":"2016-01-29T20:18:08","slug":"o-nas","status":"publish","type":"page","link":"https:\/\/www.fontionnel.sk\/hu\/o-nas\/","title":{"rendered":"(Slovak) O n\u00e1s"},"content":{"rendered":"<p class=\"qtranxs-available-languages-message qtranxs-available-languages-message-hu\">Sajnos ennek a bejegyz\u00e9snek csak <a href=\"https:\/\/www.fontionnel.sk\/sk\/wp-json\/wp\/v2\/pages\/6\" class=\"qtranxs-available-language-link qtranxs-available-language-link-sk\" title=\"Slovak\">Slovak<\/a> nyelv\u0171 v\u00e1ltozata van.<\/p>","protected":false},"excerpt":{"rendered":"<p>Sajnos ennek a bejegyz\u00e9snek csak Slovak nyelv\u0171 v\u00e1ltozata van.<\/p>\n","protected":false},"author":2,"featured_media":0,"parent":0,"menu_order":0,"comment_status":"closed","ping_status":"closed","template":"","meta":{"footnotes":""},"class_list":["post-6","page","type-page","status-publish","hentry"],"aioseo_notices":[],"_links":{"self":[{"href":"https:\/\/www.fontionnel.sk\/hu\/wp-json\/wp\/v2\/pages\/6","targetHints":{"allow":["GET"]}}],"collection":[{"href":"https:\/\/www.fontionnel.sk\/hu\/wp-json\/wp\/v2\/pages"}],"about":[{"href":"https:\/\/www.fontionnel.sk\/hu\/wp-json\/wp\/v2\/types\/page"}],"author":[{"embeddable":true,"href":"https:\/\/www.fontionnel.sk\/hu\/wp-json\/wp\/v2\/users\/2"}],"replies":[{"embeddable":true,"href":"https:\/\/www.fontionnel.sk\/hu\/wp-json\/wp\/v2\/comments?post=6"}],"version-history":[{"count":10,"href":"https:\/\/www.fontionnel.sk\/hu\/wp-json\/wp\/v2\/pages\/6\/revisions"}],"predecessor-version":[{"id":528,"href":"https:\/\/www.fontionnel.sk\/hu\/wp-json\/wp\/v2\/pages\/6\/revisions\/528"}],"wp:attachment":[{"href":"https:\/\/www.fontionnel.sk\/hu\/wp-json\/wp\/v2\/media?parent=6"}],"curies":[{"name":"wp","href":"https:\/\/api.w.org\/{rel}","templated":true}]}}