{"id":6908,"date":"2015-11-25T19:09:17","date_gmt":"2015-11-25T17:09:17","guid":{"rendered":"https:\/\/www.fontionnel.sk\/?page_id=6908"},"modified":"2016-07-16T22:37:57","modified_gmt":"2016-07-16T20:37:57","slug":"transferove-ocenovanie","status":"publish","type":"page","link":"https:\/\/www.fontionnel.sk\/hu\/slovak-transferove-ocenovanie\/","title":{"rendered":"(Slovak) Transferov\u00e9 oce\u0148ovanie"},"content":{"rendered":"<p class=\"qtranxs-available-languages-message qtranxs-available-languages-message-hu\">Sajnos ennek a bejegyz\u00e9snek csak <a href=\"https:\/\/www.fontionnel.sk\/sk\/wp-json\/wp\/v2\/pages\/6908\" class=\"qtranxs-available-language-link qtranxs-available-language-link-sk\" title=\"Slovak\">Slovak<\/a> \u00e9s <a href=\"https:\/\/www.fontionnel.sk\/cz\/wp-json\/wp\/v2\/pages\/6908\" class=\"qtranxs-available-language-link qtranxs-available-language-link-cz\" title=\"Czech\">Czech<\/a> nyelv\u0171 v\u00e1ltozata van.<\/p>","protected":false},"excerpt":{"rendered":"<p>Sajnos ennek a bejegyz\u00e9snek csak Slovak \u00e9s Czech nyelv\u0171 v\u00e1ltozata van.<\/p>\n","protected":false},"author":2,"featured_media":9022,"parent":0,"menu_order":0,"comment_status":"closed","ping_status":"closed","template":"sluzby.php","meta":{"footnotes":""},"class_list":["post-6908","page","type-page","status-publish","has-post-thumbnail","hentry"],"aioseo_notices":[],"_links":{"self":[{"href":"https:\/\/www.fontionnel.sk\/hu\/wp-json\/wp\/v2\/pages\/6908","targetHints":{"allow":["GET"]}}],"collection":[{"href":"https:\/\/www.fontionnel.sk\/hu\/wp-json\/wp\/v2\/pages"}],"about":[{"href":"https:\/\/www.fontionnel.sk\/hu\/wp-json\/wp\/v2\/types\/page"}],"author":[{"embeddable":true,"href":"https:\/\/www.fontionnel.sk\/hu\/wp-json\/wp\/v2\/users\/2"}],"replies":[{"embeddable":true,"href":"https:\/\/www.fontionnel.sk\/hu\/wp-json\/wp\/v2\/comments?post=6908"}],"version-history":[{"count":1,"href":"https:\/\/www.fontionnel.sk\/hu\/wp-json\/wp\/v2\/pages\/6908\/revisions"}],"predecessor-version":[{"id":6909,"href":"https:\/\/www.fontionnel.sk\/hu\/wp-json\/wp\/v2\/pages\/6908\/revisions\/6909"}],"wp:featuredmedia":[{"embeddable":true,"href":"https:\/\/www.fontionnel.sk\/hu\/wp-json\/wp\/v2\/media\/9022"}],"wp:attachment":[{"href":"https:\/\/www.fontionnel.sk\/hu\/wp-json\/wp\/v2\/media?parent=6908"}],"curies":[{"name":"wp","href":"https:\/\/api.w.org\/{rel}","templated":true}]}}