{"id":7049,"date":"2015-11-30T13:18:47","date_gmt":"2015-11-30T11:18:47","guid":{"rendered":"https:\/\/www.fontionnel.sk\/?page_id=7049"},"modified":"2017-02-14T11:47:32","modified_gmt":"2017-02-14T09:47:32","slug":"predaj-spolocnosti-2","status":"publish","type":"page","link":"https:\/\/www.fontionnel.sk\/hu\/cegeladas-4\/","title":{"rendered":"C\u00e9gelad\u00e1s"},"content":{"rendered":"<p><\/p>\n<h2>A c\u00e9gelad\u00e1st biztos\u00edtjuk a teljes EU keretein bel\u00fcl<\/h2>\n<p>A k\u00edn\u00e1latunk tartalmaz elad\u00f3, \u00fajonnan l\u00e9trehozott, un. ready-made t\u00e1rsas\u00e1gokat is (\u00c1FA fizet\u0151, nem \u00c1FA fizet\u0151). E t\u00e1rsas\u00e1gok nem v\u00e9geztek semmilyen gazdas\u00e1gi tev\u00e9kenys\u00e9get, \u00e9s olyan v\u00e1llalkoz\u00f3knak lettek l\u00e9trehozva, akiknek mindenk\u00e9ppen k\u00e9sz t\u00e1rsas\u00e1g v\u00e9tel\u00e9re van sz\u00fcks\u00e9g\u00fck, hogy gyorsabban elkezdhess\u00e9k a v\u00e1llalkoz\u00e1st. Egyszer\u0171en sz\u00f3llva nincs idej\u00fck az \u00faj t\u00e1rsas\u00e1g alap\u00edt\u00e1s\u00e1nak hosszadalmas elj\u00e1r\u00e1s\u00e1ra. A szolg\u00e1ltat\u00e1sainkat els\u0151dlegesen a Szlov\u00e1k K\u00f6zt\u00e1rsas\u00e1g, Cseh K\u00f6zt\u00e1rsas\u00e1g, Magyarorsz\u00e1g, Lengyelorsz\u00e1g, de N\u00e9metorsz\u00e1g, Belgium, Luxemburg \u00e9s Szingap\u00far ter\u00fclet\u00e9n is biztos\u00edtjuk.<\/p>\n<p>Tekintettel a FONTIONNEL t\u00e1rsas\u00e1g hossz\u00fat\u00e1v\u00fa m\u0171k\u00f6d\u00e9s\u00e9re, tudjuk \u00d6nnek a r\u00e9gebbi, sz\u00e1mviteli el\u0151zm\u00e9nyekkel rendelkez\u0151 c\u00e9gek elad\u00e1s\u00e1t is (\u00c1FA fizet\u0151, nem \u00c1FA fizet\u0151) biztos\u00edtani. Abban az esetben, ha nem szeretne c\u00e9get venni, hanem \u00e9ppen el szeretn\u00e9 azt adni, <u>c\u00e9gfelv\u00e1s\u00e1rl\u00e1si<\/u> szolg\u00e1ltat\u00e1st ny\u00fajtunk.\u00a0A szolg\u00e1ltat\u00e1sainkat m\u00e1r t\u00f6bb mint 2700 \u00fcgyf\u00e9l vette ig\u00e9nybe.\u00a0<a href=\"https:\/\/www.fontionnel.sk\/csapatunk\/\">A csapatunk<\/a>\u00a0k\u00f6zgazd\u00e1szokb\u00f3l \u00e9s \u00fcgyv\u00e9dekb\u0151l \u00e1ll. N\u00e9zze meg a <a href=\"https:\/\/www.fontionnel.sk\/referenciak\/\"><span style=\"text-decoration: underline;\">referenci\u00e1inkat<\/span><\/a>.\u00a0Hisz\u00fcnk benne, hogy a szolg\u00e1ltat\u00e1sainkkal \u00d6n is el\u00e9gedett lesz.<\/p>","protected":false},"excerpt":{"rendered":"<p>A c\u00e9gelad\u00e1st biztos\u00edtjuk a teljes EU keretein bel\u00fcl A k\u00edn\u00e1latunk tartalmaz elad\u00f3, \u00fajonnan l\u00e9trehozott, un. ready-made t\u00e1rsas\u00e1gokat is (\u00c1FA fizet\u0151,&#8230;<\/p>\n","protected":false},"author":2,"featured_media":9054,"parent":0,"menu_order":0,"comment_status":"closed","ping_status":"closed","template":"sluzby-rozcestnik.php","meta":{"footnotes":""},"class_list":["post-7049","page","type-page","status-publish","has-post-thumbnail","hentry"],"aioseo_notices":[],"_links":{"self":[{"href":"https:\/\/www.fontionnel.sk\/hu\/wp-json\/wp\/v2\/pages\/7049","targetHints":{"allow":["GET"]}}],"collection":[{"href":"https:\/\/www.fontionnel.sk\/hu\/wp-json\/wp\/v2\/pages"}],"about":[{"href":"https:\/\/www.fontionnel.sk\/hu\/wp-json\/wp\/v2\/types\/page"}],"author":[{"embeddable":true,"href":"https:\/\/www.fontionnel.sk\/hu\/wp-json\/wp\/v2\/users\/2"}],"replies":[{"embeddable":true,"href":"https:\/\/www.fontionnel.sk\/hu\/wp-json\/wp\/v2\/comments?post=7049"}],"version-history":[{"count":7,"href":"https:\/\/www.fontionnel.sk\/hu\/wp-json\/wp\/v2\/pages\/7049\/revisions"}],"predecessor-version":[{"id":9135,"href":"https:\/\/www.fontionnel.sk\/hu\/wp-json\/wp\/v2\/pages\/7049\/revisions\/9135"}],"wp:featuredmedia":[{"embeddable":true,"href":"https:\/\/www.fontionnel.sk\/hu\/wp-json\/wp\/v2\/media\/9054"}],"wp:attachment":[{"href":"https:\/\/www.fontionnel.sk\/hu\/wp-json\/wp\/v2\/media?parent=7049"}],"curies":[{"name":"wp","href":"https:\/\/api.w.org\/{rel}","templated":true}]}}